{"id":1086,"date":"2022-05-24T18:00:52","date_gmt":"2022-05-24T16:00:52","guid":{"rendered":"https:\/\/agora.xtec.cat\/cfasantjust\/?page_id=1086"},"modified":"2024-02-23T10:24:06","modified_gmt":"2024-02-23T09:24:06","slug":"acolliment-digital","status":"publish","type":"page","link":"https:\/\/agora.xtec.cat\/cfasantjust\/estrategia-digital-de-centre\/cultura-digital\/acolliment-digital\/","title":{"rendered":"Acolliment digital"},"content":{"rendered":"<p><strong>COMUNICACI\u00d3<\/strong>:<\/p>\n<ul>\n<li>Comunicaci\u00f3 escola-alumnat:\u00a0NODES, correu electr\u00f2nic i tel\u00e8fon (trucades i WhatsApp).<\/li>\n<li>Comunicaci\u00f3 alumnat-escola: correu electr\u00f2nic, tel\u00e8fon.<\/li>\n<li>Comunicaci\u00f3 escola-claustre: correu electr\u00f2nic i WhatsApp.<\/li>\n<\/ul>\n<p>&nbsp;<\/p>\n<p><img loading=\"lazy\" decoding=\"async\" class=\"alignleft\" src=\"https:\/\/1.bp.blogspot.com\/-LbOh7Wj0WrQ\/UzlfBT8NuvI\/AAAAAAAAAmk\/ZWCUadEycAU\/s1600\/UK-Anzeigen-Megafon.gif\" alt=\"PTT Sant Celoni: Sortim a la web de Sant Celoni!!\" width=\"201\" height=\"151\" \/><\/p>\n<p>&nbsp;<\/p>\n<p>&nbsp;<\/p>\n<p><strong><a href=\"https:\/\/docs.google.com\/document\/d\/1JaYMDpZuJ5PW-Zu7jaenEYQW5FW_eRnPWUELpg42b-I\/edit?usp=sharing\">Pla d&#8217;acollida digital<\/a><\/strong><\/p>\n","protected":false},"excerpt":{"rendered":"<p>COMUNICACI\u00d3: Comunicaci\u00f3 escola-alumnat:\u00a0NODES, correu electr\u00f2nic i tel\u00e8fon (trucades i WhatsApp). Comunicaci\u00f3 alumnat-escola: correu electr\u00f2nic, tel\u00e8fon. Comunicaci\u00f3 escola-claustre: correu electr\u00f2nic i WhatsApp. &nbsp; &nbsp; &nbsp; Pla d&#8217;acollida digital<\/p>\n","protected":false},"author":1,"featured_media":0,"parent":1029,"menu_order":0,"comment_status":"closed","ping_status":"closed","template":"page-templates\/side-menu.php","meta":{"_bbp_topic_count":0,"_bbp_reply_count":0,"_bbp_total_topic_count":0,"_bbp_total_reply_count":0,"_bbp_voice_count":0,"_bbp_anonymous_reply_count":0,"_bbp_topic_count_hidden":0,"_bbp_reply_count_hidden":0,"_bbp_forum_subforum_count":0,"site-sidebar-layout":"default","site-content-layout":"","ast-site-content-layout":"","site-content-style":"default","site-sidebar-style":"default","ast-global-header-display":"","ast-banner-title-visibility":"","ast-main-header-display":"","ast-hfb-above-header-display":"","ast-hfb-below-header-display":"","ast-hfb-mobile-header-display":"","site-post-title":"","ast-breadcrumbs-content":"","ast-featured-img":"","footer-sml-layout":"","theme-transparent-header-meta":"","adv-header-id-meta":"","stick-header-meta":"","header-above-stick-meta":"","header-main-stick-meta":"","header-below-stick-meta":"","astra-migrate-meta-layouts":"default","ast-page-background-enabled":"default","ast-page-background-meta":{"desktop":{"background-color":"var(--ast-global-color-4)","background-image":"","background-repeat":"repeat","background-position":"center center","background-size":"auto","background-attachment":"scroll","background-type":"","background-media":"","overlay-type":"","overlay-color":"","overlay-opacity":"","overlay-gradient":""},"tablet":{"background-color":"","background-image":"","background-repeat":"repeat","background-position":"center center","background-size":"auto","background-attachment":"scroll","background-type":"","background-media":"","overlay-type":"","overlay-color":"","overlay-opacity":"","overlay-gradient":""},"mobile":{"background-color":"","background-image":"","background-repeat":"repeat","background-position":"center center","background-size":"auto","background-attachment":"scroll","background-type":"","background-media":"","overlay-type":"","overlay-color":"","overlay-opacity":"","overlay-gradient":""}},"ast-content-background-meta":{"desktop":{"background-color":"var(--ast-global-color-5)","background-image":"","background-repeat":"repeat","background-position":"center center","background-size":"auto","background-attachment":"scroll","background-type":"","background-media":"","overlay-type":"","overlay-color":"","overlay-opacity":"","overlay-gradient":""},"tablet":{"background-color":"var(--ast-global-color-5)","background-image":"","background-repeat":"repeat","background-position":"center center","background-size":"auto","background-attachment":"scroll","background-type":"","background-media":"","overlay-type":"","overlay-color":"","overlay-opacity":"","overlay-gradient":""},"mobile":{"background-color":"var(--ast-global-color-5)","background-image":"","background-repeat":"repeat","background-position":"center center","background-size":"auto","background-attachment":"scroll","background-type":"","background-media":"","overlay-type":"","overlay-color":"","overlay-opacity":"","overlay-gradient":""}},"footnotes":""},"class_list":["post-1086","page","type-page","status-publish","hentry"],"post_mailing_queue_ids":[],"_links":{"self":[{"href":"https:\/\/agora.xtec.cat\/cfasantjust\/wp-json\/wp\/v2\/pages\/1086","targetHints":{"allow":["GET"]}}],"collection":[{"href":"https:\/\/agora.xtec.cat\/cfasantjust\/wp-json\/wp\/v2\/pages"}],"about":[{"href":"https:\/\/agora.xtec.cat\/cfasantjust\/wp-json\/wp\/v2\/types\/page"}],"author":[{"embeddable":true,"href":"https:\/\/agora.xtec.cat\/cfasantjust\/wp-json\/wp\/v2\/users\/1"}],"replies":[{"embeddable":true,"href":"https:\/\/agora.xtec.cat\/cfasantjust\/wp-json\/wp\/v2\/comments?post=1086"}],"version-history":[{"count":5,"href":"https:\/\/agora.xtec.cat\/cfasantjust\/wp-json\/wp\/v2\/pages\/1086\/revisions"}],"predecessor-version":[{"id":1648,"href":"https:\/\/agora.xtec.cat\/cfasantjust\/wp-json\/wp\/v2\/pages\/1086\/revisions\/1648"}],"up":[{"embeddable":true,"href":"https:\/\/agora.xtec.cat\/cfasantjust\/wp-json\/wp\/v2\/pages\/1029"}],"wp:attachment":[{"href":"https:\/\/agora.xtec.cat\/cfasantjust\/wp-json\/wp\/v2\/media?parent=1086"}],"curies":[{"name":"wp","href":"https:\/\/api.w.org\/{rel}","templated":true}]}}