{"id":1017,"date":"2022-03-31T17:48:30","date_gmt":"2022-03-31T15:48:30","guid":{"rendered":"https:\/\/agora.xtec.cat\/cfasantjust\/?page_id=1017"},"modified":"2024-09-03T10:56:03","modified_gmt":"2024-09-03T08:56:03","slug":"estrategia-digital-de-centre","status":"publish","type":"page","link":"https:\/\/agora.xtec.cat\/cfasantjust\/estrategia-digital-de-centre\/","title":{"rendered":"Estrat\u00e8gia digital de centre"},"content":{"rendered":"<p>L\u2019Estrat\u00e8gia Digital de Centre (EDC) \u00e9s un document que recull totes les accions que es realitzen en un centre, i les que es realitzaran a mitj\u00e0 termini, per aconseguir la m\u00e0xima compet\u00e8ncia digital de l\u2019alumnat, del professorat i del centre educatiu. Ha de tenir com a referent el Pla d\u2019educaci\u00f3 digital de Catalunya (PEDC), on s\u2019indica la necessitat d\u2019assolir la fita d\u2019una societat digitalment competent, fent \u00e8mfasi en l\u2019equitat i tenint en compte l\u2019evoluci\u00f3 del context social i tecnol\u00f2gic.<\/p>\n<p><a href=\"https:\/\/agora.xtec.cat\/cfasantjust\/el-centre\/estrategia-digital-de-centre\/attachment\/estrategia\/\" rel=\"attachment wp-att-1035\"><img loading=\"lazy\" decoding=\"async\" class=\"aligncenter wp-image-1035\" src=\"https:\/\/agora.xtec.cat\/cfasantjust\/wp-content\/uploads\/usu1093\/2022\/05\/Estrategia-300x232.jpg\" alt=\"\" width=\"541\" height=\"418\" srcset=\"https:\/\/agora.xtec.cat\/cfasantjust\/wp-content\/uploads\/usu1093\/2022\/05\/Estrategia-300x232.jpg 300w, https:\/\/agora.xtec.cat\/cfasantjust\/wp-content\/uploads\/usu1093\/2022\/05\/Estrategia.jpg 768w\" sizes=\"auto, (max-width: 541px) 100vw, 541px\" \/><\/a><\/p>\n<h5 class=\"CjVfdc\"><strong>OBJECTIUS DE L\u2019ESTRAT\u00c8GIA DIGITAL de CENTRE (EDC)<\/strong><\/h5>\n<ul>\n<li style=\"list-style-type: none;\">\n<ul class=\"n8H08c UVNKR\">\n<li class=\"TYR86d wXCUfe zfr3Q\" dir=\"ltr\">\n<p class=\"CDt4Ke zfr3Q\" dir=\"ltr\">Assegurar la compet\u00e8ncia digital de tot l\u2019alumnat.<\/p>\n<\/li>\n<li class=\"TYR86d wXCUfe zfr3Q\" dir=\"ltr\">\n<p class=\"CDt4Ke zfr3Q\" dir=\"ltr\">Aconseguir la integraci\u00f3 curricular de les TIC.<\/p>\n<\/li>\n<li class=\"TYR86d wXCUfe zfr3Q\" dir=\"ltr\">\n<p class=\"CDt4Ke zfr3Q\" dir=\"ltr\">Afavorir la inclusi\u00f3 digital de tota la comunitat educativa.<\/p>\n<\/li>\n<li class=\"TYR86d wXCUfe zfr3Q\" dir=\"ltr\">\n<p class=\"CDt4Ke zfr3Q\" dir=\"ltr\">Promoure la innovaci\u00f3 pedag\u00f2gica.<\/p>\n<\/li>\n<li class=\"TYR86d wXCUfe zfr3Q\" dir=\"ltr\">\n<p class=\"CDt4Ke zfr3Q\" dir=\"ltr\">Documentar l\u2019Estrat\u00e8gia Digital del Centre.<\/p>\n<\/li>\n<\/ul>\n<\/li>\n<\/ul>\n<p><a href=\"https:\/\/agora.xtec.cat\/cfasantjust\/el-centre\/estrategia-digital-de-centre\/diagnosi\/\" target=\"_blank\" rel=\"noopener\"><strong>Diagnosi <\/strong><\/a>\u00a0 \u00a0 \u00a0 \u00a0 \u00a0 \u00a0 \u00a0 \u00a0 \u00a0 \u00a0 \u00a0 \u00a0 \u00a0 \u00a0 \u00a0 \u00a0 \u00a0 \u00a0 \u00a0 \u00a0\u00a0<strong> <a href=\"https:\/\/agora.xtec.cat\/cfasantjust\/el-centre\/estrategia-digital-de-centre\/objectius\/\" target=\"_blank\" rel=\"noopener\">Objectius<\/a>\u00a0 \u00a0 \u00a0 \u00a0 \u00a0 \u00a0 \u00a0 \u00a0 \u00a0 \u00a0 \u00a0 \u00a0 \u00a0 \u00a0 \u00a0 \u00a0 \u00a0 \u00a0 \u00a0<a href=\"https:\/\/agora.xtec.cat\/cfasantjust\/el-centre\/estrategia-digital-de-centre\/estrategia-digital\/planificacio-i-seguiment\/\" target=\"_blank\" rel=\"noopener\">Planificaci\u00f3 i seguiment<\/a>\u00a0 \u00a0 \u00a0 \u00a0 \u00a0 \u00a0 \u00a0 \u00a0 \u00a0 \u00a0 \u00a0 \u00a0 \u00a0 \u00a0<a href=\"https:\/\/agora.xtec.cat\/cfasantjust\/el-centre\/estrategia-digital-de-centre\/avaluacio-i-millora\/\" target=\"_blank\" rel=\"noopener\">Avaluaci\u00f3 i millora<\/a><\/strong><\/p>\n","protected":false},"excerpt":{"rendered":"<p>L\u2019Estrat\u00e8gia Digital de Centre (EDC) \u00e9s un document que recull totes les accions que es realitzen en un centre, i les que es realitzaran a mitj\u00e0 termini, per aconseguir la m\u00e0xima compet\u00e8ncia digital de l\u2019alumnat, del professorat i del centre educatiu. Ha de tenir com a referent el Pla d\u2019educaci\u00f3 digital de Catalunya (PEDC), on [&hellip;]<\/p>\n","protected":false},"author":1,"featured_media":0,"parent":0,"menu_order":0,"comment_status":"closed","ping_status":"closed","template":"page-templates\/side-menu.php","meta":{"_bbp_topic_count":0,"_bbp_reply_count":0,"_bbp_total_topic_count":0,"_bbp_total_reply_count":0,"_bbp_voice_count":0,"_bbp_anonymous_reply_count":0,"_bbp_topic_count_hidden":0,"_bbp_reply_count_hidden":0,"_bbp_forum_subforum_count":0,"site-sidebar-layout":"default","site-content-layout":"","ast-site-content-layout":"","site-content-style":"default","site-sidebar-style":"default","ast-global-header-display":"","ast-banner-title-visibility":"","ast-main-header-display":"","ast-hfb-above-header-display":"","ast-hfb-below-header-display":"","ast-hfb-mobile-header-display":"","site-post-title":"","ast-breadcrumbs-content":"","ast-featured-img":"","footer-sml-layout":"","theme-transparent-header-meta":"","adv-header-id-meta":"","stick-header-meta":"","header-above-stick-meta":"","header-main-stick-meta":"","header-below-stick-meta":"","astra-migrate-meta-layouts":"default","ast-page-background-enabled":"default","ast-page-background-meta":{"desktop":{"background-color":"var(--ast-global-color-4)","background-image":"","background-repeat":"repeat","background-position":"center center","background-size":"auto","background-attachment":"scroll","background-type":"","background-media":"","overlay-type":"","overlay-color":"","overlay-opacity":"","overlay-gradient":""},"tablet":{"background-color":"","background-image":"","background-repeat":"repeat","background-position":"center center","background-size":"auto","background-attachment":"scroll","background-type":"","background-media":"","overlay-type":"","overlay-color":"","overlay-opacity":"","overlay-gradient":""},"mobile":{"background-color":"","background-image":"","background-repeat":"repeat","background-position":"center center","background-size":"auto","background-attachment":"scroll","background-type":"","background-media":"","overlay-type":"","overlay-color":"","overlay-opacity":"","overlay-gradient":""}},"ast-content-background-meta":{"desktop":{"background-color":"var(--ast-global-color-5)","background-image":"","background-repeat":"repeat","background-position":"center center","background-size":"auto","background-attachment":"scroll","background-type":"","background-media":"","overlay-type":"","overlay-color":"","overlay-opacity":"","overlay-gradient":""},"tablet":{"background-color":"var(--ast-global-color-5)","background-image":"","background-repeat":"repeat","background-position":"center center","background-size":"auto","background-attachment":"scroll","background-type":"","background-media":"","overlay-type":"","overlay-color":"","overlay-opacity":"","overlay-gradient":""},"mobile":{"background-color":"var(--ast-global-color-5)","background-image":"","background-repeat":"repeat","background-position":"center center","background-size":"auto","background-attachment":"scroll","background-type":"","background-media":"","overlay-type":"","overlay-color":"","overlay-opacity":"","overlay-gradient":""}},"footnotes":""},"class_list":["post-1017","page","type-page","status-publish","hentry"],"post_mailing_queue_ids":[],"_links":{"self":[{"href":"https:\/\/agora.xtec.cat\/cfasantjust\/wp-json\/wp\/v2\/pages\/1017","targetHints":{"allow":["GET"]}}],"collection":[{"href":"https:\/\/agora.xtec.cat\/cfasantjust\/wp-json\/wp\/v2\/pages"}],"about":[{"href":"https:\/\/agora.xtec.cat\/cfasantjust\/wp-json\/wp\/v2\/types\/page"}],"author":[{"embeddable":true,"href":"https:\/\/agora.xtec.cat\/cfasantjust\/wp-json\/wp\/v2\/users\/1"}],"replies":[{"embeddable":true,"href":"https:\/\/agora.xtec.cat\/cfasantjust\/wp-json\/wp\/v2\/comments?post=1017"}],"version-history":[{"count":3,"href":"https:\/\/agora.xtec.cat\/cfasantjust\/wp-json\/wp\/v2\/pages\/1017\/revisions"}],"predecessor-version":[{"id":1075,"href":"https:\/\/agora.xtec.cat\/cfasantjust\/wp-json\/wp\/v2\/pages\/1017\/revisions\/1075"}],"wp:attachment":[{"href":"https:\/\/agora.xtec.cat\/cfasantjust\/wp-json\/wp\/v2\/media?parent=1017"}],"curies":[{"name":"wp","href":"https:\/\/api.w.org\/{rel}","templated":true}]}}