{"id":759,"date":"2019-03-27T12:23:40","date_gmt":"2019-03-27T11:23:40","guid":{"rendered":"https:\/\/agora.xtec.cat\/cfasantjosep\/?page_id=759"},"modified":"2019-03-28T10:07:50","modified_gmt":"2019-03-28T09:07:50","slug":"requisits-dacces","status":"publish","type":"page","link":"https:\/\/agora.xtec.cat\/cfasantjosep\/preinscripcio-curs-2019-2020\/requisits-dacces\/","title":{"rendered":"Requisits d&#8217;acc\u00e9s"},"content":{"rendered":"<h4 id=\"FW_bloc_9c6b9575-55e7-11e4-aafa-000c29f68999_1\" class=\"FW_ancora\"><\/h4>\n<div class=\"FW_sArticleFoto\">\n<div class=\"FW_sEditPro\">\n<p>Amb car\u00e0cter general poden accedir als ensenyaments d&#8217;adults les persones que han complert els\u00a0<strong>18 anys<\/strong>\u00a0o b\u00e9 els compleixen durant l&#8217;any natural en qu\u00e8 inicien la formaci\u00f3.<\/p>\n<p>Tamb\u00e9 hi poden accedir les persones que compleixen com a m\u00ednim 16 anys l&#8217;any natural en qu\u00e8 inicien la formaci\u00f3 i es troben en alguna de les situacions seg\u00fcents:<\/p>\n<ul>\n<li>tenir\u00a0un contracte laboral que els impedeix assistir als centres educatius en r\u00e8gim ordinari,<\/li>\n<li>trobar-se en proc\u00e9s d&#8217;obtenir\u00a0un perm\u00eds de treball,<\/li>\n<li>ser esportista d&#8217;alt rendiment,<\/li>\n<li>haver cursat i superat un programa de formaci\u00f3 i inserci\u00f3 (PFI),<\/li>\n<li>voler\u00a0cursar la formaci\u00f3 per a les proves d&#8217;acc\u00e9s als cicles formatius de grau mitj\u00e0,<\/li>\n<li>participar al programa d&#8217;experi\u00e8ncia professional per a l&#8217;ocupaci\u00f3 juvenil a Catalunya &#8220;Joves per l&#8217;ocupaci\u00f3&#8221;.<\/li>\n<\/ul>\n<\/div>\n<\/div>\n","protected":false},"excerpt":{"rendered":"<p>Amb car\u00e0cter general poden accedir als ensenyaments d&#8217;adults les persones que han complert els\u00a018 anys\u00a0o b\u00e9 els compleixen durant l&#8217;any natural en qu\u00e8 inicien la formaci\u00f3.<br \/>\nTamb\u00e9 hi poden accedir les persones que compleixen com a m\u00ednim 16 anys l&#8217;any natural en qu\u00e8 inicien la formaci\u00f3&hellip;  <a href=\"https:\/\/agora.xtec.cat\/cfasantjosep\/preinscripcio-curs-2019-2020\/requisits-dacces\/\" title=\"Read Requisits d&#8217;acc\u00e9s\">Llegeix m\u00e9s\u00bb<\/a><\/p>\n","protected":false},"author":1,"featured_media":0,"parent":748,"menu_order":0,"comment_status":"closed","ping_status":"closed","template":"page-templates\/side-menu.php","meta":{"_bbp_topic_count":0,"_bbp_reply_count":0,"_bbp_total_topic_count":0,"_bbp_total_reply_count":0,"_bbp_voice_count":0,"_bbp_anonymous_reply_count":0,"_bbp_topic_count_hidden":0,"_bbp_reply_count_hidden":0,"_bbp_forum_subforum_count":0,"footnotes":""},"class_list":["post-759","page","type-page","status-publish","hentry"],"post_mailing_queue_ids":[],"_links":{"self":[{"href":"https:\/\/agora.xtec.cat\/cfasantjosep\/wp-json\/wp\/v2\/pages\/759","targetHints":{"allow":["GET"]}}],"collection":[{"href":"https:\/\/agora.xtec.cat\/cfasantjosep\/wp-json\/wp\/v2\/pages"}],"about":[{"href":"https:\/\/agora.xtec.cat\/cfasantjosep\/wp-json\/wp\/v2\/types\/page"}],"author":[{"embeddable":true,"href":"https:\/\/agora.xtec.cat\/cfasantjosep\/wp-json\/wp\/v2\/users\/1"}],"replies":[{"embeddable":true,"href":"https:\/\/agora.xtec.cat\/cfasantjosep\/wp-json\/wp\/v2\/comments?post=759"}],"version-history":[{"count":2,"href":"https:\/\/agora.xtec.cat\/cfasantjosep\/wp-json\/wp\/v2\/pages\/759\/revisions"}],"predecessor-version":[{"id":762,"href":"https:\/\/agora.xtec.cat\/cfasantjosep\/wp-json\/wp\/v2\/pages\/759\/revisions\/762"}],"up":[{"embeddable":true,"href":"https:\/\/agora.xtec.cat\/cfasantjosep\/wp-json\/wp\/v2\/pages\/748"}],"wp:attachment":[{"href":"https:\/\/agora.xtec.cat\/cfasantjosep\/wp-json\/wp\/v2\/media?parent=759"}],"curies":[{"name":"wp","href":"https:\/\/api.w.org\/{rel}","templated":true}]}}