{"id":748,"date":"2019-03-26T13:43:49","date_gmt":"2019-03-26T12:43:49","guid":{"rendered":"https:\/\/agora.xtec.cat\/cfasantjosep\/?page_id=748"},"modified":"2025-06-30T11:07:30","modified_gmt":"2025-06-30T09:07:30","slug":"preinscripcio-curs-2019-2020","status":"publish","type":"page","link":"https:\/\/agora.xtec.cat\/cfasantjosep\/preinscripcio-curs-2019-2020\/","title":{"rendered":"Preinscripci\u00f3 Curs 2025-2026"},"content":{"rendered":"<p>La preinscripci\u00f3 per al curs 2025-2026 es realitzar\u00e0 de forma presencial a l&#8217;escola per a tots els ensenyaments <strong>del 19 al 27 de juny de 2025. <\/strong>Si voleu fer la preinscripci\u00f3 a dist\u00e0ncia podeu consultar les indicacions m\u00e9s avall.<\/p>\n<h3 style=\"text-align: center;\"><span style=\"color: #003366;\">Preinscripci\u00f3 presencial a l&#8217;escola<\/span><\/h3>\n<p style=\"text-align: center;\"><span style=\"color: #996633;\"><span style=\"font-size: x-large;\"><b>Matins (del 19 al 27 de juny)<\/b><\/span><\/span><\/p>\n<p style=\"text-align: center;\"><strong><span style=\"color: #000000;\"><span style=\"font-size: large;\">De 10h a 13h<\/span><\/span><\/strong><\/p>\n<p style=\"text-align: center;\"><span style=\"color: #996633;\"><span style=\"font-size: x-large;\"><b>Tardes (dies 19, 25 i 26 de juny)<\/b><\/span><\/span><\/p>\n<p style=\"text-align: center;\"><strong><span style=\"color: #000000;\"><span style=\"font-size: large;\">De 16h a 19h<\/span><\/span><\/strong><\/p>\n<p>&nbsp;<\/p>\n<p><img loading=\"lazy\" decoding=\"async\" class=\"aligncenter wp-image-2052 size-large\" src=\"https:\/\/agora.xtec.cat\/cfasantjosep\/wp-content\/uploads\/usu1944\/2024\/05\/Cartell-preinscripcio-2-e1718633033563-1024x637.png\" alt=\"\" width=\"1024\" height=\"637\" srcset=\"https:\/\/agora.xtec.cat\/cfasantjosep\/wp-content\/uploads\/usu1944\/2024\/05\/Cartell-preinscripcio-2-e1718633033563-1024x637.png 1024w, https:\/\/agora.xtec.cat\/cfasantjosep\/wp-content\/uploads\/usu1944\/2024\/05\/Cartell-preinscripcio-2-e1718633033563-300x187.png 300w, https:\/\/agora.xtec.cat\/cfasantjosep\/wp-content\/uploads\/usu1944\/2024\/05\/Cartell-preinscripcio-2-e1718633033563-768x478.png 768w, https:\/\/agora.xtec.cat\/cfasantjosep\/wp-content\/uploads\/usu1944\/2024\/05\/Cartell-preinscripcio-2-e1718633033563.png 1080w\" sizes=\"auto, (max-width: 1024px) 100vw, 1024px\" \/><\/p>\n<h3><\/h3>\n<h3 style=\"text-align: center;\"><span style=\"color: #003366;\">Preinscripci\u00f3 a dist\u00e0ncia<\/span><\/h3>\n<p><span style=\"color: #996633;\"><span style=\"font-size: x-large;\"><b>Com es presenta la sol\u00b7licitud?<\/b><\/span><\/span><\/p>\n<ul>\n<li>\n<p align=\"JUSTIFY\"><span style=\"color: #000000;\"><span style=\"font-size: large;\">Omple la seg\u00fcent <\/span><strong><span style=\"font-size: large;\">SOL\u00b7LICITUD D&#8217;INSCRIPCI\u00d3<\/span><\/strong><span style=\"font-size: large;\">\u00a0del 19 al 27 de juny de 2025<\/span><\/span><span style=\"color: #000000;\">.<\/span><\/p>\n<\/li>\n<li>\n<p align=\"JUSTIFY\"><span style=\"color: #000000;\"><span style=\"font-size: large;\">Envia per correu electr\u00f2nic a <\/span><\/span><span style=\"color: #ff3300;\"><span style=\"font-size: large;\"><i>preinscripciocfasantjosep@gmail.com, <\/i><span style=\"color: #333333;\">la seg\u00fcent documentaci\u00f3<\/span><\/span><\/span><\/p>\n<ul>\n<li>\n<p align=\"JUSTIFY\"><span style=\"color: #000000;\"><span style=\"font-size: large;\">La sol\u00b7licitud signada en PDF.<\/span><\/span><\/p>\n<\/li>\n<li>\n<p align=\"JUSTIFY\"><span style=\"color: #000000;\"><span style=\"font-size: large;\">DNI, NIE o Passaport en PDF<\/span><\/span><\/p>\n<\/li>\n<li>\n<p align=\"JUSTIFY\"><span style=\"color: #000000;\"><span style=\"font-size: large;\">Foto tipus carnet. <\/span><\/span><\/p>\n<\/li>\n<li>\n<p align=\"JUSTIFY\"><span style=\"color: #000000;\"><span style=\"font-size: large;\">Altra documentaci\u00f3, si s\u2019escau, com per exemple certificat de notes del curs anterior en PDF<\/span><\/span><\/p>\n<\/li>\n<li><span style=\"color: #000000;\"><span style=\"font-size: large;\">Si l&#8217;alumne\/a \u00e9s menor d&#8217;edat a m\u00e9s caldr\u00e0: <strong>Llibre de fam\u00edlia <\/strong>o altres documents relatius a la filiaci\u00f3 i <\/span><\/span><span style=\"font-size: large;\"><strong>Consentiment del pare o mare o tutor\/a legal<\/strong> del menor <\/span><span style=\"font-size: large;\">(disponible en el mateix document de sol\u00b7licitud de preinscripci\u00f3).<\/span><\/li>\n<\/ul>\n<\/li>\n<\/ul>\n<p align=\"JUSTIFY\"><span style=\"color: #000000;\"><span style=\"font-size: large;\">Un cop annexada i enviada la documentaci\u00f3 <\/span><\/span><span style=\"color: #984806;\"><span style=\"font-size: large;\"><b>us enviarem un correu de confirmaci\u00f3<\/b><\/span><\/span> <span style=\"color: #000000;\"><span style=\"font-size: large;\">que servir\u00e0 de justificant de la recepci\u00f3 de la preinscripci\u00f3<\/span><\/span><span style=\"font-size: large;\">.<\/span><\/p>\n","protected":false},"excerpt":{"rendered":"<p>La preinscripci\u00f3 per al curs 2025-2026 es realitzar\u00e0 de forma presencial a l&#8217;escola per a tots els ensenyaments del 19 al 27 de juny de 2025. Si voleu fer la preinscripci\u00f3 a dist\u00e0ncia podeu consultar les indicacions m\u00e9s avall.<br \/>\nPreinscripci\u00f3 presencial a l&#8217;escola<br \/>\nMatins (del 19 al&hellip;  <a href=\"https:\/\/agora.xtec.cat\/cfasantjosep\/preinscripcio-curs-2019-2020\/\" title=\"Read Preinscripci\u00f3 Curs 2025-2026\">Llegeix m\u00e9s\u00bb<\/a><\/p>\n","protected":false},"author":1,"featured_media":0,"parent":0,"menu_order":0,"comment_status":"closed","ping_status":"closed","template":"page-templates\/side-menu.php","meta":{"_bbp_topic_count":0,"_bbp_reply_count":0,"_bbp_total_topic_count":0,"_bbp_total_reply_count":0,"_bbp_voice_count":0,"_bbp_anonymous_reply_count":0,"_bbp_topic_count_hidden":0,"_bbp_reply_count_hidden":0,"_bbp_forum_subforum_count":0,"footnotes":""},"class_list":["post-748","page","type-page","status-publish","hentry"],"post_mailing_queue_ids":[],"_links":{"self":[{"href":"https:\/\/agora.xtec.cat\/cfasantjosep\/wp-json\/wp\/v2\/pages\/748","targetHints":{"allow":["GET"]}}],"collection":[{"href":"https:\/\/agora.xtec.cat\/cfasantjosep\/wp-json\/wp\/v2\/pages"}],"about":[{"href":"https:\/\/agora.xtec.cat\/cfasantjosep\/wp-json\/wp\/v2\/types\/page"}],"author":[{"embeddable":true,"href":"https:\/\/agora.xtec.cat\/cfasantjosep\/wp-json\/wp\/v2\/users\/1"}],"replies":[{"embeddable":true,"href":"https:\/\/agora.xtec.cat\/cfasantjosep\/wp-json\/wp\/v2\/comments?post=748"}],"version-history":[{"count":7,"href":"https:\/\/agora.xtec.cat\/cfasantjosep\/wp-json\/wp\/v2\/pages\/748\/revisions"}],"predecessor-version":[{"id":2390,"href":"https:\/\/agora.xtec.cat\/cfasantjosep\/wp-json\/wp\/v2\/pages\/748\/revisions\/2390"}],"wp:attachment":[{"href":"https:\/\/agora.xtec.cat\/cfasantjosep\/wp-json\/wp\/v2\/media?parent=748"}],"curies":[{"name":"wp","href":"https:\/\/api.w.org\/{rel}","templated":true}]}}