{"id":574,"date":"2018-11-12T17:18:04","date_gmt":"2018-11-12T16:18:04","guid":{"rendered":"https:\/\/agora.xtec.cat\/cfasantjosep\/?page_id=574"},"modified":"2026-01-08T13:14:40","modified_gmt":"2026-01-08T12:14:40","slug":"centre-de-suport-de-lioc","status":"publish","type":"page","link":"https:\/\/agora.xtec.cat\/cfasantjosep\/serveis\/centre-de-suport-de-lioc\/","title":{"rendered":"Centre de suport de l&#8217;IOC"},"content":{"rendered":"<p>L&#8217;<a href=\"https:\/\/ioc.xtec.cat\/educacio\/index.php\">IOC<\/a> \u00e9s l&#8217;institut d&#8217;ensenyament a dist\u00e0ncia del Departament d\u2019Ensenyament que posa al teu abast una \u00e0mplia oferta formativa i et permet estudiar d\u2019una manera flexible i adaptada a les teves necessitats.<\/p>\n<p>El CFA Sant Josep \u00e9s un centre de suport acreditat per l&#8217;IOC per al Graduat en Educaci\u00f3 Secund\u00e0ria obligat\u00f2ria (<a href=\"https:\/\/ioc.xtec.cat\/educacio\/ges\">GES<\/a>), la titulaci\u00f3 b\u00e0sica equivalent a l&#8217;ESO que poden obtenir les persones\u00a0<span class=\"ioc-accent\">majors de 18 anys.\u00a0<\/span><\/p>\n<p>Els horaris d\u2019atenci\u00f3 a la tutoria de l\u2019IOC del curs 2025-2026\u00a0 s\u00f3n:<\/p>\n<h4 style=\"text-align: center;\"><strong>Dimarts i dijous<\/strong><\/h4>\n<h4 class=\"well\" style=\"text-align: center;\">MAT\u00cd: de 12h a 13h (Isaac)<\/h4>\n<h4 class=\"well\" style=\"text-align: center;\">TARDA: de de 15h a 16h (Roc\u00edo)<\/h4>\n<div class=\"well\" style=\"text-align: center;\"><\/div>\n<div class=\"well\" style=\"text-align: center;\"><strong>(Per a b\u00e9 de tothom agrair\u00edem respect\u00e9ssiu aquests horaris en el cas de voler parlar directament amb nosaltres, <\/strong><\/div>\n<div class=\"well\" style=\"text-align: center;\"><strong>doncs a m\u00e9s de ser les vostres tutores de l&#8217;IOC, impartim classes o realitzem gestions pel al centre)<\/strong><\/div>\n<div id=\"yui_3_17_2_1_1743078478727_4566\"><\/div>\n<div id=\"yui_3_17_2_1_1743078478727_4665\" class=\"editor-indent\">\n<div id=\"yui_3_17_2_1_1743078478727_4667\"><\/div>\n<\/div>\n<p>&nbsp;<\/p>\n<h2 style=\"text-align: center;\">PROPERA MATR\u00cdCULA<\/h2>\n<h3 style=\"text-align: center;\"><span style=\"color: #993300;\">TRIMESTRE DE PRIMAVERA 2026<\/span><\/h3>\n<h5 style=\"text-align: center;\"><span style=\"color: #ff9900;\">ALUMNAT NOU<\/span><\/h5>\n<p style=\"text-align: center;\">Preinscripci\u00f3 d&#8217;alumnes nous: <strong>2 &#8211; 6 febrer 2026<\/strong><\/p>\n<p style=\"text-align: center;\"><strong>Nota:<\/strong> Feta la preinscripci\u00f3 heu de trucar al vostre centre tutor per concertar la entrevista<\/p>\n<p style=\"text-align: center;\">Entrevistes per a la matr\u00edcula: <strong>3 &#8211; 9 febrer 2026<\/strong><\/p>\n<p style=\"text-align: center;\">Pagament: <strong>3 &#8211; 11 febrer 2026<\/strong><\/p>\n<p>&nbsp;<\/p>\n<h5 style=\"text-align: center;\"><span style=\"color: #ff9900;\">ALUMNAT ANTIC<\/span><\/h5>\n<p style=\"text-align: center;\">Matr\u00edcula: <strong>23 &#8211; 25 mar\u00e7 2026<\/strong><\/p>\n<p style=\"text-align: center;\">Pagament:<strong> 23 &#8211; 26 mar\u00e7 2026<\/strong><\/p>\n","protected":false},"excerpt":{"rendered":"<p>L&#8217;<a href=\"https:\/\/ioc.xtec.cat\/educacio\/index.php\">IOC<\/a> \u00e9s l&#8217;institut d&#8217;ensenyament a dist\u00e0ncia del Departament d\u2019Ensenyament que posa al teu abast una \u00e0mplia oferta formativa i et permet estudiar d\u2019una manera flexible i adaptada a les teves necessitats.<br \/>\nEl CFA Sant Josep \u00e9s un centre de suport acreditat per l&#8217;IOC per al&hellip;  <a href=\"https:\/\/agora.xtec.cat\/cfasantjosep\/serveis\/centre-de-suport-de-lioc\/\" title=\"Read Centre de suport de l&#8217;IOC\">Llegeix m\u00e9s\u00bb<\/a><\/p>\n","protected":false},"author":1,"featured_media":0,"parent":63,"menu_order":1,"comment_status":"closed","ping_status":"closed","template":"page-templates\/side-menu.php","meta":{"_bbp_topic_count":0,"_bbp_reply_count":0,"_bbp_total_topic_count":0,"_bbp_total_reply_count":0,"_bbp_voice_count":0,"_bbp_anonymous_reply_count":0,"_bbp_topic_count_hidden":0,"_bbp_reply_count_hidden":0,"_bbp_forum_subforum_count":0,"footnotes":""},"class_list":["post-574","page","type-page","status-publish","hentry"],"post_mailing_queue_ids":[],"_links":{"self":[{"href":"https:\/\/agora.xtec.cat\/cfasantjosep\/wp-json\/wp\/v2\/pages\/574","targetHints":{"allow":["GET"]}}],"collection":[{"href":"https:\/\/agora.xtec.cat\/cfasantjosep\/wp-json\/wp\/v2\/pages"}],"about":[{"href":"https:\/\/agora.xtec.cat\/cfasantjosep\/wp-json\/wp\/v2\/types\/page"}],"author":[{"embeddable":true,"href":"https:\/\/agora.xtec.cat\/cfasantjosep\/wp-json\/wp\/v2\/users\/1"}],"replies":[{"embeddable":true,"href":"https:\/\/agora.xtec.cat\/cfasantjosep\/wp-json\/wp\/v2\/comments?post=574"}],"version-history":[{"count":7,"href":"https:\/\/agora.xtec.cat\/cfasantjosep\/wp-json\/wp\/v2\/pages\/574\/revisions"}],"predecessor-version":[{"id":2496,"href":"https:\/\/agora.xtec.cat\/cfasantjosep\/wp-json\/wp\/v2\/pages\/574\/revisions\/2496"}],"up":[{"embeddable":true,"href":"https:\/\/agora.xtec.cat\/cfasantjosep\/wp-json\/wp\/v2\/pages\/63"}],"wp:attachment":[{"href":"https:\/\/agora.xtec.cat\/cfasantjosep\/wp-json\/wp\/v2\/media?parent=574"}],"curies":[{"name":"wp","href":"https:\/\/api.w.org\/{rel}","templated":true}]}}