{"id":551,"date":"2018-11-09T18:13:56","date_gmt":"2018-11-09T17:13:56","guid":{"rendered":"https:\/\/agora.xtec.cat\/cfasantjosep\/?page_id=551"},"modified":"2023-06-22T14:46:48","modified_gmt":"2023-06-22T12:46:48","slug":"biblioteca","status":"publish","type":"page","link":"https:\/\/agora.xtec.cat\/cfasantjosep\/serveis\/biblioteca\/","title":{"rendered":"Biblioteca"},"content":{"rendered":"<p><a href=\"https:\/\/xtec.gencat.cat\/ca\/projectes\/biblioteca\/epergam\/entorn-consulta\/formacio-adults\/\"><img loading=\"lazy\" decoding=\"async\" class=\"alignleft wp-image-1883 size-full\" src=\"https:\/\/agora.xtec.cat\/cfasantjosep\/wp-content\/uploads\/usu1944\/2023\/06\/logo-epergam-redo.png\" alt=\"\" width=\"200\" height=\"200\" srcset=\"https:\/\/agora.xtec.cat\/cfasantjosep\/wp-content\/uploads\/usu1944\/2023\/06\/logo-epergam-redo.png 200w, https:\/\/agora.xtec.cat\/cfasantjosep\/wp-content\/uploads\/usu1944\/2023\/06\/logo-epergam-redo-150x150.png 150w\" sizes=\"auto, (max-width: 200px) 100vw, 200px\" \/><\/a><\/p>\n<p>&nbsp;<\/p>\n<p>Consulta el <a href=\"https:\/\/xtec.gencat.cat\/ca\/projectes\/biblioteca\/epergam\/entorn-consulta\/formacio-adults\/\">cat\u00e0leg<\/a> de la Biblioteca del CFA Sant Josep<\/p>\n<p>&nbsp;<\/p>\n<p>&nbsp;<\/p>\n<p>&nbsp;<\/p>\n<p><span style=\"font-family: Tahoma, sans-serif;\"><span style=\"font-size: small;\">Serveis que ofereix la biblioteca del Centre:<\/span><\/span><\/p>\n<ul>\n<li><span style=\"font-family: Tahoma, sans-serif;\"><span style=\"font-size: small;\"><b>Orientaci\u00f3 a la lectura i pr\u00e9stec de llibres<\/b><\/span><\/span><\/li>\n<\/ul>\n<p align=\"justify\"><span style=\"font-family: Tahoma, sans-serif;\"><span style=\"font-size: small;\">Aquest servei d\u00f3na continu\u00eftat a la tasca que va iniciar la professora Asunci\u00f3n Esp\u00e1riz ja fa quatre cursos escolars amb l&#8217;organitzaci\u00f3 i manteniment de la biblioteca del centre.<\/span><\/span><\/p>\n<p align=\"justify\"><span style=\"font-family: Tahoma, sans-serif;\"><span style=\"font-size: small;\">L&#8217;Asun es va jubilar el gener de 2016 per\u00f2 continuar\u00e0 oferint el servei de biblioteca per tal que durant 6 hores a la setmana, els dimarts i dijous a la tarda i de 15:30h a 18:30h aquest espai estigui obert per poder fer les funcions que li s\u00f3n pr\u00f2pies, espai de lectura, recerca d&#8217;informaci\u00f3, realitzaci\u00f3 d&#8217;activitats i pr\u00e9stec de llibres. <\/span><\/span><\/p>\n<p align=\"justify\"><span style=\"font-family: Tahoma, sans-serif;\"><span style=\"font-size: small;\">La col\u00b7laboraci\u00f3 de l&#8217;Asun a la biblioteca amplia aquest servei amb el comprom\u00eds d&#8217;estimular i potenciar l\u2019habilitat lectora, fer acompanyament d&#8217;aquell alumnat que necessiti refor\u00e7ar la comprensi\u00f3 lectora per a millorar el coneixement de la llengua. <\/span><\/span><\/p>\n<p align=\"justify\"><span style=\"font-family: Tahoma, sans-serif;\"><span style=\"font-size: small;\">Tamb\u00e9 professorat del centre realitza tasques de manteniment i suport a la biblioteca.<\/span><\/span><\/p>\n<ul>\n<li><span style=\"font-family: Tahoma, sans-serif;\"><span style=\"font-size: small;\"><b>Club de lectura<\/b><\/span><\/span><\/li>\n<\/ul>\n<p align=\"justify\"><span style=\"font-family: Tahoma, sans-serif;\"><span style=\"font-size: small;\">Un grup d&#8217;alumnes i ex-alumnes del centre, coordinats pel professor Tom\u00e0s Callau, han obert un club de lectura amb l&#8217;objectiu de treballar la literatura amb comentaris dels textos llegits i la preparaci\u00f3 de la visita de l&#8217;autora sol\u00b7licitada en el marc del programa de foment de la lectura \u201cLletres a les aules\u201d.<\/span><\/span><\/p>\n<ul>\n<li>\n<p align=\"justify\"><span style=\"font-family: Tahoma, sans-serif;\"><span style=\"font-size: small;\"><b>Conversa de catal\u00e0<\/b><\/span><\/span><\/p>\n<p align=\"justify\"><span style=\"font-family: Tahoma, sans-serif;\"><span style=\"font-size: small;\">L&#8217;alumnat de l&#8217;ensenyament de llengua catalana de nivell 2 fan parelles ling\u00fc\u00edstiques i tamb\u00e9 grups de conversa amb alumnat voluntari d&#8217;altres ensenyaments de l&#8217;escola. Les trobades s\u00f3n setmanals.<\/span><\/span><\/p>\n<\/li>\n<\/ul>\n","protected":false},"excerpt":{"rendered":"<p><a href=\"https:\/\/xtec.gencat.cat\/ca\/projectes\/biblioteca\/epergam\/entorn-consulta\/formacio-adults\/\"><\/a><br \/>\n&nbsp;<br \/>\nConsulta el <a href=\"https:\/\/xtec.gencat.cat\/ca\/projectes\/biblioteca\/epergam\/entorn-consulta\/formacio-adults\/\">cat\u00e0leg<\/a> de la Biblioteca del CFA Sant Josep<br \/>\n&nbsp;<br \/>\n&nbsp;<br \/>\n&nbsp;<br \/>\nServeis que ofereix la biblioteca del Centre:<\/p>\n<ul>\n<li>Orientaci\u00f3 a la lectura i pr\u00e9stec de llibres<\/li>\n<\/ul>\n<p>Aquest servei d\u00f3na continu\u00eftat a la tasca que va iniciar la professora Asunci\u00f3n Esp\u00e1riz ja fa quatre cursos escolars amb l&#8217;organitzaci\u00f3&hellip;  <a href=\"https:\/\/agora.xtec.cat\/cfasantjosep\/serveis\/biblioteca\/\" title=\"Read Biblioteca\">Llegeix m\u00e9s\u00bb<\/a><\/p>\n","protected":false},"author":1,"featured_media":0,"parent":63,"menu_order":2,"comment_status":"closed","ping_status":"closed","template":"page-templates\/side-menu.php","meta":{"_bbp_topic_count":0,"_bbp_reply_count":0,"_bbp_total_topic_count":0,"_bbp_total_reply_count":0,"_bbp_voice_count":0,"_bbp_anonymous_reply_count":0,"_bbp_topic_count_hidden":0,"_bbp_reply_count_hidden":0,"_bbp_forum_subforum_count":0,"footnotes":""},"class_list":["post-551","page","type-page","status-publish","hentry"],"post_mailing_queue_ids":[],"_links":{"self":[{"href":"https:\/\/agora.xtec.cat\/cfasantjosep\/wp-json\/wp\/v2\/pages\/551","targetHints":{"allow":["GET"]}}],"collection":[{"href":"https:\/\/agora.xtec.cat\/cfasantjosep\/wp-json\/wp\/v2\/pages"}],"about":[{"href":"https:\/\/agora.xtec.cat\/cfasantjosep\/wp-json\/wp\/v2\/types\/page"}],"author":[{"embeddable":true,"href":"https:\/\/agora.xtec.cat\/cfasantjosep\/wp-json\/wp\/v2\/users\/1"}],"replies":[{"embeddable":true,"href":"https:\/\/agora.xtec.cat\/cfasantjosep\/wp-json\/wp\/v2\/comments?post=551"}],"version-history":[{"count":3,"href":"https:\/\/agora.xtec.cat\/cfasantjosep\/wp-json\/wp\/v2\/pages\/551\/revisions"}],"predecessor-version":[{"id":1899,"href":"https:\/\/agora.xtec.cat\/cfasantjosep\/wp-json\/wp\/v2\/pages\/551\/revisions\/1899"}],"up":[{"embeddable":true,"href":"https:\/\/agora.xtec.cat\/cfasantjosep\/wp-json\/wp\/v2\/pages\/63"}],"wp:attachment":[{"href":"https:\/\/agora.xtec.cat\/cfasantjosep\/wp-json\/wp\/v2\/media?parent=551"}],"curies":[{"name":"wp","href":"https:\/\/api.w.org\/{rel}","templated":true}]}}