{"id":519,"date":"2018-11-09T17:02:22","date_gmt":"2018-11-09T16:02:22","guid":{"rendered":"https:\/\/agora.xtec.cat\/cfasantjosep\/?page_id=519"},"modified":"2025-07-03T13:16:34","modified_gmt":"2025-07-03T11:16:34","slug":"curs-preparacio-prova-dacces-cicles-grau-mitja","status":"publish","type":"page","link":"https:\/\/agora.xtec.cat\/cfasantjosep\/horaris\/curs-preparacio-prova-dacces-cicles-grau-mitja\/","title":{"rendered":"Curs preparaci\u00f3 prova d&#8217;acc\u00e9s Cicles Grau Mitj\u00e0"},"content":{"rendered":"<p><strong>Curs de preparaci\u00f3 per a l&#8217;acc\u00e9s a Cicles de Grau Mitj\u00e0 (Curs 2025-2026)<\/strong><\/p>\n<h4><span style=\"color: #000000;\">De dilluns a dijous, de 9:30h a 13:30h<\/span><\/h4>\n<p>&nbsp;<\/p>\n","protected":false},"excerpt":{"rendered":"<p>Curs de preparaci\u00f3 per a l&#8217;acc\u00e9s a Cicles de Grau Mitj\u00e0 (Curs 2025-2026)<br \/>\nDe dilluns a dijous, de 9:30h a 13:30h<br \/>\n&nbsp;<\/p>\n","protected":false},"author":1,"featured_media":0,"parent":495,"menu_order":6,"comment_status":"closed","ping_status":"closed","template":"","meta":{"_bbp_topic_count":0,"_bbp_reply_count":0,"_bbp_total_topic_count":0,"_bbp_total_reply_count":0,"_bbp_voice_count":0,"_bbp_anonymous_reply_count":0,"_bbp_topic_count_hidden":0,"_bbp_reply_count_hidden":0,"_bbp_forum_subforum_count":0,"footnotes":""},"class_list":["post-519","page","type-page","status-publish","hentry"],"post_mailing_queue_ids":[],"_links":{"self":[{"href":"https:\/\/agora.xtec.cat\/cfasantjosep\/wp-json\/wp\/v2\/pages\/519","targetHints":{"allow":["GET"]}}],"collection":[{"href":"https:\/\/agora.xtec.cat\/cfasantjosep\/wp-json\/wp\/v2\/pages"}],"about":[{"href":"https:\/\/agora.xtec.cat\/cfasantjosep\/wp-json\/wp\/v2\/types\/page"}],"author":[{"embeddable":true,"href":"https:\/\/agora.xtec.cat\/cfasantjosep\/wp-json\/wp\/v2\/users\/1"}],"replies":[{"embeddable":true,"href":"https:\/\/agora.xtec.cat\/cfasantjosep\/wp-json\/wp\/v2\/comments?post=519"}],"version-history":[{"count":7,"href":"https:\/\/agora.xtec.cat\/cfasantjosep\/wp-json\/wp\/v2\/pages\/519\/revisions"}],"predecessor-version":[{"id":2399,"href":"https:\/\/agora.xtec.cat\/cfasantjosep\/wp-json\/wp\/v2\/pages\/519\/revisions\/2399"}],"up":[{"embeddable":true,"href":"https:\/\/agora.xtec.cat\/cfasantjosep\/wp-json\/wp\/v2\/pages\/495"}],"wp:attachment":[{"href":"https:\/\/agora.xtec.cat\/cfasantjosep\/wp-json\/wp\/v2\/media?parent=519"}],"curies":[{"name":"wp","href":"https:\/\/api.w.org\/{rel}","templated":true}]}}