{"id":39,"date":"2018-11-08T13:40:44","date_gmt":"2018-11-08T12:40:44","guid":{"rendered":"http:\/\/agora.xtec.cat\/cfasantjosep\/?page_id=39"},"modified":"2018-11-08T14:57:10","modified_gmt":"2018-11-08T13:57:10","slug":"instal%c2%b7lacions","status":"publish","type":"page","link":"https:\/\/agora.xtec.cat\/cfasantjosep\/el-centre\/instal%c2%b7lacions\/","title":{"rendered":"Instal\u00b7lacions"},"content":{"rendered":"<p style=\"text-align: left;\">L\u2019edifici est\u00e0 ubicat al carrer Mare de D\u00e9u de la Merc\u00e8 n\u00fam. 20. Forma part del Casal d\u2019Entitats Sant Josep de l\u2019Ajuntament de L\u2019Hospitalet. L\u2019escola ocupa la primera i segona planta de l\u2019edifici i una aula a la tercera planta. Les altres entitats s\u00f3n Normalitzaci\u00f3 Ling\u00fc\u00edstica de L\u2019Hospitalet,\u00a0la Comissi\u00f3 de Festes Sant Josep, i l&#8217;associaci\u00f3 \u201cAmics dels bonsai\u201d.<\/p>\n<p>A la planta baixa hi ha una sala d\u2019actes que es gestiona des de la regiduria del Districte I. Actualment hi fan activitats de manera sistem\u00e0tica altres entitats del municipi. L&#8217;escola tamb\u00e9 gaudeix de manera espor\u00e0dica d&#8217;aquest espai per la celebraci\u00f3 de la Festa de Nadal i la de Sant Jordi.<\/p>\n<p>La disposici\u00f3 de les aules de l\u2019escola \u00e9s la seg\u00fcent:<\/p>\n<ul>\n<li><strong>Primera planta<\/strong>: secretaria, sala de professorat, aula d&#8217;inform\u00e0tica i 3 aules.<\/li>\n<li><strong>Segona planta<\/strong>: La Biblioteca i 3 aules m\u00e9s.<\/li>\n<\/ul>\n","protected":false},"excerpt":{"rendered":"<p>L\u2019edifici est\u00e0 ubicat al carrer Mare de D\u00e9u de la Merc\u00e8 n\u00fam. 20. Forma part del Casal d\u2019Entitats Sant Josep de l\u2019Ajuntament de L\u2019Hospitalet. L\u2019escola ocupa la primera i segona planta de l\u2019edifici i una aula a la tercera planta. Les altres entitats s\u00f3n Normalitzaci\u00f3&hellip;  <a href=\"https:\/\/agora.xtec.cat\/cfasantjosep\/el-centre\/instal%c2%b7lacions\/\" title=\"Read Instal\u00b7lacions\">Llegeix m\u00e9s\u00bb<\/a><\/p>\n","protected":false},"author":1,"featured_media":0,"parent":261,"menu_order":30,"comment_status":"closed","ping_status":"closed","template":"page-templates\/side-menu.php","meta":{"_bbp_topic_count":0,"_bbp_reply_count":0,"_bbp_total_topic_count":0,"_bbp_total_reply_count":0,"_bbp_voice_count":0,"_bbp_anonymous_reply_count":0,"_bbp_topic_count_hidden":0,"_bbp_reply_count_hidden":0,"_bbp_forum_subforum_count":0,"footnotes":""},"class_list":["post-39","page","type-page","status-publish","hentry"],"post_mailing_queue_ids":[],"_links":{"self":[{"href":"https:\/\/agora.xtec.cat\/cfasantjosep\/wp-json\/wp\/v2\/pages\/39","targetHints":{"allow":["GET"]}}],"collection":[{"href":"https:\/\/agora.xtec.cat\/cfasantjosep\/wp-json\/wp\/v2\/pages"}],"about":[{"href":"https:\/\/agora.xtec.cat\/cfasantjosep\/wp-json\/wp\/v2\/types\/page"}],"author":[{"embeddable":true,"href":"https:\/\/agora.xtec.cat\/cfasantjosep\/wp-json\/wp\/v2\/users\/1"}],"replies":[{"embeddable":true,"href":"https:\/\/agora.xtec.cat\/cfasantjosep\/wp-json\/wp\/v2\/comments?post=39"}],"version-history":[{"count":3,"href":"https:\/\/agora.xtec.cat\/cfasantjosep\/wp-json\/wp\/v2\/pages\/39\/revisions"}],"predecessor-version":[{"id":460,"href":"https:\/\/agora.xtec.cat\/cfasantjosep\/wp-json\/wp\/v2\/pages\/39\/revisions\/460"}],"up":[{"embeddable":true,"href":"https:\/\/agora.xtec.cat\/cfasantjosep\/wp-json\/wp\/v2\/pages\/261"}],"wp:attachment":[{"href":"https:\/\/agora.xtec.cat\/cfasantjosep\/wp-json\/wp\/v2\/media?parent=39"}],"curies":[{"name":"wp","href":"https:\/\/api.w.org\/{rel}","templated":true}]}}