{"id":318,"date":"2018-11-09T11:29:47","date_gmt":"2018-11-09T10:29:47","guid":{"rendered":"http:\/\/agora.xtec.cat\/cfasantjosep\/?page_id=318"},"modified":"2022-07-15T10:59:21","modified_gmt":"2022-07-15T08:59:21","slug":"a-cicles-formatius-de-grau-mitja","status":"publish","type":"page","link":"https:\/\/agora.xtec.cat\/cfasantjosep\/ensenyaments\/a-cicles-formatius-de-grau-mitja\/","title":{"rendered":"Acc\u00e9s a cicles formatius de grau mitj\u00e0"},"content":{"rendered":"<p>Aquests estudis preparen per presentar-se a les proves d&#8217;acc\u00e9s als cicles de grau mitj\u00e0 de formaci\u00f3 professional, d&#8217;arts pl\u00e0stiques i disseny, i d&#8217;ensenyaments esportius.<\/p>\n<p>La durada m\u00ednima per a la preparaci\u00f3 de les proves d&#8217;acc\u00e9s a grau mitj\u00e0 \u00e9s de 330 hores.<\/p>\n<p><strong>Continguts<\/strong><\/p>\n<ul>\n<li>compet\u00e8ncia en llengua catalana i castellana<\/li>\n<li>compet\u00e8ncia en llengua estrangera<\/li>\n<li>compet\u00e8ncia social i ciutadana<\/li>\n<li>compet\u00e8ncia matem\u00e0tica<\/li>\n<li>compet\u00e8ncia d&#8217;interacci\u00f3 amb el m\u00f3n f\u00edsic<\/li>\n<li>compet\u00e8ncia en tecnologies<\/li>\n<\/ul>\n","protected":false},"excerpt":{"rendered":"<p>Aquests estudis preparen per presentar-se a les proves d&#8217;acc\u00e9s als cicles de grau mitj\u00e0 de formaci\u00f3 professional, d&#8217;arts pl\u00e0stiques i disseny, i d&#8217;ensenyaments esportius.<br \/>\nLa durada m\u00ednima per a la preparaci\u00f3 de les proves d&#8217;acc\u00e9s a grau mitj\u00e0 \u00e9s de 330 hores.<br \/>\nContinguts<\/p>\n<ul>\n<li>compet\u00e8ncia en llengua catalana i&hellip;  <a href=\"https:\/\/agora.xtec.cat\/cfasantjosep\/ensenyaments\/a-cicles-formatius-de-grau-mitja\/\" title=\"Read Acc\u00e9s a cicles formatius de grau mitj\u00e0\">Llegeix m\u00e9s\u00bb<\/a><br \/>\n","protected":false},"author":1,"featured_media":0,"parent":274,"menu_order":6,"comment_status":"closed","ping_status":"closed","template":"page-templates\/side-menu.php","meta":{"_bbp_topic_count":0,"_bbp_reply_count":0,"_bbp_total_topic_count":0,"_bbp_total_reply_count":0,"_bbp_voice_count":0,"_bbp_anonymous_reply_count":0,"_bbp_topic_count_hidden":0,"_bbp_reply_count_hidden":0,"_bbp_forum_subforum_count":0,"footnotes":""},"class_list":["post-318","page","type-page","status-publish","hentry"],"post_mailing_queue_ids":[],"_links":{"self":[{"href":"https:\/\/agora.xtec.cat\/cfasantjosep\/wp-json\/wp\/v2\/pages\/318","targetHints":{"allow":["GET"]}}],"collection":[{"href":"https:\/\/agora.xtec.cat\/cfasantjosep\/wp-json\/wp\/v2\/pages"}],"about":[{"href":"https:\/\/agora.xtec.cat\/cfasantjosep\/wp-json\/wp\/v2\/types\/page"}],"author":[{"embeddable":true,"href":"https:\/\/agora.xtec.cat\/cfasantjosep\/wp-json\/wp\/v2\/users\/1"}],"replies":[{"embeddable":true,"href":"https:\/\/agora.xtec.cat\/cfasantjosep\/wp-json\/wp\/v2\/comments?post=318"}],"version-history":[{"count":2,"href":"https:\/\/agora.xtec.cat\/cfasantjosep\/wp-json\/wp\/v2\/pages\/318\/revisions"}],"predecessor-version":[{"id":542,"href":"https:\/\/agora.xtec.cat\/cfasantjosep\/wp-json\/wp\/v2\/pages\/318\/revisions\/542"}],"up":[{"embeddable":true,"href":"https:\/\/agora.xtec.cat\/cfasantjosep\/wp-json\/wp\/v2\/pages\/274"}],"wp:attachment":[{"href":"https:\/\/agora.xtec.cat\/cfasantjosep\/wp-json\/wp\/v2\/media?parent=318"}],"curies":[{"name":"wp","href":"https:\/\/api.w.org\/{rel}","templated":true}]}}