{"id":303,"date":"2018-11-09T11:15:05","date_gmt":"2018-11-09T10:15:05","guid":{"rendered":"http:\/\/agora.xtec.cat\/cfasantjosep\/?page_id=303"},"modified":"2025-05-20T13:47:32","modified_gmt":"2025-05-20T11:47:32","slug":"graduat-en-educacio-secundaria-per-adults","status":"publish","type":"page","link":"https:\/\/agora.xtec.cat\/cfasantjosep\/ensenyaments\/graduat-en-educacio-secundaria-per-adults\/","title":{"rendered":"Graduat en educaci\u00f3 secundaria (GESO)"},"content":{"rendered":"<p>Aquests estudis permeten completar els ensenyaments b\u00e0sics i obtenir el t\u00edtol de graduat o graduada en educaci\u00f3 secund\u00e0ria obligat\u00f2ria (GESO).<\/p>\n<ul>\n<li>Continguts<\/li>\n<\/ul>\n<p>Els ensenyaments per a l\u2019obtenci\u00f3 del t\u00edtol de graduat o graduada en educaci\u00f3 secund\u00e0ria obligat\u00f2ria per a les persones adultes consisteixen en 34 m\u00f2duls amb una c\u00e0rrega lectiva de 35 hores per m\u00f2dul. La durada d\u2019aquests estudis \u00e9s de 1.190 hores. Els m\u00f2duls que estan relacionats amb l&#8217;\u00e0mbit de la comunicaci\u00f3, el cientificotenol\u00f2gic i el social es distribueixen en dos nivells:<\/p>\n<p><strong>M\u00f2duls del nivell I (1r curs):<\/strong><\/p>\n<ol>\n<li><strong>\u00c0mbit de la comunicaci\u00f3:\u00a0<\/strong>\n<ul>\n<li>Literatura<\/li>\n<li>Llengua catalana I<\/li>\n<li>Llengua castellana I<\/li>\n<li>Llengua estrangera I<\/li>\n<li>Llengua catalana II<\/li>\n<li>Llengua castellana II<\/li>\n<\/ul>\n<\/li>\n<li><strong>\u00c0mbit cientificotecnol\u00f2gic:<\/strong>\n<ul>\n<li>Matem\u00e0tiques<\/li>\n<li>Matem\u00e0tiques II<\/li>\n<li>F\u00edsica i qu\u00edmica I<\/li>\n<li>Ci\u00e8ncies naturals<\/li>\n<li>Educaci\u00f3 per a la salut<\/li>\n<\/ul>\n<\/li>\n<li><strong>\u00c0mbit social:<\/strong>\n<ul>\n<li>Ci\u00e8ncies socials I i educaci\u00f3 per a la ciutadania<\/li>\n<li>Geografia I<\/li>\n<li>Hist\u00f2ria I<\/li>\n<\/ul>\n<\/li>\n<\/ol>\n<p>&nbsp;<\/p>\n<p><strong>M\u00f2duls del nivell II (2n curs):<\/strong><\/p>\n<ol>\n<li><strong>\u00c0mbit de la comunicaci\u00f3:\u00a0<\/strong>\n<ul>\n<li>Llengua catalana III<\/li>\n<li>Llengua castellana III<\/li>\n<li>Llengua estrangera II<\/li>\n<li>Llengua\u00a0estrangera III<\/li>\n<li>Literatua catalana<\/li>\n<li>Literatura castellana<\/li>\n<\/ul>\n<\/li>\n<li><strong>\u00c0mbit cientificotecnol\u00f2gic:<\/strong>\n<ul>\n<li>Matem\u00e0tiques III<\/li>\n<li>Matem\u00e0tiques IV<\/li>\n<li>F\u00edsica i qu\u00edmica II<\/li>\n<li>Biologia i geologia<\/li>\n<li>Tecnologia<\/li>\n<\/ul>\n<\/li>\n<li><strong>\u00c0mbit social:<\/strong>\n<ul>\n<li>\n<div>Ci\u00e8ncies socials II i moviments migratoris<\/div>\n<\/li>\n<li>Geografia II<\/li>\n<li>Hist\u00f2ria II<\/li>\n<\/ul>\n<\/li>\n<\/ol>\n<p><strong>M\u00f2duls\u00a0opcionals que ofereix l&#8217;escola:<\/strong><\/p>\n<ol>\n<li><strong>\u00c0mbit de la comunicaci\u00f3:\u00a0<\/strong>\n<ul>\n<li>Llengua estrangera 0<\/li>\n<li>Taller d&#8217;escriptura creativa<\/li>\n<\/ul>\n<\/li>\n<li><strong>\u00c0mbit cientificotecnol\u00f2gic:<\/strong>\n<ul>\n<li>Matem\u00e0tiques inicials<\/li>\n<li>Tecnologies de la informaci\u00f3 i la comunicaci\u00f3<\/li>\n<li>Les finances personals i l&#8217;elaboraci\u00f3 d&#8217;un pressupost<\/li>\n<\/ul>\n<\/li>\n<li><strong>\u00c0mbit social:<\/strong>\n<ul>\n<li>Viatjar per Catalunya<\/li>\n<\/ul>\n<\/li>\n<\/ol>\n<p>&nbsp;<\/p>\n","protected":false},"excerpt":{"rendered":"<p>Aquests estudis permeten completar els ensenyaments b\u00e0sics i obtenir el t\u00edtol de graduat o graduada en educaci\u00f3 secund\u00e0ria obligat\u00f2ria (GESO).<\/p>\n<ul>\n<li>Continguts<\/li>\n<\/ul>\n<p>Els ensenyaments per a l\u2019obtenci\u00f3 del t\u00edtol de graduat o graduada en educaci\u00f3 secund\u00e0ria obligat\u00f2ria per a les persones adultes consisteixen en 34 m\u00f2duls amb una&hellip;  <a href=\"https:\/\/agora.xtec.cat\/cfasantjosep\/ensenyaments\/graduat-en-educacio-secundaria-per-adults\/\" title=\"Read Graduat en educaci\u00f3 secundaria (GESO)\">Llegeix m\u00e9s\u00bb<\/a><\/p>\n","protected":false},"author":1,"featured_media":0,"parent":274,"menu_order":1,"comment_status":"closed","ping_status":"closed","template":"page-templates\/side-menu.php","meta":{"_bbp_topic_count":0,"_bbp_reply_count":0,"_bbp_total_topic_count":0,"_bbp_total_reply_count":0,"_bbp_voice_count":0,"_bbp_anonymous_reply_count":0,"_bbp_topic_count_hidden":0,"_bbp_reply_count_hidden":0,"_bbp_forum_subforum_count":0,"footnotes":""},"class_list":["post-303","page","type-page","status-publish","hentry"],"post_mailing_queue_ids":[],"_links":{"self":[{"href":"https:\/\/agora.xtec.cat\/cfasantjosep\/wp-json\/wp\/v2\/pages\/303","targetHints":{"allow":["GET"]}}],"collection":[{"href":"https:\/\/agora.xtec.cat\/cfasantjosep\/wp-json\/wp\/v2\/pages"}],"about":[{"href":"https:\/\/agora.xtec.cat\/cfasantjosep\/wp-json\/wp\/v2\/types\/page"}],"author":[{"embeddable":true,"href":"https:\/\/agora.xtec.cat\/cfasantjosep\/wp-json\/wp\/v2\/users\/1"}],"replies":[{"embeddable":true,"href":"https:\/\/agora.xtec.cat\/cfasantjosep\/wp-json\/wp\/v2\/comments?post=303"}],"version-history":[{"count":5,"href":"https:\/\/agora.xtec.cat\/cfasantjosep\/wp-json\/wp\/v2\/pages\/303\/revisions"}],"predecessor-version":[{"id":2346,"href":"https:\/\/agora.xtec.cat\/cfasantjosep\/wp-json\/wp\/v2\/pages\/303\/revisions\/2346"}],"up":[{"embeddable":true,"href":"https:\/\/agora.xtec.cat\/cfasantjosep\/wp-json\/wp\/v2\/pages\/274"}],"wp:attachment":[{"href":"https:\/\/agora.xtec.cat\/cfasantjosep\/wp-json\/wp\/v2\/media?parent=303"}],"curies":[{"name":"wp","href":"https:\/\/api.w.org\/{rel}","templated":true}]}}