{"id":301,"date":"2018-11-09T11:06:46","date_gmt":"2018-11-09T10:06:46","guid":{"rendered":"http:\/\/agora.xtec.cat\/cfasantjosep\/?page_id=301"},"modified":"2023-06-20T10:58:02","modified_gmt":"2023-06-20T08:58:02","slug":"formacio-instrumental","status":"publish","type":"page","link":"https:\/\/agora.xtec.cat\/cfasantjosep\/ensenyaments\/formacio-instrumental\/","title":{"rendered":"Formaci\u00f3 instrumental"},"content":{"rendered":"<p>La formaci\u00f3 instrumental \u00e9s una nova oportunitat d\u2019aprenentatge per a les persones adultes perqu\u00e8 proporciona els mitjans per a l\u2019adquisici\u00f3 de les compet\u00e8ncies, destreses i capacitats que contribueixen a l\u2019actualitzaci\u00f3 de les compet\u00e8ncies clau, facilitant el desenvolupament i l\u2019autonomia personals i acad\u00e8miques, la integraci\u00f3 social i l\u2019acc\u00e9s al m\u00f3n laboral.<\/p>\n<p>L\u2019actualitzaci\u00f3 del curr\u00edculum de formaci\u00f3 instrumental \u00e9s necess\u00e0ria per adaptar aquests ensenyaments als nous paradigmes educatius i a les necessitats educatives emergents en el context del m\u00f3n actual, globalitzat, digitalitzat i en evoluci\u00f3 constant, tot garantint l\u2019atenci\u00f3 educativa en el marc d\u2019un sistema educatiu inclusiu i coeducatiu.<\/p>\n<div style=\"width: 100%;\">\n<div style=\"position: relative; padding-bottom: 56.25%; padding-top: 0; height: 0;\"><iframe loading=\"lazy\" style=\"position: absolute; top: 0; left: 0; width: 100%; height: 100%;\" title=\"Nou curr\u00edculum CFI\" src=\"https:\/\/view.genial.ly\/620d36507be96700112888b6\" width=\"1200px\" height=\"675px\" frameborder=\"0\" scrolling=\"yes\" allowfullscreen=\"allowfullscreen\" data-mce-fragment=\"1\"><\/iframe><\/div>\n<\/div>\n<p>&nbsp;<\/p>\n<p><strong>El CFA Sant Josep ofereix el primer i el segon nivell de Formaci\u00f3 Instrumental.<\/strong><\/p>\n","protected":false},"excerpt":{"rendered":"<p>La formaci\u00f3 instrumental \u00e9s una nova oportunitat d\u2019aprenentatge per a les persones adultes perqu\u00e8 proporciona els mitjans per a l\u2019adquisici\u00f3 de les compet\u00e8ncies, destreses i capacitats que contribueixen a l\u2019actualitzaci\u00f3 de les compet\u00e8ncies clau, facilitant el desenvolupament i l\u2019autonomia personals i acad\u00e8miques, la integraci\u00f3 social&hellip;  <a href=\"https:\/\/agora.xtec.cat\/cfasantjosep\/ensenyaments\/formacio-instrumental\/\" title=\"Read Formaci\u00f3 instrumental\">Llegeix m\u00e9s\u00bb<\/a><\/p>\n","protected":false},"author":1,"featured_media":0,"parent":274,"menu_order":2,"comment_status":"closed","ping_status":"closed","template":"page-templates\/side-menu.php","meta":{"_bbp_topic_count":0,"_bbp_reply_count":0,"_bbp_total_topic_count":0,"_bbp_total_reply_count":0,"_bbp_voice_count":0,"_bbp_anonymous_reply_count":0,"_bbp_topic_count_hidden":0,"_bbp_reply_count_hidden":0,"_bbp_forum_subforum_count":0,"footnotes":""},"class_list":["post-301","page","type-page","status-publish","hentry"],"post_mailing_queue_ids":[],"_links":{"self":[{"href":"https:\/\/agora.xtec.cat\/cfasantjosep\/wp-json\/wp\/v2\/pages\/301","targetHints":{"allow":["GET"]}}],"collection":[{"href":"https:\/\/agora.xtec.cat\/cfasantjosep\/wp-json\/wp\/v2\/pages"}],"about":[{"href":"https:\/\/agora.xtec.cat\/cfasantjosep\/wp-json\/wp\/v2\/types\/page"}],"author":[{"embeddable":true,"href":"https:\/\/agora.xtec.cat\/cfasantjosep\/wp-json\/wp\/v2\/users\/1"}],"replies":[{"embeddable":true,"href":"https:\/\/agora.xtec.cat\/cfasantjosep\/wp-json\/wp\/v2\/comments?post=301"}],"version-history":[{"count":3,"href":"https:\/\/agora.xtec.cat\/cfasantjosep\/wp-json\/wp\/v2\/pages\/301\/revisions"}],"predecessor-version":[{"id":1873,"href":"https:\/\/agora.xtec.cat\/cfasantjosep\/wp-json\/wp\/v2\/pages\/301\/revisions\/1873"}],"up":[{"embeddable":true,"href":"https:\/\/agora.xtec.cat\/cfasantjosep\/wp-json\/wp\/v2\/pages\/274"}],"wp:attachment":[{"href":"https:\/\/agora.xtec.cat\/cfasantjosep\/wp-json\/wp\/v2\/media?parent=301"}],"curies":[{"name":"wp","href":"https:\/\/api.w.org\/{rel}","templated":true}]}}