{"id":27,"date":"2018-11-09T18:57:03","date_gmt":"2018-11-09T17:57:03","guid":{"rendered":"http:\/\/agora.xtec.cat\/cfasantjosep\/?page_id=27"},"modified":"2022-05-25T09:18:29","modified_gmt":"2022-05-25T07:18:29","slug":"historia","status":"publish","type":"page","link":"https:\/\/agora.xtec.cat\/cfasantjosep\/el-centre\/historia\/","title":{"rendered":"Hist\u00f2ria de l&#8217;escola"},"content":{"rendered":"<p style=\"text-align: left;\">L\u2019any 1984 (com la novel.la de G. Orwell) va comen\u00e7ar l\u2019activitat a l\u2019Escola d\u2019Adults de Sant Josep, que va agafar el nom del barri on quedava situada. El barri de Sant Josep \u00e9s un barri bastant central geogr\u00e0ficament al municipi de l\u2019Hospitalet de Llobregat i contigu al barri del Centre.<\/p>\n<p>La decisi\u00f3 d\u2019obrir aquesta escola va venir precedida d\u2019una proposta treballada entre l\u2019Ajuntament i la Generalitat, per\u00f2 l\u2019impulsor directe va ser el regidor d\u2019aquell moment en Jaume Botey, un home molt comprom\u00e8s amb la vida dels barris, el municipi i la societat en general. Jaume Botey va fer una proposta de crear una escola d\u2019adults en cada barri hospitalenc, fruit del projecte s\u2019havia avan\u00e7at la creaci\u00f3 de les escoles de Can Serra, Santa Eul\u00e0lia, Florida, Gornal, Bellvitge, Sanfeliu, Sant Ramon i Sant Josep i poc a poc (amb molt esfor\u00e7, tamb\u00e9 dels ve\u00efns, que ho reclamaven) va comen\u00e7ar l\u2019activitat docent.<\/p>\n<p>L\u2019activitat de l\u2019Escola de Sant Josep concretament va comen\u00e7ar al carrer Galvany.<\/p>\n<p>Aix\u00ed doncs a Sant Josep, l\u2019any 1984 s\u2019obria l\u2019escola d\u2019adults amb dos professors i una altra persona col.laboradora, amb uns locals cedits i compartits amb l\u2019Associaci\u00f3 de Ve\u00efns del barri que en tot moment van donar suport a l\u2019Escola, des de la seva directiva d\u2019aquell moment.<\/p>\n<p>L\u2019any 1987 va canviar la plantilla i l\u2019Escola va continuar tenint dues mestres i una col.laboradora que impartien classes d\u2019Alfabetitzaci\u00f3, Neolectors, Pregraduats i Graduats Escolars, que eren les titulacions d\u2019aquells anys, especialment orientades a les persones adultes que no havien tingut ocasi\u00f3 d\u2019anar a l\u2019escola prim\u00e0ria o que no havien acabat els estudis primaris.<\/p>\n<p>L\u2019any 1989 es va cobrir la pla\u00e7a de catal\u00e0 amb un professor nou, ja que l\u2019escola encara no tenia adjudicat professor de catal\u00e0 ni d\u2019angl\u00e8s fins aleshores. A partir del 1989 la plantilla era de tres professors i una col.laboradora i continu\u00e0vem al carrer Galvany.<\/p>\n<p>L\u2019any\u00a0 1994, despr\u00e9s de dues inundacions en pocs mesos i la pressi\u00f3 ve\u00efnal i de l\u2019alumnat, l\u2019Ajuntament va cedir uns locals que havien estat l\u2019antiga escola Inmaculada i despr\u00e9s van ser els locals de l\u2019Escola Patufet Sant Jordi. Aix\u00ed doncs, l\u00b4escola es traslladava a uns locals nous. L\u2019Escola va passar del Carrer Galvany al carrer Mare de D\u00e9u de la Merc\u00e8, n\u00famero 20.<\/p>\n<p>L\u2019any 2001 hi va haver un concurs i una ampliaci\u00f3 de plantilla, amb un total de 4 professors. Per\u00f2 l\u2019estructura de l\u2019antic\u00a0 edifici cedia i l\u2019Ajuntament va comen\u00e7ar unes obres a tot l\u2019 edifici i l\u2019Escola es va traslladar durant dos cursos a un edifici de l\u2019antiga f\u00e0brica Tecla Sala, al costat de l\u2019actual Biblioteca Tecla Sala.<\/p>\n<p>El setembre del 2004, l\u2019Escola va tornar definitivament a l\u2019edifici actual del carrer Mare de D\u00e9u de la Merc\u00e8, 20, impartint classes als primers pisos i compartint edifici amb altres entitats, com Normalitzaci\u00f3 Ling\u00fc\u00edstica, Diables, Geganters, etc.<\/p>\n<p>El juny de 2006, l\u2019escola d\u2019adults va passar a ser centre de formaci\u00f3 d\u2019adults (CFA Sant Josep) fins a l\u2019actualitat en que ja comptem amb 6 professors tota la jornada, impartint la Secund\u00e0ria de GES (la ESO per a persones adultes, en dos cursos), l\u2019Acc\u00e8s a Cicles Formatius de Grau Mitj\u00e0, Catal\u00e0, Angl\u00e8s i Competic (Inform\u00e0tica), a m\u00e9s dels nivells Instrumentals (antics nivells de neolectors i certificats d\u2019escolaritat).<\/p>\n<p style=\"text-align: right;\">Tom\u00e0s Callau i Blad\u00e9<\/p>\n","protected":false},"excerpt":{"rendered":"<p>L\u2019any 1984 (com la novel.la de G. Orwell) va comen\u00e7ar l\u2019activitat a l\u2019Escola d\u2019Adults de Sant Josep, que va agafar el nom del barri on quedava situada. El barri de Sant Josep \u00e9s un barri bastant central geogr\u00e0ficament al municipi de l\u2019Hospitalet de Llobregat i&hellip;  <a href=\"https:\/\/agora.xtec.cat\/cfasantjosep\/el-centre\/historia\/\" title=\"Read Hist\u00f2ria de l&#8217;escola\">Llegeix m\u00e9s\u00bb<\/a><\/p>\n","protected":false},"author":1,"featured_media":0,"parent":261,"menu_order":20,"comment_status":"closed","ping_status":"closed","template":"page-templates\/side-menu.php","meta":{"_bbp_topic_count":0,"_bbp_reply_count":0,"_bbp_total_topic_count":0,"_bbp_total_reply_count":0,"_bbp_voice_count":0,"_bbp_anonymous_reply_count":0,"_bbp_topic_count_hidden":0,"_bbp_reply_count_hidden":0,"_bbp_forum_subforum_count":0,"footnotes":""},"class_list":["post-27","page","type-page","status-publish","hentry"],"post_mailing_queue_ids":[],"_links":{"self":[{"href":"https:\/\/agora.xtec.cat\/cfasantjosep\/wp-json\/wp\/v2\/pages\/27","targetHints":{"allow":["GET"]}}],"collection":[{"href":"https:\/\/agora.xtec.cat\/cfasantjosep\/wp-json\/wp\/v2\/pages"}],"about":[{"href":"https:\/\/agora.xtec.cat\/cfasantjosep\/wp-json\/wp\/v2\/types\/page"}],"author":[{"embeddable":true,"href":"https:\/\/agora.xtec.cat\/cfasantjosep\/wp-json\/wp\/v2\/users\/1"}],"replies":[{"embeddable":true,"href":"https:\/\/agora.xtec.cat\/cfasantjosep\/wp-json\/wp\/v2\/comments?post=27"}],"version-history":[{"count":3,"href":"https:\/\/agora.xtec.cat\/cfasantjosep\/wp-json\/wp\/v2\/pages\/27\/revisions"}],"predecessor-version":[{"id":1646,"href":"https:\/\/agora.xtec.cat\/cfasantjosep\/wp-json\/wp\/v2\/pages\/27\/revisions\/1646"}],"up":[{"embeddable":true,"href":"https:\/\/agora.xtec.cat\/cfasantjosep\/wp-json\/wp\/v2\/pages\/261"}],"wp:attachment":[{"href":"https:\/\/agora.xtec.cat\/cfasantjosep\/wp-json\/wp\/v2\/media?parent=27"}],"curies":[{"name":"wp","href":"https:\/\/api.w.org\/{rel}","templated":true}]}}