{"id":261,"date":"2018-11-07T19:14:01","date_gmt":"2018-11-07T18:14:01","guid":{"rendered":"http:\/\/agora.xtec.cat\/cfasantjosep\/?page_id=261"},"modified":"2018-11-07T19:56:33","modified_gmt":"2018-11-07T18:56:33","slug":"el-centre","status":"publish","type":"page","link":"https:\/\/agora.xtec.cat\/cfasantjosep\/el-centre\/","title":{"rendered":"El Centre"},"content":{"rendered":"<p>El CFA St. Josep \u00e9s una escola p\u00fablica que dep\u00e8n del Departament d\u2019Ensenyament de la Generalitat de Catalunya i que, en el seu Projecte Educatiu, es defineix com una escola p\u00fablica, democr\u00e0tica, progressista, laica i catalana.<\/p>\n<p>S\u00f3n trets d&#8217;identitat del nostre centre l&#8217;atenci\u00f3 a la diversitat, l&#8217;atenci\u00f3 a la individualitat, la qualitat acad\u00e8mica, \u201cl&#8217;aprendre a aprendre\u201d (per a qu\u00e8 l&#8217;alumnat assoleixi autonomia en el proc\u00e9s d&#8217;aprenentatge), el treball personal i en grup, la formaci\u00f3 integradora, l&#8217;educaci\u00f3 no sexista i l&#8217;educaci\u00f3 participativa i oberta.<\/p>\n<p><a href=\"https:\/\/agora.xtec.cat\/cfasantjosep\/wp-content\/uploads\/usu1944\/2018\/11\/Portada-Blog-03-1-2.jpg\"><img loading=\"lazy\" decoding=\"async\" class=\"wp-image-445 aligncenter\" src=\"https:\/\/agora.xtec.cat\/cfasantjosep\/wp-content\/uploads\/usu1944\/2018\/11\/Portada-Blog-03-1-2-300x300.jpg\" alt=\"\" width=\"600\" height=\"597\" srcset=\"https:\/\/agora.xtec.cat\/cfasantjosep\/wp-content\/uploads\/usu1944\/2018\/11\/Portada-Blog-03-1-2-300x300.jpg 300w, https:\/\/agora.xtec.cat\/cfasantjosep\/wp-content\/uploads\/usu1944\/2018\/11\/Portada-Blog-03-1-2-150x150.jpg 150w, https:\/\/agora.xtec.cat\/cfasantjosep\/wp-content\/uploads\/usu1944\/2018\/11\/Portada-Blog-03-1-2-768x765.jpg 768w, https:\/\/agora.xtec.cat\/cfasantjosep\/wp-content\/uploads\/usu1944\/2018\/11\/Portada-Blog-03-1-2.jpg 940w\" sizes=\"auto, (max-width: 600px) 100vw, 600px\" \/><\/a><\/p>\n","protected":false},"excerpt":{"rendered":"<p>El CFA St. Josep \u00e9s una escola p\u00fablica que dep\u00e8n del Departament d\u2019Ensenyament de la Generalitat de Catalunya i que, en el seu Projecte Educatiu, es defineix com una escola p\u00fablica, democr\u00e0tica, progressista, laica i catalana.<br \/>\nS\u00f3n trets d&#8217;identitat del nostre centre l&#8217;atenci\u00f3 a la diversitat,&hellip;  <a href=\"https:\/\/agora.xtec.cat\/cfasantjosep\/el-centre\/\" title=\"Read El Centre\">Llegeix m\u00e9s\u00bb<\/a><\/p>\n","protected":false},"author":1,"featured_media":0,"parent":0,"menu_order":0,"comment_status":"closed","ping_status":"closed","template":"page-templates\/side-menu.php","meta":{"_bbp_topic_count":0,"_bbp_reply_count":0,"_bbp_total_topic_count":0,"_bbp_total_reply_count":0,"_bbp_voice_count":0,"_bbp_anonymous_reply_count":0,"_bbp_topic_count_hidden":0,"_bbp_reply_count_hidden":0,"_bbp_forum_subforum_count":0,"footnotes":""},"class_list":["post-261","page","type-page","status-publish","hentry"],"post_mailing_queue_ids":[],"_links":{"self":[{"href":"https:\/\/agora.xtec.cat\/cfasantjosep\/wp-json\/wp\/v2\/pages\/261","targetHints":{"allow":["GET"]}}],"collection":[{"href":"https:\/\/agora.xtec.cat\/cfasantjosep\/wp-json\/wp\/v2\/pages"}],"about":[{"href":"https:\/\/agora.xtec.cat\/cfasantjosep\/wp-json\/wp\/v2\/types\/page"}],"author":[{"embeddable":true,"href":"https:\/\/agora.xtec.cat\/cfasantjosep\/wp-json\/wp\/v2\/users\/1"}],"replies":[{"embeddable":true,"href":"https:\/\/agora.xtec.cat\/cfasantjosep\/wp-json\/wp\/v2\/comments?post=261"}],"version-history":[{"count":3,"href":"https:\/\/agora.xtec.cat\/cfasantjosep\/wp-json\/wp\/v2\/pages\/261\/revisions"}],"predecessor-version":[{"id":446,"href":"https:\/\/agora.xtec.cat\/cfasantjosep\/wp-json\/wp\/v2\/pages\/261\/revisions\/446"}],"wp:attachment":[{"href":"https:\/\/agora.xtec.cat\/cfasantjosep\/wp-json\/wp\/v2\/media?parent=261"}],"curies":[{"name":"wp","href":"https:\/\/api.w.org\/{rel}","templated":true}]}}