{"id":640,"date":"2017-06-11T13:15:14","date_gmt":"2017-06-11T11:15:14","guid":{"rendered":"http:\/\/agora.xtec.cat\/cfasantcugat\/?page_id=640"},"modified":"2024-09-19T09:54:44","modified_gmt":"2024-09-19T07:54:44","slug":"a-cicles-formatius-de-grau-mitja","status":"publish","type":"page","link":"https:\/\/agora.xtec.cat\/cfasantcugat\/oferta-formativa-en-construccio\/ensenyaments-per-a-la-preparacio-de-proves-dacces\/a-cicles-formatius-de-grau-mitja\/","title":{"rendered":"Curs de preparaci\u00f3 a les proves d&#8217;acc\u00e9s a grau mitj\u00e0"},"content":{"rendered":"<p>El <a href=\"http:\/\/ensenyament.gencat.cat\/ca\/serveis-tramits\/proves\/proves-acces\/gm-fp\/\"><strong>curs de preparaci\u00f3 a les proves d&#8217;acc\u00e9s a cicles formatius de grau mitj\u00e0<\/strong><\/a> prepara l&#8217;alumnat que no t\u00e9 el t\u00edtol de graduat en educaci\u00f3 secund\u00e0ria obligat\u00f2ria (o un altre d&#8217;equivalent a efectes d&#8217;acc\u00e9s a aquests ensenyaments) per presentar-se a les <strong>proves d\u2019acc\u00e9s als cicles de grau mitj\u00e0 de formaci\u00f3 professional, d&#8217;arts pl\u00e0stiques i disseny, i d&#8217;ensenyaments esportius.<\/strong><\/p>\n<p><iframe loading=\"lazy\" src=\"https:\/\/www.youtube.com\/embed\/Zh32VQJf6Qw\" width=\"560\" height=\"315\" frameborder=\"0\"><\/iframe><\/p>\n<p>Amb car\u00e0cter general, per accedir a l&#8217;educaci\u00f3 d&#8217;adults cal tenir <strong>m\u00e9s de 18 anys,<\/strong> o b\u00e9 complir-los durant l&#8217;any <a href=\"https:\/\/agora.xtec.cat\/cfasantcugat\/wp-content\/uploads\/usu977\/2020\/01\/serigrafia.jpg\"><img loading=\"lazy\" decoding=\"async\" class=\"size-medium wp-image-1697 alignright\" src=\"https:\/\/agora.xtec.cat\/cfasantcugat\/wp-content\/uploads\/usu977\/2020\/01\/serigrafia-300x225.jpg\" alt=\"\" width=\"300\" height=\"225\" srcset=\"https:\/\/agora.xtec.cat\/cfasantcugat\/wp-content\/uploads\/usu977\/2020\/01\/serigrafia-300x225.jpg 300w, https:\/\/agora.xtec.cat\/cfasantcugat\/wp-content\/uploads\/usu977\/2020\/01\/serigrafia-200x150.jpg 200w, https:\/\/agora.xtec.cat\/cfasantcugat\/wp-content\/uploads\/usu977\/2020\/01\/serigrafia.jpg 400w\" sizes=\"auto, (max-width: 300px) 100vw, 300px\" \/><\/a>natural en qu\u00e8 s&#8217;inicia la formaci\u00f3, per\u00f2 excepcionalment poden accedir-hi les <strong>persones majors de 16 anys<\/strong> o aquelles que els compleixin durant l&#8217;any natural en qu\u00e8 inicien la formaci\u00f3.<\/p>\n<p>Cal tenir en compte que <strong>per realitzar les proves d&#8217;acc\u00e9s als cicles formatius de grau mitj\u00e0 s\u2019han de tenir 17 anys o complir-los l&#8217;any natural en qu\u00e8 es realitza la prova.<\/strong><\/p>\n<p><strong>Durada:<\/strong><\/p>\n<p>La durada m\u00ednima d&#8217;aquest curs \u00e9s de <strong>330 hores.<\/strong> Les classes comencen al setembre i finalitzen un cop l&#8217;alumnat ha realitzat la prova d\u2019acc\u00e9s.<\/p>\n<ul>\n<li><strong>Part comunicativa i social:<\/strong><\/li>\n<\/ul>\n<div id=\"bloc1\" class=\"panel-collapse collapse in\">\n<div class=\"col-xs-12\">\n<div class=\"cos_bloc basic_text_peq pd-15\">\n<ul>\n<li style=\"list-style-type: none;\">\n<ul style=\"list-style-type: circle;\">\n<li>Compet\u00e8ncia en llengua catalana i en llengua castellana<\/li>\n<li>Compet\u00e8ncia en llengua estrangera (Angl\u00e8s)<\/li>\n<li>Compet\u00e8ncia social i ciutadana<\/li>\n<\/ul>\n<\/li>\n<\/ul>\n<ul>\n<li><strong>Part cient\u00edfico-tecnol\u00f2gica:<\/strong><\/li>\n<\/ul>\n<ul>\n<li style=\"list-style-type: none;\">\n<ul style=\"list-style-type: circle;\">\n<li>Compet\u00e8ncia d\u2019interacci\u00f3 amb el m\u00f3n f\u00edsic (Projecte)<\/li>\n<li>Compet\u00e8ncia en tecnologies.<\/li>\n<\/ul>\n<\/li>\n<\/ul>\n<ul>\n<li><strong>Part matem\u00e0tica:<\/strong><\/li>\n<\/ul>\n<ul>\n<li style=\"list-style-type: none;\">\n<ul style=\"list-style-type: circle;\">\n<li>Compet\u00e8ncia matem\u00e0tica (Matem\u00e0tiques i Geometria).<\/li>\n<\/ul>\n<\/li>\n<\/ul>\n<\/div>\n<\/div>\n<\/div>\n<p>Podeu veure el <a href=\"https:\/\/ppagmsantcugat.blogspot.com\/\">bloc &#8220;Salvem el planeta&#8221;,<\/a> de l&#8217;alumnat de PPAGM, dins del projecte d&#8217;estudi del canvi clim\u00e0tic (1er trimestre curs 2022-2023).<\/p>\n<p><strong>Recursos i aula virtual:<\/strong><\/p>\n<ul>\n<li>Dossiers espec\u00edfics preparats pel professorat.<\/li>\n<li>Recursos audiovisuals, p\u00e0gines web, llibres de text espec\u00edfics, etc.<\/li>\n<li><span style=\"font-family: inherit; font-size: 1em;\">Seguiment de les classes i materials a trav\u00e9s del<\/span><strong style=\"font-family: inherit; font-size: 1em;\">\u00a0<a href=\"https:\/\/educaciodigital.cat\/cfasantcugat\/moodle\/\">Moodle<\/a>\u00a0<\/strong><span style=\"font-family: inherit; font-size: 1em;\">de l\u2019escola.<\/span><\/li>\n<\/ul>\n<p><strong>Qualificacions i certificacions: <\/strong><\/p>\n<p>La superaci\u00f3 d\u2019aquest curs no atorga cap titulaci\u00f3 oficial ja que es tracta d\u2019un curs de preparaci\u00f3 per a la prova d\u2019acc\u00e9s a cicles formatius de grau mitj\u00e0.<strong> Si l&#8217;alumne\/a aprova aquest curs, obt\u00e9 una puntuaci\u00f3 complement\u00e0ria que se suma a la qualificaci\u00f3 global obtinguda a la prova d&#8217;acc\u00e9s.<\/strong> <strong><a href=\"http:\/\/ensenyament.gencat.cat\/ca\/serveis-tramits\/proves\/proves-acces\/gm-fp\/qualificacions-certificacions\/\">.<\/a><br \/>\n<\/strong><\/p>\n<p class=\"titulo-capcalera\">Podeu trobar m\u00e9s informaci\u00f3 sobre les proves d\u2019acc\u00e9s a grau mitj\u00e0 <strong>(calendari, inscripci\u00f3, documentaci\u00f3, continguts&#8230;)<\/strong> a l&#8217;apartat de <a href=\"http:\/\/ensenyament.gencat.cat\/ca\/serveis-tramits\/proves\/proves-acces\/gm-fp\/\"><strong>Formaci\u00f3 professional- Grau mitj\u00e0 <\/strong><\/a>del web del Departament d\u2019Ensenyament.<\/p>\n","protected":false},"excerpt":{"rendered":"<p>El <a href=\"http:\/\/ensenyament.gencat.cat\/ca\/serveis-tramits\/proves\/proves-acces\/gm-fp\/\">curs de preparaci\u00f3 a les proves d&#8217;acc\u00e9s a cicles formatius de grau mitj\u00e0<\/a> prepara l&#8217;alumnat que no t\u00e9 el t\u00edtol de graduat en educaci\u00f3 secund\u00e0ria obligat\u00f2ria (o un altre d&#8217;equivalent a efectes d&#8217;acc\u00e9s a aquests ensenyaments) per presentar-se a les proves d\u2019acc\u00e9s als&hellip;  <a href=\"https:\/\/agora.xtec.cat\/cfasantcugat\/oferta-formativa-en-construccio\/ensenyaments-per-a-la-preparacio-de-proves-dacces\/a-cicles-formatius-de-grau-mitja\/\" title=\"Read Curs de preparaci\u00f3 a les proves d&#8217;acc\u00e9s a grau mitj\u00e0\">Llegeix m\u00e9s\u00bb<\/a><\/p>\n","protected":false},"author":1,"featured_media":0,"parent":288,"menu_order":1,"comment_status":"closed","ping_status":"closed","template":"page-templates\/side-menu.php","meta":{"_bbp_topic_count":0,"_bbp_reply_count":0,"_bbp_total_topic_count":0,"_bbp_total_reply_count":0,"_bbp_voice_count":0,"_bbp_anonymous_reply_count":0,"_bbp_topic_count_hidden":0,"_bbp_reply_count_hidden":0,"_bbp_forum_subforum_count":0,"footnotes":""},"class_list":["post-640","page","type-page","status-publish","hentry"],"post_mailing_queue_ids":[],"_links":{"self":[{"href":"https:\/\/agora.xtec.cat\/cfasantcugat\/wp-json\/wp\/v2\/pages\/640","targetHints":{"allow":["GET"]}}],"collection":[{"href":"https:\/\/agora.xtec.cat\/cfasantcugat\/wp-json\/wp\/v2\/pages"}],"about":[{"href":"https:\/\/agora.xtec.cat\/cfasantcugat\/wp-json\/wp\/v2\/types\/page"}],"author":[{"embeddable":true,"href":"https:\/\/agora.xtec.cat\/cfasantcugat\/wp-json\/wp\/v2\/users\/1"}],"replies":[{"embeddable":true,"href":"https:\/\/agora.xtec.cat\/cfasantcugat\/wp-json\/wp\/v2\/comments?post=640"}],"version-history":[{"count":5,"href":"https:\/\/agora.xtec.cat\/cfasantcugat\/wp-json\/wp\/v2\/pages\/640\/revisions"}],"predecessor-version":[{"id":4702,"href":"https:\/\/agora.xtec.cat\/cfasantcugat\/wp-json\/wp\/v2\/pages\/640\/revisions\/4702"}],"up":[{"embeddable":true,"href":"https:\/\/agora.xtec.cat\/cfasantcugat\/wp-json\/wp\/v2\/pages\/288"}],"wp:attachment":[{"href":"https:\/\/agora.xtec.cat\/cfasantcugat\/wp-json\/wp\/v2\/media?parent=640"}],"curies":[{"name":"wp","href":"https:\/\/api.w.org\/{rel}","templated":true}]}}