{"id":4095,"date":"2023-03-06T09:51:22","date_gmt":"2023-03-06T08:51:22","guid":{"rendered":"https:\/\/agora.xtec.cat\/cfasantcugat\/?page_id=4095"},"modified":"2023-06-01T11:34:39","modified_gmt":"2023-06-01T09:34:39","slug":"inicials-i-formacio-basica","status":"publish","type":"page","link":"https:\/\/agora.xtec.cat\/cfasantcugat\/oferta-formativa-en-construccio\/inicials-i-formacio-basica\/","title":{"rendered":"Inicials i formaci\u00f3 b\u00e0sica"},"content":{"rendered":"<h4><a href=\"https:\/\/agora.xtec.cat\/cfasantcugat\/ensenyaments\/ensenyaments-inicials-i-formacio-basica\/formacio-instrumental\/\"><strong>Formaci\u00f3 instrumental: 1r, 2n, 3r i 4t\u00a0 nivell<\/strong><\/a><\/h4>\n<p>Els ensenyaments de formaci\u00f3 instrumental per a les persones adultes estan adre\u00e7ats a persones adultes per tal que aprenguin a\u00a0<strong>llegir, escriure i fer c\u00e0lculs elementals.\u00a0<\/strong>La superaci\u00f3 d\u2019aquests estudis permet l\u2019obtenci\u00f3 del\u00a0<strong>certificat de formaci\u00f3 instrumental.<\/strong><\/p>\n<p><strong>1.\u00a0<\/strong><b>Nivells:<\/b><\/p>\n<ul>\n<li>\n<ul>\n<li><strong>Primer nivell:<\/strong>\u00a0l\u2019aprenentatge se centra en l\u2019adquisici\u00f3 dels mecanismes fonamentals de lectura i escriptura i de c\u00e0lcul, a m\u00e9s de nocions elementals sobre l\u2019entorn social i cultural.<\/li>\n<li><strong>Segon nivell:<\/strong>\u00a0l\u2019objectiu central \u00e9s consolidar aquest mecanismes.<\/li>\n<li><strong>Tercer nivell:<\/strong>\u00a0s\u2019amplien els coneixements anteriors fins a assolir els objectius generals del cicle.<\/li>\n<li><strong>Quart nivell:\u00a0<\/strong>Consolidar l\u2019adquisici\u00f3 de les compet\u00e8ncies clau per<br \/>\ngarantir una autonomia plena de l\u2019alumnat i afavorir l\u2019acc\u00e9s als estudis de GESO.<\/li>\n<\/ul>\n<\/li>\n<\/ul>\n<p>Si es vol continuar la formaci\u00f3, es pot cursar l\u2019educaci\u00f3 secund\u00e0ria per a les persones adultes o la preparaci\u00f3 per a les proves d\u2019acc\u00e9s a cicles formatius.<\/p>\n<p>Es treballen diverses<b>\u00a0capacitats\u00a0<\/b>per tal de:<\/p>\n<ul>\n<li>\n<ul>\n<li>Millorar la comunicaci\u00f3 oral.<\/li>\n<li>Adquirir els fonaments de la comunicaci\u00f3 escrita de les lleng\u00fces oficials de Catalunya.<\/li>\n<li>Comprendre, a partir de l\u2019observaci\u00f3, el fets i fen\u00f2mens \u00a0del medi f\u00edsic i natural.<\/li>\n<li>Con\u00e8ixer els aspectes elementals, geogr\u00e0fics, culturals i de conviv\u00e8ncia democr\u00e0tica tot mostrant una \u00a0actitud cr\u00edtica, constructiva i participativa.<\/li>\n<li>Manifestar els h\u00e0bits que afavoreixen actituds responsables en els \u00e0mbits personal i col\u00b7lectiu.<\/li>\n<li>Emprar els conceptes matem\u00e0tics elementals i les operacions b\u00e0siques per tal d\u2019interpretar i resoldre problemes lligats a l\u2019entorn de \u00a0l\u2019alumne\/a , mitjan\u00e7ant el llenguatge matem\u00e0tic.<\/li>\n<li>Iniciar-se en la utilitzaci\u00f3 de les tecnologies de la informaci\u00f3 i la comunicaci\u00f3.<\/li>\n<li>Exercir l\u2019autonomia personal i millorar l\u2019autoestima, tot valorant la import\u00e0ncia de la formaci\u00f3 com a un dret b\u00e0sic del desenvolupament personal, i motivar-se per continuar aprenent.<\/li>\n<li>Incorporar-se, si s\u2019escau, al m\u00f3n laboral amb una formaci\u00f3 b\u00e0sica adquirida.<\/li>\n<\/ul>\n<\/li>\n<\/ul>\n<p><b>2.\u00a0<strong>Horari:\u00a0<\/strong><\/b><a href=\"https:\/\/agora.xtec.cat\/cfasantcugat\/wp-content\/uploads\/usu977\/2022\/09\/Horari-INTRUMENTAL-2022_23docx-.docx.pdf\">Consulteu l\u2019horari de les classes.<\/a><\/p>\n<p>Aportaci\u00f3 volunt\u00e0ria anual: 35\u20ac en concepte de material.<\/p>\n<p><b>3. Modalitat del curs:\u00a0<\/b>presencial.<\/p>\n<p><b>4. Avaluaci\u00f3:\u00a0<\/b>formativa i continuada.<\/p>\n<p><strong>5. Calendari:<\/strong><\/p>\n<p><b>\u2013 Inici del curs:\u00a0<\/b>Setembre<\/p>\n<p><b>\u2013 Finalitzaci\u00f3 del curs:\u00a0<\/b>Juny<\/p>\n<p>A continuaci\u00f3 podeu veure algunes de les activitats que hem fet fora de les aules amb l\u2019alumnat d\u2019Instrumental:<\/p>\n<p><a href=\"http:\/\/agora.xtec.cat\/cfasantcugat\/general\/aprendemos-espanol\/\"><img loading=\"lazy\" decoding=\"async\" class=\"alignnone wp-image-1165 size-medium\" src=\"https:\/\/agora.xtec.cat\/cfasantcugat\/wp-content\/uploads\/usu977\/2019\/05\/instrumental-2-300x225.jpg\" sizes=\"auto, (max-width: 300px) 100vw, 300px\" srcset=\"https:\/\/agora.xtec.cat\/cfasantcugat\/wp-content\/uploads\/usu977\/2019\/05\/instrumental-2-300x225.jpg 300w, https:\/\/agora.xtec.cat\/cfasantcugat\/wp-content\/uploads\/usu977\/2019\/05\/instrumental-2-200x150.jpg 200w, https:\/\/agora.xtec.cat\/cfasantcugat\/wp-content\/uploads\/usu977\/2019\/05\/instrumental-2.jpg 400w\" alt=\"\" width=\"300\" height=\"225\" \/><\/a><\/p>\n<p><a href=\"https:\/\/agora.xtec.cat\/cfasantcugat\/general\/passeig-pel-barri-gotic-de-barcelona\/\">Passeig pel barri G\u00f2tic de Barcelona<\/a><\/p>\n<p><a href=\"https:\/\/agora.xtec.cat\/cfasantcugat\/wp-content\/uploads\/usu977\/2020\/03\/instrumental.jpg\"><img loading=\"lazy\" decoding=\"async\" class=\"alignnone size-medium wp-image-1953\" src=\"https:\/\/agora.xtec.cat\/cfasantcugat\/wp-content\/uploads\/usu977\/2020\/03\/instrumental-300x225.jpg\" sizes=\"auto, (max-width: 300px) 100vw, 300px\" srcset=\"https:\/\/agora.xtec.cat\/cfasantcugat\/wp-content\/uploads\/usu977\/2020\/03\/instrumental-300x225.jpg 300w, https:\/\/agora.xtec.cat\/cfasantcugat\/wp-content\/uploads\/usu977\/2020\/03\/instrumental-200x150.jpg 200w, https:\/\/agora.xtec.cat\/cfasantcugat\/wp-content\/uploads\/usu977\/2020\/03\/instrumental.jpg 320w\" alt=\"\" width=\"300\" height=\"225\" \/><\/a><\/p>\n<h4><a href=\"https:\/\/agora.xtec.cat\/cfasantcugat\/ensenyaments\/ensenyaments-inicials-i-formacio-basica\/llengua-castellana\/\"><strong>Llengua castellana nivell A1, A2 i B1<\/strong><\/a><\/h4>\n<p>Oferim classes de\u00a0<strong>llengua castellana de nivell A1, A2 i B1<\/strong>\u00a0per aquelles persones que volen aprendre i millorar la seva compet\u00e8ncia comunicativa en llengua castellana.\u00a0<a href=\"https:\/\/agora.xtec.cat\/cfasantcugat\/ensenyaments\/ensenyaments-inicials-i-formacio-basica\/llengua-castellana\/\"><strong>M\u00e9s informaci\u00f3<\/strong><\/a><\/p>\n<h4><a href=\"https:\/\/agora.xtec.cat\/cfasantcugat\/ensenyaments\/ensenyaments-inicials-i-formacio-basica\/llengua-catalana\/\"><strong>Llengua catalana inicial<\/strong><\/a><\/h4>\n<p>Oferim classes de\u00a0<strong>llengua catalana de nivell inicial A1<\/strong>\u00a0per adquirir nocions a nivell oral i escrit.\u00a0<strong><a href=\"https:\/\/agora.xtec.cat\/cfasantcugat\/ensenyaments\/ensenyaments-inicials-i-formacio-basica\/llengua-catalana\/\">M\u00e9s informaci\u00f3<\/a><\/strong><\/p>\n<h4><strong><a href=\"https:\/\/agora.xtec.cat\/cfasantcugat\/ensenyaments\/ensenyaments-inicials-i-formacio-basica\/graduat-en-educacio-secundaria-per-adults\/\">Graduat en educaci\u00f3 secund\u00e0ria obligat\u00f2ria (GESO)<\/a><\/strong><\/h4>\n<p><b>El Graduat en Educaci\u00f3 Secund\u00e0ria Obligat\u00f2ria\u00a0<\/b><strong>(GESO)<\/strong>\u00a0\u00e9s el t\u00edtol que acredita la formaci\u00f3 en estudis secundaris per a persones adultes (majors de 18 anys).\u00a0<strong><a href=\"https:\/\/agora.xtec.cat\/cfasantcugat\/ensenyaments\/ensenyaments-inicials-i-formacio-basica\/graduat-en-educacio-secundaria-per-adults\/\">M\u00e9s informaci\u00f3<\/a><\/strong><\/p>\n","protected":false},"excerpt":{"rendered":"<p><a href=\"https:\/\/agora.xtec.cat\/cfasantcugat\/ensenyaments\/ensenyaments-inicials-i-formacio-basica\/formacio-instrumental\/\">Formaci\u00f3 instrumental: 1r, 2n, 3r i 4t\u00a0 nivell<\/a><br \/>\nEls ensenyaments de formaci\u00f3 instrumental per a les persones adultes estan adre\u00e7ats a persones adultes per tal que aprenguin a\u00a0llegir, escriure i fer c\u00e0lculs elementals.\u00a0La superaci\u00f3 d\u2019aquests estudis permet l\u2019obtenci\u00f3 del\u00a0certificat de formaci\u00f3 instrumental.<br \/>\n1.\u00a0Nivells:<\/p>\n<ul>\n<li>\n<ul>\n<li>Primer nivell:\u00a0l\u2019aprenentatge se centra&hellip;  <a href=\"https:\/\/agora.xtec.cat\/cfasantcugat\/oferta-formativa-en-construccio\/inicials-i-formacio-basica\/\" title=\"Read Inicials i formaci\u00f3 b\u00e0sica\">Llegeix m\u00e9s\u00bb<\/a><br \/>\n","protected":false},"author":1,"featured_media":0,"parent":4088,"menu_order":1,"comment_status":"closed","ping_status":"closed","template":"page-templates\/side-menu.php","meta":{"_bbp_topic_count":0,"_bbp_reply_count":0,"_bbp_total_topic_count":0,"_bbp_total_reply_count":0,"_bbp_voice_count":0,"_bbp_anonymous_reply_count":0,"_bbp_topic_count_hidden":0,"_bbp_reply_count_hidden":0,"_bbp_forum_subforum_count":0,"footnotes":""},"class_list":["post-4095","page","type-page","status-publish","hentry"],"post_mailing_queue_ids":[],"_links":{"self":[{"href":"https:\/\/agora.xtec.cat\/cfasantcugat\/wp-json\/wp\/v2\/pages\/4095","targetHints":{"allow":["GET"]}}],"collection":[{"href":"https:\/\/agora.xtec.cat\/cfasantcugat\/wp-json\/wp\/v2\/pages"}],"about":[{"href":"https:\/\/agora.xtec.cat\/cfasantcugat\/wp-json\/wp\/v2\/types\/page"}],"author":[{"embeddable":true,"href":"https:\/\/agora.xtec.cat\/cfasantcugat\/wp-json\/wp\/v2\/users\/1"}],"replies":[{"embeddable":true,"href":"https:\/\/agora.xtec.cat\/cfasantcugat\/wp-json\/wp\/v2\/comments?post=4095"}],"version-history":[{"count":3,"href":"https:\/\/agora.xtec.cat\/cfasantcugat\/wp-json\/wp\/v2\/pages\/4095\/revisions"}],"predecessor-version":[{"id":4265,"href":"https:\/\/agora.xtec.cat\/cfasantcugat\/wp-json\/wp\/v2\/pages\/4095\/revisions\/4265"}],"up":[{"embeddable":true,"href":"https:\/\/agora.xtec.cat\/cfasantcugat\/wp-json\/wp\/v2\/pages\/4088"}],"wp:attachment":[{"href":"https:\/\/agora.xtec.cat\/cfasantcugat\/wp-json\/wp\/v2\/media?parent=4095"}],"curies":[{"name":"wp","href":"https:\/\/api.w.org\/{rel}","templated":true}]}}