{"id":3812,"date":"2023-01-19T13:02:33","date_gmt":"2023-01-19T12:02:33","guid":{"rendered":"https:\/\/agora.xtec.cat\/cfasantcugat\/?page_id=3812"},"modified":"2023-02-02T12:00:40","modified_gmt":"2023-02-02T11:00:40","slug":"aula-dautoformacio","status":"publish","type":"page","link":"https:\/\/agora.xtec.cat\/cfasantcugat\/aula-dautoformacio\/","title":{"rendered":"Aula d&#8217;Autoformaci\u00f3"},"content":{"rendered":"<p><a href=\"https:\/\/agora.xtec.cat\/cfasantcugat\/wp-content\/uploads\/usu977\/2023\/01\/Prueba.jpg\"><img loading=\"lazy\" decoding=\"async\" class=\"wp-image-3952 alignleft\" src=\"https:\/\/agora.xtec.cat\/cfasantcugat\/wp-content\/uploads\/usu977\/2023\/01\/Prueba.jpg\" alt=\"\" width=\"264\" height=\"199\" srcset=\"https:\/\/agora.xtec.cat\/cfasantcugat\/wp-content\/uploads\/usu977\/2023\/01\/Prueba.jpg 1629w, https:\/\/agora.xtec.cat\/cfasantcugat\/wp-content\/uploads\/usu977\/2023\/01\/Prueba-300x226.jpg 300w, https:\/\/agora.xtec.cat\/cfasantcugat\/wp-content\/uploads\/usu977\/2023\/01\/Prueba-1024x771.jpg 1024w, https:\/\/agora.xtec.cat\/cfasantcugat\/wp-content\/uploads\/usu977\/2023\/01\/Prueba-768x578.jpg 768w, https:\/\/agora.xtec.cat\/cfasantcugat\/wp-content\/uploads\/usu977\/2023\/01\/Prueba-1536x1157.jpg 1536w, https:\/\/agora.xtec.cat\/cfasantcugat\/wp-content\/uploads\/usu977\/2023\/01\/Prueba-200x150.jpg 200w\" sizes=\"auto, (max-width: 264px) 100vw, 264px\" \/><\/a><a href=\"https:\/\/agora.xtec.cat\/cfasantcugat\/wp-content\/uploads\/usu977\/2023\/02\/DSC1410.jpg\"><img loading=\"lazy\" decoding=\"async\" class=\"wp-image-3994 alignnone\" src=\"https:\/\/agora.xtec.cat\/cfasantcugat\/wp-content\/uploads\/usu977\/2023\/02\/DSC1410.jpg\" alt=\"\" width=\"297\" height=\"199\" srcset=\"https:\/\/agora.xtec.cat\/cfasantcugat\/wp-content\/uploads\/usu977\/2023\/02\/DSC1410.jpg 1616w, https:\/\/agora.xtec.cat\/cfasantcugat\/wp-content\/uploads\/usu977\/2023\/02\/DSC1410-300x200.jpg 300w, https:\/\/agora.xtec.cat\/cfasantcugat\/wp-content\/uploads\/usu977\/2023\/02\/DSC1410-1024x684.jpg 1024w, https:\/\/agora.xtec.cat\/cfasantcugat\/wp-content\/uploads\/usu977\/2023\/02\/DSC1410-768x513.jpg 768w, https:\/\/agora.xtec.cat\/cfasantcugat\/wp-content\/uploads\/usu977\/2023\/02\/DSC1410-1536x1027.jpg 1536w\" sizes=\"auto, (max-width: 297px) 100vw, 297px\" \/><\/a><\/p>\n<p><b>Qu\u00e8 \u00e9s ?<br \/>\n<\/b><span style=\"font-weight: 400;\">L\u2019ESPAI D\u2019AUTOFORMACI\u00d3 es troba a l\u2019aula 4 del centre i \u00e9s de lliure acc\u00e9s per alumnes i ex-alumnes del centre.<\/span><\/p>\n<p><b>Qu\u00e8 podem fer a L\u2019ESPAI D\u2019AUTOFORMACI\u00d3?<\/b><\/p>\n<ul>\n<li style=\"font-weight: 400;\" aria-level=\"1\"><span style=\"font-weight: 400;\">Treballs individuals, en parella i\/o petit grup.<\/span><\/li>\n<li style=\"font-weight: 400;\" aria-level=\"1\"><span style=\"font-weight: 400;\">Repassar i\/o aclarir els continguts treballats a classe.\u00a0<\/span><\/li>\n<li style=\"font-weight: 400;\" aria-level=\"1\"><span style=\"font-weight: 400;\">Ampliar o refor\u00e7ar els continguts.<\/span><\/li>\n<li style=\"font-weight: 400;\" aria-level=\"1\"><span style=\"font-weight: 400;\">Llegir un llibre, una revista&#8230;\u00a0<\/span><\/li>\n<li style=\"font-weight: 400;\" aria-level=\"1\"><span style=\"font-weight: 400;\">Agafar llibres en pr\u00e9stec.<\/span><\/li>\n<li style=\"font-weight: 400;\" aria-level=\"1\"><span style=\"font-weight: 400;\">Treballar a l\u2019ordinador (deures de classe, consultes a internet, activitats online, activitats i itineraris del Moodle del CFA&#8230;)<\/span><\/li>\n<\/ul>\n<p><b>Quin \u00e9s l\u2019horari d\u2019obertura?<br \/>\n<\/b><span style=\"font-weight: 400;\">Dilluns a dijous de 9:30 a 14:00 i de 15:30 a 20:30<br \/>\n<\/span><span style=\"font-weight: 400;\">Divendres de 9:30 a 14:00<\/span><\/p>\n<p><b>Qu\u00e8 trobarem a L\u2019ESPAI D\u2019AUTOFORMACI\u00d3?<\/b><\/p>\n<ul>\n<li style=\"font-weight: 400;\" aria-level=\"2\"><span style=\"font-weight: 400;\">Lectures graduades en les tres lleng\u00fces de l\u2019escola: Catal\u00e0, Castell\u00e0 i Angl\u00e8s. Aquests llibres es podran llegir a l\u2019aula o b\u00e9 agafar-los en pr\u00e9stec. Molts d\u2019aquests llibres amb suport \u00e0udio.<\/span><\/li>\n<li style=\"font-weight: 400;\" aria-level=\"2\"><span style=\"font-weight: 400;\">Ordinadors port\u00e0tils amb connexi\u00f3 a internet (<\/span><i><span style=\"font-weight: 400;\">Per motius d\u2019higiene, l\u2019alumnat haur\u00e0 de portar els seus auriculars)<\/span><\/i><\/li>\n<li style=\"font-weight: 400;\" aria-level=\"2\"><span style=\"font-weight: 400;\">Jocs comunicatius en Catal\u00e0, Castell\u00e0 i Angl\u00e8s.<\/span><\/li>\n<li style=\"font-weight: 400;\" aria-level=\"2\"><span style=\"font-weight: 400;\">Revistes<\/span><\/li>\n<li style=\"font-weight: 400;\" aria-level=\"2\"><span style=\"font-weight: 400;\">Jocs matem\u00e0tics<\/span><\/li>\n<\/ul>\n<h6><strong>Moltes estones trobareu un\/a professor\/a de refer\u00e8ncia a l\u2019aula. Aquest\/a professor\/a us ajudar\u00e0 a:<\/strong><\/h6>\n<ul>\n<li style=\"font-weight: 400;\" aria-level=\"1\"><span style=\"font-weight: 400;\">Trobar el que necessiteu en funci\u00f3 de les vostres necessitats educatives i interessos.<\/span><\/li>\n<li style=\"font-weight: 400;\" aria-level=\"1\"><span style=\"font-weight: 400;\">\u00a0Resoldre dubtes.<\/span><\/li>\n<li style=\"font-weight: 400;\" aria-level=\"1\"><span style=\"font-weight: 400;\">Fer pr\u00e9stec i devoluci\u00f3 dels llibres de lectura.<\/span><\/li>\n<\/ul>\n<p><span style=\"font-weight: 400;\">Al Moodle del centre hem creat un curs espec\u00edfic anomenat ESPAI D&#8217;AUTOFORMACI\u00d3 amb recursos per treballar aut\u00f2nomament. Els hem organitzat de la seg\u00fcent manera:<\/span><\/p>\n<p><span style=\"font-weight: 400;\">\u00c0MBIT CI\u00c8NCIES SOCIALS<br \/>\n<\/span><span style=\"font-weight: 400;\">\u00c0MBIT CIENT\u00cdFIC-TECNOL\u00d2GIC<br \/>\n<\/span><span style=\"font-weight: 400;\">\u00c0MBIT COMUNICATIU<br \/>\n<\/span><span style=\"font-weight: 400;\">APRENENTATGE INICIAL<\/span><\/p>\n<p><span style=\"font-weight: 400;\">\u00a0La\u00a0 primera vegada\u00a0 que entreu en el Moodle caldr\u00e0 que us enregistreu. Per aix\u00f2 seguiu els passos del seg\u00fcent v\u00eddeo tutorial.<\/span><a href=\"https:\/\/www.youtube.com\/watch?v=viIWvRP_TNM\"><img loading=\"lazy\" decoding=\"async\" class=\"aligncenter size-full wp-image-3941\" src=\"https:\/\/agora.xtec.cat\/cfasantcugat\/wp-content\/uploads\/usu977\/2023\/01\/baixa-1.png\" alt=\"\" width=\"376\" height=\"134\" srcset=\"https:\/\/agora.xtec.cat\/cfasantcugat\/wp-content\/uploads\/usu977\/2023\/01\/baixa-1.png 376w, https:\/\/agora.xtec.cat\/cfasantcugat\/wp-content\/uploads\/usu977\/2023\/01\/baixa-1-300x107.png 300w\" sizes=\"auto, (max-width: 376px) 100vw, 376px\" \/><\/a><\/p>\n","protected":false},"excerpt":{"rendered":"<p><a href=\"https:\/\/agora.xtec.cat\/cfasantcugat\/wp-content\/uploads\/usu977\/2023\/01\/Prueba.jpg\"><\/a><a href=\"https:\/\/agora.xtec.cat\/cfasantcugat\/wp-content\/uploads\/usu977\/2023\/02\/DSC1410.jpg\"><\/a><br \/>\nQu\u00e8 \u00e9s ?<br \/>\nL\u2019ESPAI D\u2019AUTOFORMACI\u00d3 es troba a l\u2019aula 4 del centre i \u00e9s de lliure acc\u00e9s per alumnes i ex-alumnes del centre.<br \/>\nQu\u00e8 podem fer a L\u2019ESPAI D\u2019AUTOFORMACI\u00d3?<\/p>\n<ul>\n<li style=\"font-weight: 400;\" aria-level=\"1\">Treballs individuals, en parella i\/o petit grup.<\/li>\n<li style=\"font-weight: 400;\" aria-level=\"1\">Repassar i\/o aclarir els continguts&hellip;  <a href=\"https:\/\/agora.xtec.cat\/cfasantcugat\/aula-dautoformacio\/\" title=\"Read Aula d&#8217;Autoformaci\u00f3\">Llegeix m\u00e9s\u00bb<\/a><br \/>\n","protected":false},"author":1,"featured_media":0,"parent":0,"menu_order":0,"comment_status":"closed","ping_status":"closed","template":"","meta":{"_bbp_topic_count":0,"_bbp_reply_count":0,"_bbp_total_topic_count":0,"_bbp_total_reply_count":0,"_bbp_voice_count":0,"_bbp_anonymous_reply_count":0,"_bbp_topic_count_hidden":0,"_bbp_reply_count_hidden":0,"_bbp_forum_subforum_count":0,"footnotes":""},"class_list":["post-3812","page","type-page","status-publish","hentry"],"post_mailing_queue_ids":[],"_links":{"self":[{"href":"https:\/\/agora.xtec.cat\/cfasantcugat\/wp-json\/wp\/v2\/pages\/3812","targetHints":{"allow":["GET"]}}],"collection":[{"href":"https:\/\/agora.xtec.cat\/cfasantcugat\/wp-json\/wp\/v2\/pages"}],"about":[{"href":"https:\/\/agora.xtec.cat\/cfasantcugat\/wp-json\/wp\/v2\/types\/page"}],"author":[{"embeddable":true,"href":"https:\/\/agora.xtec.cat\/cfasantcugat\/wp-json\/wp\/v2\/users\/1"}],"replies":[{"embeddable":true,"href":"https:\/\/agora.xtec.cat\/cfasantcugat\/wp-json\/wp\/v2\/comments?post=3812"}],"version-history":[{"count":3,"href":"https:\/\/agora.xtec.cat\/cfasantcugat\/wp-json\/wp\/v2\/pages\/3812\/revisions"}],"predecessor-version":[{"id":3996,"href":"https:\/\/agora.xtec.cat\/cfasantcugat\/wp-json\/wp\/v2\/pages\/3812\/revisions\/3996"}],"wp:attachment":[{"href":"https:\/\/agora.xtec.cat\/cfasantcugat\/wp-json\/wp\/v2\/media?parent=3812"}],"curies":[{"name":"wp","href":"https:\/\/api.w.org\/{rel}","templated":true}]}}