{"id":3427,"date":"2022-03-02T12:30:04","date_gmt":"2022-03-02T11:30:04","guid":{"rendered":"https:\/\/agora.xtec.cat\/cfasantcugat\/?page_id=3427"},"modified":"2023-02-02T12:57:54","modified_gmt":"2023-02-02T11:57:54","slug":"servei-dacreditacio-de-competencies-professionals","status":"publish","type":"page","link":"https:\/\/agora.xtec.cat\/cfasantcugat\/serveis\/servei-dacreditacio-de-competencies-professionals\/","title":{"rendered":"Servei d&#8217;orientaci\u00f3 per a l&#8217;Acreditaci\u00f3 de Compet\u00e8ncies Professionals"},"content":{"rendered":"<p>Tens experi\u00e8ncia laboral o tens formaci\u00f3 no reconeguda i ho voldries fer oficial?<\/p>\n<p>El CFA Sant Cugat ofereix un servei d&#8217;orientaci\u00f3 per acreditar les teves compet\u00e8ncies compet\u00e8ncies i certificar<br \/>\noficialment la professionalitat que hi ha darrere la teva feina.<\/p>\n<p><strong>En qu\u00e8 consisteix?<\/strong><\/p>\n<p><iframe loading=\"lazy\" title=\"YouTube video player\" src=\"https:\/\/www.youtube.com\/embed\/qD7DkvfNTGw\" width=\"560\" height=\"315\" frameborder=\"0\" allowfullscreen=\"allowfullscreen\"><\/iframe><\/p>\n<p>La persona usu\u00e0ria ha de participar en un seguit d\u2019entrevistes que preferentment s\u00f3n virtuals, en les quals ha de demostrar compet\u00e8ncies professionals que constitueixen part d\u2019un certificat o t\u00edtol professional.<\/p>\n<p>Si la persona demostra que ha adquirit les unitats de compet\u00e8ncia, obt\u00e9 una certificaci\u00f3 oficial que permet convalidar i completar la formaci\u00f3 d\u2019un Certificat Professional o T\u00edtol de Formaci\u00f3 Professional.<\/p>\n<p>L\u2019obtenci\u00f3 d\u2019un certificat d\u2019acreditaci\u00f3 facilita el desenvolupament professional i personal millorant el curr\u00edculum i les possibilitats de trobar feina. A m\u00e9s, quan s\u2019acaba el procediment, la persona usu\u00e0ria rep una orientaci\u00f3 sobre quin itinerari formatiu pot seguir.<\/p>\n<p><strong>Com puc tramitar la sol\u00b7licitud?<\/strong><\/p>\n<p><strong>1. <\/strong>Escriu al CFA Sant Cugat a:<strong> secretaria@cfasantcugat.cat\u00a0 <\/strong>i et convocarem per a una entrevista.<\/p>\n<p><strong>2.<\/strong> Fes-ho pel teu compte a: <a href=\"https:\/\/fp.gencat.cat\/ca\/acreditacio\/em-vull-acreditar\/\">https:\/\/fp.gencat.cat\/ca\/acreditacio\/em-vull-acreditar\/<\/a><\/p>\n","protected":false},"excerpt":{"rendered":"<p>Tens experi\u00e8ncia laboral o tens formaci\u00f3 no reconeguda i ho voldries fer oficial?<br \/>\nEl CFA Sant Cugat ofereix un servei d&#8217;orientaci\u00f3 per acreditar les teves compet\u00e8ncies compet\u00e8ncies i certificar<br \/>\noficialment la professionalitat que hi ha darrere la teva feina.<br \/>\nEn qu\u00e8 consisteix?<\/p>\n<p>La persona usu\u00e0ria ha de participar en&hellip;  <a href=\"https:\/\/agora.xtec.cat\/cfasantcugat\/serveis\/servei-dacreditacio-de-competencies-professionals\/\" title=\"Read Servei d&#8217;orientaci\u00f3 per a l&#8217;Acreditaci\u00f3 de Compet\u00e8ncies Professionals\">Llegeix m\u00e9s\u00bb<\/a><\/p>\n","protected":false},"author":1,"featured_media":0,"parent":63,"menu_order":80,"comment_status":"closed","ping_status":"closed","template":"page-templates\/side-menu.php","meta":{"_bbp_topic_count":0,"_bbp_reply_count":0,"_bbp_total_topic_count":0,"_bbp_total_reply_count":0,"_bbp_voice_count":0,"_bbp_anonymous_reply_count":0,"_bbp_topic_count_hidden":0,"_bbp_reply_count_hidden":0,"_bbp_forum_subforum_count":0,"footnotes":""},"class_list":["post-3427","page","type-page","status-publish","hentry"],"post_mailing_queue_ids":[],"_links":{"self":[{"href":"https:\/\/agora.xtec.cat\/cfasantcugat\/wp-json\/wp\/v2\/pages\/3427","targetHints":{"allow":["GET"]}}],"collection":[{"href":"https:\/\/agora.xtec.cat\/cfasantcugat\/wp-json\/wp\/v2\/pages"}],"about":[{"href":"https:\/\/agora.xtec.cat\/cfasantcugat\/wp-json\/wp\/v2\/types\/page"}],"author":[{"embeddable":true,"href":"https:\/\/agora.xtec.cat\/cfasantcugat\/wp-json\/wp\/v2\/users\/1"}],"replies":[{"embeddable":true,"href":"https:\/\/agora.xtec.cat\/cfasantcugat\/wp-json\/wp\/v2\/comments?post=3427"}],"version-history":[{"count":4,"href":"https:\/\/agora.xtec.cat\/cfasantcugat\/wp-json\/wp\/v2\/pages\/3427\/revisions"}],"predecessor-version":[{"id":4001,"href":"https:\/\/agora.xtec.cat\/cfasantcugat\/wp-json\/wp\/v2\/pages\/3427\/revisions\/4001"}],"up":[{"embeddable":true,"href":"https:\/\/agora.xtec.cat\/cfasantcugat\/wp-json\/wp\/v2\/pages\/63"}],"wp:attachment":[{"href":"https:\/\/agora.xtec.cat\/cfasantcugat\/wp-json\/wp\/v2\/media?parent=3427"}],"curies":[{"name":"wp","href":"https:\/\/api.w.org\/{rel}","templated":true}]}}