{"id":320,"date":"2015-01-28T11:35:13","date_gmt":"2015-01-28T10:35:13","guid":{"rendered":"http:\/\/agora.xtec.cat\/cfasantcugat\/?page_id=320"},"modified":"2024-09-19T09:56:43","modified_gmt":"2024-09-19T07:56:43","slug":"a-cicles-formatius-de-grau-superior","status":"publish","type":"page","link":"https:\/\/agora.xtec.cat\/cfasantcugat\/oferta-formativa-en-construccio\/ensenyaments-per-a-la-preparacio-de-proves-dacces\/a-cicles-formatius-de-grau-superior\/","title":{"rendered":"Curs de preparaci\u00f3 a les proves d&#8217;acc\u00e9s a grau superior"},"content":{"rendered":"<p><a href=\"https:\/\/agora.xtec.cat\/cfasantcugat\/wp-content\/uploads\/usu977\/2020\/01\/20191219_115338.jpg\"><img loading=\"lazy\" decoding=\"async\" class=\"size-medium wp-image-1655 alignleft\" src=\"https:\/\/agora.xtec.cat\/cfasantcugat\/wp-content\/uploads\/usu977\/2020\/01\/20191219_115338-300x225.jpg\" alt=\"\" width=\"300\" height=\"225\" srcset=\"https:\/\/agora.xtec.cat\/cfasantcugat\/wp-content\/uploads\/usu977\/2020\/01\/20191219_115338-300x225.jpg 300w, https:\/\/agora.xtec.cat\/cfasantcugat\/wp-content\/uploads\/usu977\/2020\/01\/20191219_115338-768x576.jpg 768w, https:\/\/agora.xtec.cat\/cfasantcugat\/wp-content\/uploads\/usu977\/2020\/01\/20191219_115338-1024x768.jpg 1024w, https:\/\/agora.xtec.cat\/cfasantcugat\/wp-content\/uploads\/usu977\/2020\/01\/20191219_115338-200x150.jpg 200w\" sizes=\"auto, (max-width: 300px) 100vw, 300px\" \/><\/a>El curs de preparaci\u00f3 a les proves d&#8217;acc\u00e9s a grau superior est\u00e0 dirigit a totes les persones que tenen un m\u00ednim de <strong>19 anys<\/strong> o b\u00e9 els compleixen durant l&#8217;any en curs. Amb <strong>18 anys<\/strong> tamb\u00e9 es pot accedir si s&#8217;ha aprovat un cicle formatiu de grau mitj\u00e0 (CFGM).<\/p>\n<p>Aquest curs <strong>est\u00e0 adre\u00e7at a aquelles persones que no tenen la titulaci\u00f3 acad\u00e8mica per accedir directament a un cicle formatiu de grau superior (CFGS)<\/strong>, \u00e9s a dir, no estan en possessi\u00f3 del t\u00edtol de batxillerat LOGSE, del COU, de la FP2 o d&#8217;un cicle formatiu de grau mitj\u00e0 (CFGM) de la mateixa fam\u00edlia del CFGS que volen cursar. En tot cas, s&#8217;aconsella tenir el t\u00edtol de graduat en educaci\u00f3 secund\u00e0ria obligat\u00f2ria (ESO) per poder seguir correctament els continguts del curs.<\/p>\n<p><img loading=\"lazy\" decoding=\"async\" class=\"size-full wp-image-1897 alignright\" src=\"https:\/\/agora.xtec.cat\/cfasantcugat\/wp-content\/uploads\/usu977\/2020\/02\/fp.jpg\" alt=\"\" width=\"284\" height=\"238\" \/><\/p>\n<p><b>Objectius:<\/b><\/p>\n<p><strong>El curs prepara l&#8217;alumnat per superar les proves d&#8217;acc\u00e9s a cicles formatius de grau superior que el Departament d&#8217;ensenyament convoca una vegada a l&#8217;any, cap al mes de maig.<\/strong> L&#8217;objectiu de la prova d&#8217;acc\u00e9s als cicles formatius de grau superior \u00e9s que l&#8217;aspirant acrediti la seva maduresa en relaci\u00f3 als objectius del batxillerat i les seves capacitats vers al camp professional al qual es vulgui formar.<\/p>\n<p>Podeu veure aquest v\u00eddeo de la Diputaci\u00f3 de Barcelona on s&#8217;explica aquest curs tant des de la visi\u00f3 de l&#8217;alumnat com del professorat.<br \/>\n<iframe loading=\"lazy\" src=\"https:\/\/www.youtube.com\/embed\/Zh32VQJf6Qw\" width=\"560\" height=\"315\" frameborder=\"0\"><\/iframe><\/p>\n<p><b>Continguts:<\/b><br \/>\nDurant el curs es treballen els continguts de les assignatures definits en els temaris oficials de cadascuna de les parts de la prova que s\u00f3n les seg\u00fcents:<\/p>\n<ul>\n<li><strong><i>Part comuna<\/i>:<\/strong> llengua catalana, llengua castellana, llengua estrangera i matem\u00e0tiques. Aquestes mat\u00e8ries es preparen a classe amb el professorat de l&#8217;escola.<\/li>\n<li><strong><i>Part espec\u00edfica<\/i>:<\/strong> \u00a0l&#8217;alumnat ha d&#8217;escollir dues mat\u00e8ries en funci\u00f3 del cicle formatiu al qual vol accedir. Aquestes mat\u00e8ries es realitzaran a trav\u00e9s d&#8217;internet a <em>l&#8217;<\/em><em><strong><a href=\"https:\/\/ioc.xtec.cat\/educacio\/\">Institut Obert de Catalunya (IOC)<\/a><\/strong><\/em><strong>.<\/strong> El nostre Centre ofereix, dins de l&#8217;horari,\u00a0 orientaci\u00f3 i un seguiment tutorial de les mat\u00e8ries que l&#8217;alumnat cursa a la IOC.<\/li>\n<\/ul>\n<p><strong>Material i llibres de text:<\/strong><br \/>\nCalculadora cient\u00edfica per a Matem\u00e0tiques. Model recomanat o semblant<br \/>\nFX-82MS<br \/>\nLLibre de text: Lengua Castellana. Prueba de acceso. Ciclos Formativos de FP.<br \/>\nGrado Superior. Editorial Vicens Vives. ISBN. 9788468200798<\/p>\n<p><b>Inici del curs: <\/b>Setembre.<b><\/b><\/p>\n<p><b>Finalitzaci\u00f3: <\/b>segons convocat\u00f2ria del calendari oficial.<\/p>\n<p><strong style=\"font-family: inherit; font-size: 1em;\">Fam\u00edlies professionals:<\/strong><\/p>\n<p>A continuaci\u00f3, trobareu un quadre on es mostren les diferents fam\u00edlies professionals i les mat\u00e8ries que l&#8217;alumnat haur\u00e0 d&#8217;escollir.<br \/>\n<img loading=\"lazy\" decoding=\"async\" class=\"aligncenter wp-image-587 size-large\" src=\"http:\/\/agora.xtec.cat\/cfasantcugat\/wp-content\/uploads\/usu977\/2015\/01\/opcions-materies-GS-FP-720x1024.png\" alt=\"opcions-materies-gs-fp\" width=\"720\" height=\"1024\" srcset=\"https:\/\/agora.xtec.cat\/cfasantcugat\/wp-content\/uploads\/usu977\/2015\/01\/opcions-materies-GS-FP-720x1024.png 720w, https:\/\/agora.xtec.cat\/cfasantcugat\/wp-content\/uploads\/usu977\/2015\/01\/opcions-materies-GS-FP-211x300.png 211w, https:\/\/agora.xtec.cat\/cfasantcugat\/wp-content\/uploads\/usu977\/2015\/01\/opcions-materies-GS-FP-768x1093.png 768w, https:\/\/agora.xtec.cat\/cfasantcugat\/wp-content\/uploads\/usu977\/2015\/01\/opcions-materies-GS-FP.png 1241w\" sizes=\"auto, (max-width: 720px) 100vw, 720px\" \/><\/p>\n<p>Segons l&#8217;experi\u00e8ncia laboral hi ha la possibilitat d&#8217;obtenir l&#8217;exempci\u00f3 de la part espec\u00edfica si es demana mitjan\u00e7ant una sol\u00b7licitud normalitzada a l&#8217;administraci\u00f3 del Departament d&#8217;Ensenyament.<\/p>\n<p><b>Modalitat:<\/b><br \/>\nEl curs \u00e9s presencial i cal arribar al 80% de l&#8217;assist\u00e8ncia per obtenir el certificat de l&#8217;escola amb la puntuaci\u00f3 mitjana del curs. Cal seguir les assignatures de l&#8217;IOC ja que ponderen en la obtenci\u00f3 de la puntuaci\u00f3 mitjana del curs. El seguiment de les dues assignatures que l&#8217;alumnat cursa a l&#8217;IOC \u00e9s molt important i per aquest motiu l&#8217;escola dedica 1h setmanal a l&#8217;acompanyament de l&#8217;alumnat en el seguiment d&#8217;aquestes mat\u00e8ries. L&#8217;assist\u00e8ncia a aquestes classes \u00e9s obligat\u00f2ria.<\/p>\n<p>Quan la qualificaci\u00f3 de la prova \u00e9s igual o superior a 4, a la qualificaci\u00f3 obtinguda s&#8217;hi pot sumar:<\/p>\n<ul>\n<li>0&#8217;2* puntuaci\u00f3 obtinguda en el nostre curs de preparaci\u00f3.<\/li>\n<li>puntuaci\u00f3 relativa al curr\u00edculum formatiu, professional i d&#8217;experi\u00e8ncia (fins un m\u00e0xim de 0&#8217;9 punts per estudis i 0&#8217;9 punts per experi\u00e8ncia laboral)<\/li>\n<\/ul>\n<p><strong>Sortides:<\/strong><br \/>\nAl llarg del curs l&#8217;alumnat realitza diverses sortides relacionades amb els continguts de les assignatures i tamb\u00e9 d&#8217;orientaci\u00f3 formativa i laboral. Aqu\u00ed podeu trobar algunes de les imatges d&#8217;aquestes sortides.<\/p>\n<div><a href=\"https:\/\/agora.xtec.cat\/cfasantcugat\/wp-content\/uploads\/usu977\/2020\/03\/pau-casals-2-e1584101779344.jpg\"><img loading=\"lazy\" decoding=\"async\" class=\"alignnone size-medium wp-image-2032\" src=\"https:\/\/agora.xtec.cat\/cfasantcugat\/wp-content\/uploads\/usu977\/2020\/03\/pau-casals-2-300x225.jpg\" alt=\"\" width=\"300\" height=\"225\" \/><\/a> <a href=\"https:\/\/agora.xtec.cat\/cfasantcugat\/wp-content\/uploads\/usu977\/2019\/02\/grup-e1551106574973.jpg\"><img loading=\"lazy\" decoding=\"async\" class=\"alignnone size-medium wp-image-1067\" src=\"https:\/\/agora.xtec.cat\/cfasantcugat\/wp-content\/uploads\/usu977\/2019\/02\/grup-300x225.jpg\" alt=\"\" width=\"300\" height=\"225\" \/>\u00a0<\/a><\/div>\n","protected":false},"excerpt":{"rendered":"<p><a href=\"https:\/\/agora.xtec.cat\/cfasantcugat\/wp-content\/uploads\/usu977\/2020\/01\/20191219_115338.jpg\"><\/a>El curs de preparaci\u00f3 a les proves d&#8217;acc\u00e9s a grau superior est\u00e0 dirigit a totes les persones que tenen un m\u00ednim de 19 anys o b\u00e9 els compleixen durant l&#8217;any en curs. Amb 18 anys tamb\u00e9 es pot accedir si s&#8217;ha aprovat un cicle&hellip;  <a href=\"https:\/\/agora.xtec.cat\/cfasantcugat\/oferta-formativa-en-construccio\/ensenyaments-per-a-la-preparacio-de-proves-dacces\/a-cicles-formatius-de-grau-superior\/\" title=\"Read Curs de preparaci\u00f3 a les proves d&#8217;acc\u00e9s a grau superior\">Llegeix m\u00e9s\u00bb<\/a><\/p>\n","protected":false},"author":1,"featured_media":0,"parent":288,"menu_order":2,"comment_status":"closed","ping_status":"closed","template":"page-templates\/side-menu.php","meta":{"_bbp_topic_count":0,"_bbp_reply_count":0,"_bbp_total_topic_count":0,"_bbp_total_reply_count":0,"_bbp_voice_count":0,"_bbp_anonymous_reply_count":0,"_bbp_topic_count_hidden":0,"_bbp_reply_count_hidden":0,"_bbp_forum_subforum_count":0,"footnotes":""},"class_list":["post-320","page","type-page","status-publish","hentry"],"post_mailing_queue_ids":[],"_links":{"self":[{"href":"https:\/\/agora.xtec.cat\/cfasantcugat\/wp-json\/wp\/v2\/pages\/320","targetHints":{"allow":["GET"]}}],"collection":[{"href":"https:\/\/agora.xtec.cat\/cfasantcugat\/wp-json\/wp\/v2\/pages"}],"about":[{"href":"https:\/\/agora.xtec.cat\/cfasantcugat\/wp-json\/wp\/v2\/types\/page"}],"author":[{"embeddable":true,"href":"https:\/\/agora.xtec.cat\/cfasantcugat\/wp-json\/wp\/v2\/users\/1"}],"replies":[{"embeddable":true,"href":"https:\/\/agora.xtec.cat\/cfasantcugat\/wp-json\/wp\/v2\/comments?post=320"}],"version-history":[{"count":5,"href":"https:\/\/agora.xtec.cat\/cfasantcugat\/wp-json\/wp\/v2\/pages\/320\/revisions"}],"predecessor-version":[{"id":4705,"href":"https:\/\/agora.xtec.cat\/cfasantcugat\/wp-json\/wp\/v2\/pages\/320\/revisions\/4705"}],"up":[{"embeddable":true,"href":"https:\/\/agora.xtec.cat\/cfasantcugat\/wp-json\/wp\/v2\/pages\/288"}],"wp:attachment":[{"href":"https:\/\/agora.xtec.cat\/cfasantcugat\/wp-json\/wp\/v2\/media?parent=320"}],"curies":[{"name":"wp","href":"https:\/\/api.w.org\/{rel}","templated":true}]}}