{"id":316,"date":"2015-01-28T11:33:51","date_gmt":"2015-01-28T10:33:51","guid":{"rendered":"http:\/\/agora.xtec.cat\/cfasantcugat\/?page_id=316"},"modified":"2024-09-19T09:49:46","modified_gmt":"2024-09-19T07:49:46","slug":"competencia-digital-competic","status":"publish","type":"page","link":"https:\/\/agora.xtec.cat\/cfasantcugat\/oferta-formativa-en-construccio\/ensenyaments-transprofessionals\/competencia-digital-competic\/","title":{"rendered":"Compet\u00e8ncia digital Competic (ACTIC)"},"content":{"rendered":"<p><span style=\"font-weight: 400;\"> <a href=\"https:\/\/agora.xtec.cat\/cfasantcugat\/wp-content\/uploads\/usu977\/2023\/03\/1-7.png\"><img loading=\"lazy\" decoding=\"async\" class=\"size-full wp-image-4114 alignright\" src=\"https:\/\/agora.xtec.cat\/cfasantcugat\/wp-content\/uploads\/usu977\/2023\/03\/1-7.png\" alt=\"\" width=\"302\" height=\"257\" srcset=\"https:\/\/agora.xtec.cat\/cfasantcugat\/wp-content\/uploads\/usu977\/2023\/03\/1-7.png 302w, https:\/\/agora.xtec.cat\/cfasantcugat\/wp-content\/uploads\/usu977\/2023\/03\/1-7-300x255.png 300w\" sizes=\"auto, (max-width: 302px) 100vw, 302px\" \/><\/a><\/span><\/p>\n<p><span style=\"font-weight: 400;\">Els ensenyaments d&#8217;inform\u00e0tica tenen com a objectiu facilitar l&#8217;adquisici\u00f3 de la compet\u00e8ncia digital, entesa com la combinaci\u00f3 de coneixements, habilitats i actituds en l&#8217;\u00e0mbit de les tecnologies de la informaci\u00f3 i la comunicaci\u00f3 (TIC) per desenvolupar-se en la societat actual.<\/span><\/p>\n<p><span style=\"font-weight: 400;\">Els cursos van adre\u00e7ats van a persones que ja tenen uns coneixements b\u00e0sics del funcionament de l&#8217;ordinador i del programari m\u00e9s b\u00e0sic, i que volen aprofundir en els \u00e0mbits seg\u00fcents:<\/span><\/p>\n<ul>\n<li style=\"font-weight: 400;\" aria-level=\"1\"><strong>Cultura, participaci\u00f3 i civisme digital.<\/strong><\/li>\n<li style=\"font-weight: 400;\" aria-level=\"1\"><strong>Tecnologia digital, \u00fas de l&#8217;ordinador i del sistema operatiu.<\/strong><\/li>\n<li style=\"font-weight: 400;\" aria-level=\"1\"><strong>Navegaci\u00f3 i comunicaci\u00f3 en el m\u00f3n digital.<\/strong><\/li>\n<li style=\"font-weight: 400;\" aria-level=\"1\"><strong>Tractament de la informaci\u00f3 escrita.<\/strong><\/li>\n<li style=\"font-weight: 400;\" aria-level=\"1\"><strong>Tractament de la informaci\u00f3 gr\u00e0fica, sonora i de la imatge en moviment.<\/strong><\/li>\n<li style=\"font-weight: 400;\" aria-level=\"1\"><strong>Tractament de la informaci\u00f3 num\u00e8rica.<\/strong><\/li>\n<li style=\"font-weight: 400;\" aria-level=\"1\"><strong>Tractament de les dades.<\/strong><\/li>\n<li style=\"font-weight: 400;\" aria-level=\"1\"><strong>Presentaci\u00f3 de continguts.<\/strong><\/li>\n<\/ul>\n<p><span style=\"font-weight: 400;\">Poden accedir a aquests estudis les persones m\u00e9s grans de 18 anys i les que els compleixen durant l\u2019any natural en qu\u00e8 s\u2019inicia la formaci\u00f3.<\/span><\/p>\n<p><span style=\"font-weight: 400;\">Per tal de situar l\u2019alumnat en el nivell que li correspon d\u2019acord amb les seves compet\u00e8ncies, si no t\u00e9 una acreditaci\u00f3 pr\u00e8via, en el moment de la preinscripci\u00f3 l\u2019alumnat haur\u00e0 de fer una prova de nivell.<\/span><\/p>\n<p><span style=\"font-weight: 400;\">No es podr\u00e0 cursar COMPETIC 3 si no s\u2019ha cursat i superat pr\u00e8viament el curs de COMPETIC 2 o s\u2019acredita l\u2019ACTIC mitj\u00e0.<\/span><\/p>\n<p><em><strong>Cursos<\/strong><\/em><\/p>\n<table style=\"width: 62.1035%;\">\n<tbody>\n<tr>\n<td style=\"width: 26.4624%;\"><span style=\"font-weight: 400;\">Competic 1*<\/span><\/td>\n<td style=\"width: 36.7688%;\"><span style=\"font-weight: 400;\">2 classes setmana<\/span><\/td>\n<td style=\"width: 176.88%;\"><span style=\"font-weight: 400;\">3 hores setmana<\/span><\/td>\n<\/tr>\n<tr>\n<td style=\"width: 26.4624%;\"><span style=\"font-weight: 400;\">Competic 2*<\/span><\/td>\n<td style=\"width: 36.7688%;\"><span style=\"font-weight: 400;\">2 classes setmana<\/span><\/td>\n<td style=\"width: 176.88%;\"><span style=\"font-weight: 400;\">4 hores setmana<\/span><\/td>\n<\/tr>\n<tr>\n<td style=\"width: 26.4624%;\"><span style=\"font-weight: 400;\">Competic 3*<\/span><\/td>\n<td style=\"width: 36.7688%;\"><span style=\"font-weight: 400;\">2 classes setmana<\/span><\/td>\n<td style=\"width: 176.88%;\"><span style=\"font-weight: 400;\">4 hores setmana<\/span><\/td>\n<\/tr>\n<\/tbody>\n<\/table>\n<p><em><span style=\"font-weight: 400;\">(*) El certificat de superaci\u00f3 dels cursos de COMPETIC 1, COMPETIC 2 i COMPETIC 3 equival al certificats ACTIC b\u00e0sic, mitj\u00e0 i avan\u00e7at, respectivament.<\/span><\/em><\/p>\n<p>&nbsp;<\/p>\n<p><a href=\"https:\/\/drive.google.com\/file\/d\/1PqK_AoBSln1x-dnXhC2hCz5AkidVl11B\/view?usp=share_link\"><img loading=\"lazy\" decoding=\"async\" class=\"aligncenter size-full wp-image-4115\" src=\"https:\/\/agora.xtec.cat\/cfasantcugat\/wp-content\/uploads\/usu977\/2023\/03\/1-8.png\" alt=\"\" width=\"767\" height=\"132\" srcset=\"https:\/\/agora.xtec.cat\/cfasantcugat\/wp-content\/uploads\/usu977\/2023\/03\/1-8.png 767w, https:\/\/agora.xtec.cat\/cfasantcugat\/wp-content\/uploads\/usu977\/2023\/03\/1-8-300x52.png 300w\" sizes=\"auto, (max-width: 767px) 100vw, 767px\" \/><\/a><\/p>\n<p>&nbsp;<\/p>\n","protected":false},"excerpt":{"rendered":"<p> <a href=\"https:\/\/agora.xtec.cat\/cfasantcugat\/wp-content\/uploads\/usu977\/2023\/03\/1-7.png\"><\/a><br \/>\nEls ensenyaments d&#8217;inform\u00e0tica tenen com a objectiu facilitar l&#8217;adquisici\u00f3 de la compet\u00e8ncia digital, entesa com la combinaci\u00f3 de coneixements, habilitats i actituds en l&#8217;\u00e0mbit de les tecnologies de la informaci\u00f3 i la comunicaci\u00f3 (TIC) per desenvolupar-se en la societat actual.<br \/>\nEls cursos van adre\u00e7ats&hellip;  <a href=\"https:\/\/agora.xtec.cat\/cfasantcugat\/oferta-formativa-en-construccio\/ensenyaments-transprofessionals\/competencia-digital-competic\/\" title=\"Read Compet\u00e8ncia digital Competic (ACTIC)\">Llegeix m\u00e9s\u00bb<\/a><\/p>\n","protected":false},"author":1,"featured_media":0,"parent":286,"menu_order":2,"comment_status":"closed","ping_status":"closed","template":"page-templates\/side-menu.php","meta":{"_bbp_topic_count":0,"_bbp_reply_count":0,"_bbp_total_topic_count":0,"_bbp_total_reply_count":0,"_bbp_voice_count":0,"_bbp_anonymous_reply_count":0,"_bbp_topic_count_hidden":0,"_bbp_reply_count_hidden":0,"_bbp_forum_subforum_count":0,"footnotes":""},"class_list":["post-316","page","type-page","status-publish","hentry"],"post_mailing_queue_ids":[],"_links":{"self":[{"href":"https:\/\/agora.xtec.cat\/cfasantcugat\/wp-json\/wp\/v2\/pages\/316","targetHints":{"allow":["GET"]}}],"collection":[{"href":"https:\/\/agora.xtec.cat\/cfasantcugat\/wp-json\/wp\/v2\/pages"}],"about":[{"href":"https:\/\/agora.xtec.cat\/cfasantcugat\/wp-json\/wp\/v2\/types\/page"}],"author":[{"embeddable":true,"href":"https:\/\/agora.xtec.cat\/cfasantcugat\/wp-json\/wp\/v2\/users\/1"}],"replies":[{"embeddable":true,"href":"https:\/\/agora.xtec.cat\/cfasantcugat\/wp-json\/wp\/v2\/comments?post=316"}],"version-history":[{"count":4,"href":"https:\/\/agora.xtec.cat\/cfasantcugat\/wp-json\/wp\/v2\/pages\/316\/revisions"}],"predecessor-version":[{"id":4698,"href":"https:\/\/agora.xtec.cat\/cfasantcugat\/wp-json\/wp\/v2\/pages\/316\/revisions\/4698"}],"up":[{"embeddable":true,"href":"https:\/\/agora.xtec.cat\/cfasantcugat\/wp-json\/wp\/v2\/pages\/286"}],"wp:attachment":[{"href":"https:\/\/agora.xtec.cat\/cfasantcugat\/wp-json\/wp\/v2\/media?parent=316"}],"curies":[{"name":"wp","href":"https:\/\/api.w.org\/{rel}","templated":true}]}}