{"id":312,"date":"2015-01-28T11:32:38","date_gmt":"2015-01-28T10:32:38","guid":{"rendered":"http:\/\/agora.xtec.cat\/cfasantcugat\/?page_id=312"},"modified":"2024-09-19T09:50:51","modified_gmt":"2024-09-19T07:50:51","slug":"llengua-anglesa","status":"publish","type":"page","link":"https:\/\/agora.xtec.cat\/cfasantcugat\/oferta-formativa-en-construccio\/ensenyaments-transprofessionals\/llengua-anglesa\/","title":{"rendered":"Llengua anglesa"},"content":{"rendered":"<p><span style=\"font-weight: 400;\">Aquests estudis tenen com a objectiu que les persones adultes amb bon domini de catal\u00e0 i\/o castell\u00e0 assoleixin un grau de compet\u00e8ncia b\u00e0sic per a comunicar-se en llengua anglesa.<\/span><\/p>\n<p><span style=\"font-weight: 400;\">En els tres nivells es treballen les habilitats de comprensi\u00f3 i expressi\u00f3 orals i escrites que permeten fer front a la major part de situacions ling\u00fc\u00edstiques de la vida quotidiana i comunicar-se de forma b\u00e0sica en un entorn pluriling\u00fce i multicultural.<\/span><\/p>\n<p><span style=\"font-weight: 400;\">Poden accedir a aquests estudis les persones m\u00e9s grans de 18 anys i les que els compleixen durant l\u2019any natural en qu\u00e8 s\u2019inicia la formaci\u00f3.<\/span><\/p>\n<p><span style=\"font-weight: 400;\">Per tal de situar l\u2019alumnat en el nivell que li correspon d\u2019acord amb les seves compet\u00e8ncies, en el moment de la preinscripci\u00f3 l\u2019alumne haur\u00e0 de fer una prova de nivell.\u00a0<\/span><\/p>\n<p><strong>Cursos<\/strong><\/p>\n<table style=\"width: 67.8079%;\">\n<tbody>\n<tr>\n<td style=\"width: 17.0068%;\"><span style=\"font-weight: 400;\">Angl\u00e8s 1<\/span><\/td>\n<td style=\"width: 20.8617%;\"><span style=\"font-weight: 400;\">Nivell A1*<\/span><\/td>\n<td style=\"width: 31.0658%;\"><span style=\"font-weight: 400;\">2 classes setmana<\/span><\/td>\n<td style=\"width: 137.868%;\"><span style=\"font-weight: 400;\">3 hores setmana<\/span><\/td>\n<\/tr>\n<tr>\n<td style=\"width: 17.0068%;\"><span style=\"font-weight: 400;\">Angl\u00e8s 2<\/span><\/td>\n<td style=\"width: 20.8617%;\"><span style=\"font-weight: 400;\">Nivell A2.1*<\/span><\/td>\n<td style=\"width: 31.0658%;\"><span style=\"font-weight: 400;\">2 classes setmana<\/span><\/td>\n<td style=\"width: 137.868%;\"><span style=\"font-weight: 400;\">4 hores setmana<\/span><\/td>\n<\/tr>\n<tr>\n<td style=\"width: 17.0068%;\"><span style=\"font-weight: 400;\">Angl\u00e8s 3<\/span><\/td>\n<td style=\"width: 20.8617%;\"><span style=\"font-weight: 400;\">Nivell A2.2*<\/span><\/td>\n<td style=\"width: 31.0658%;\"><span style=\"font-weight: 400;\">2 classes setmana<\/span><\/td>\n<td style=\"width: 137.868%;\"><span style=\"font-weight: 400;\">4 hores setmana<\/span><\/td>\n<\/tr>\n<\/tbody>\n<\/table>\n<p><em><span style=\"font-weight: 400;\">* Nivells del MECR (Marc Europeu Com\u00fa de Refer\u00e8ncia per a les lleng\u00fces)<\/span><\/em><\/p>\n<p><span style=\"font-weight: 400;\">Els alumnes de nivell 3 de llengua estrangera han de superar una prova de nivell b\u00e0sic (A2 del MERC) abans de finalitzar el curs per mostrar el grau d&#8217;assoliment de la compet\u00e8ncia ling\u00fc\u00edstica.\u00a0<\/span><\/p>\n<p><span style=\"font-weight: 400;\">Un cop finalitzats aquests estudis, i havent superat l\u2019avaluaci\u00f3, l\u2019alumnat pot continuar la formaci\u00f3 en una escola oficial d\u2019idiomes, accedint al nivell de 3r sense haver de superar una prova de nivell.<\/span><\/p>\n<h1><b>Llibres de text. Curs 2022\/2023<\/b><\/h1>\n<p><b>Angl\u00e8s 1 i 2<\/b><\/p>\n<p><span style=\"font-weight: 400;\">English File 4th Edition A1\/A2. Student&#8217;s Book and Workbook with Key<\/span><\/p>\n<p><span style=\"font-weight: 400;\">Pack ISBN.9780194058001<\/span><\/p>\n<p><b>Angl\u00e8s 3<\/b><\/p>\n<p><span style=\"font-weight: 400;\">English File 4th Edition A2\/B1. Student&#8217;s Book and Workbook with Key<\/span><\/p>\n<p><span style=\"font-weight: 400;\">Pack ISBN 9780194058124<\/span><\/p>\n<h1><a href=\"https:\/\/drive.google.com\/file\/d\/1z84d9u290wbEPTLAB1hZ9WNvCd3bAreH\/view?usp=share_link\"><img loading=\"lazy\" decoding=\"async\" class=\"aligncenter size-full wp-image-4112\" src=\"https:\/\/agora.xtec.cat\/cfasantcugat\/wp-content\/uploads\/usu977\/2023\/03\/1-6.png\" alt=\"\" width=\"799\" height=\"146\" srcset=\"https:\/\/agora.xtec.cat\/cfasantcugat\/wp-content\/uploads\/usu977\/2023\/03\/1-6.png 799w, https:\/\/agora.xtec.cat\/cfasantcugat\/wp-content\/uploads\/usu977\/2023\/03\/1-6-300x55.png 300w, https:\/\/agora.xtec.cat\/cfasantcugat\/wp-content\/uploads\/usu977\/2023\/03\/1-6-768x140.png 768w\" sizes=\"auto, (max-width: 799px) 100vw, 799px\" \/><\/a><\/h1>\n<p>&nbsp;<\/p>\n","protected":false},"excerpt":{"rendered":"<p>Aquests estudis tenen com a objectiu que les persones adultes amb bon domini de catal\u00e0 i\/o castell\u00e0 assoleixin un grau de compet\u00e8ncia b\u00e0sic per a comunicar-se en llengua anglesa.<br \/>\nEn els tres nivells es treballen les habilitats de comprensi\u00f3 i expressi\u00f3 orals i escrites que permeten&hellip;  <a href=\"https:\/\/agora.xtec.cat\/cfasantcugat\/oferta-formativa-en-construccio\/ensenyaments-transprofessionals\/llengua-anglesa\/\" title=\"Read Llengua anglesa\">Llegeix m\u00e9s\u00bb<\/a><\/p>\n","protected":false},"author":1,"featured_media":0,"parent":286,"menu_order":1,"comment_status":"closed","ping_status":"closed","template":"page-templates\/side-menu.php","meta":{"_bbp_topic_count":0,"_bbp_reply_count":0,"_bbp_total_topic_count":0,"_bbp_total_reply_count":0,"_bbp_voice_count":0,"_bbp_anonymous_reply_count":0,"_bbp_topic_count_hidden":0,"_bbp_reply_count_hidden":0,"_bbp_forum_subforum_count":0,"footnotes":""},"class_list":["post-312","page","type-page","status-publish","hentry"],"post_mailing_queue_ids":[],"_links":{"self":[{"href":"https:\/\/agora.xtec.cat\/cfasantcugat\/wp-json\/wp\/v2\/pages\/312","targetHints":{"allow":["GET"]}}],"collection":[{"href":"https:\/\/agora.xtec.cat\/cfasantcugat\/wp-json\/wp\/v2\/pages"}],"about":[{"href":"https:\/\/agora.xtec.cat\/cfasantcugat\/wp-json\/wp\/v2\/types\/page"}],"author":[{"embeddable":true,"href":"https:\/\/agora.xtec.cat\/cfasantcugat\/wp-json\/wp\/v2\/users\/1"}],"replies":[{"embeddable":true,"href":"https:\/\/agora.xtec.cat\/cfasantcugat\/wp-json\/wp\/v2\/comments?post=312"}],"version-history":[{"count":4,"href":"https:\/\/agora.xtec.cat\/cfasantcugat\/wp-json\/wp\/v2\/pages\/312\/revisions"}],"predecessor-version":[{"id":4699,"href":"https:\/\/agora.xtec.cat\/cfasantcugat\/wp-json\/wp\/v2\/pages\/312\/revisions\/4699"}],"up":[{"embeddable":true,"href":"https:\/\/agora.xtec.cat\/cfasantcugat\/wp-json\/wp\/v2\/pages\/286"}],"wp:attachment":[{"href":"https:\/\/agora.xtec.cat\/cfasantcugat\/wp-json\/wp\/v2\/media?parent=312"}],"curies":[{"name":"wp","href":"https:\/\/api.w.org\/{rel}","templated":true}]}}