{"id":303,"date":"2015-01-28T11:23:05","date_gmt":"2015-01-28T10:23:05","guid":{"rendered":"http:\/\/agora.xtec.cat\/cfasantcugat\/?page_id=303"},"modified":"2024-09-19T09:56:02","modified_gmt":"2024-09-19T07:56:02","slug":"graduat-en-educacio-secundaria-per-adults","status":"publish","type":"page","link":"https:\/\/agora.xtec.cat\/cfasantcugat\/oferta-formativa-en-construccio\/inicials-i-formacio-basica\/graduat-en-educacio-secundaria-per-adults\/","title":{"rendered":"Graduat en educaci\u00f3 secund\u00e0ria obligat\u00f2ria (GESO)"},"content":{"rendered":"<p><b>El Graduat en Educaci\u00f3 Secund\u00e0ria Obligat\u00f2ria (GESO)<\/b><span style=\"font-weight: 400;\"> \u00e9s el t\u00edtol que acredita la formaci\u00f3 en estudis secundaris per a persones adultes (majors de 18 anys). Aquesta titulaci\u00f3 \u00e9s molt demandada al m\u00f3n laboral i \u00e9s molt important dins de la <\/span><b>traject\u00f2ria personal de formaci\u00f3 continuada <\/b><span style=\"font-weight: 400;\">al llarg de la vida.<\/span><\/p>\n<p><span style=\"font-weight: 400;\"><a style=\"color: #2795b6;\" href=\"https:\/\/agora.xtec.cat\/cfasantcugat\/wp-content\/uploads\/usu977\/2023\/03\/WhatsApp-Image-2023-03-16-at-12.01.41.jpeg\"><img loading=\"lazy\" decoding=\"async\" class=\"wp-image-4160 alignright\" src=\"https:\/\/agora.xtec.cat\/cfasantcugat\/wp-content\/uploads\/usu977\/2023\/03\/WhatsApp-Image-2023-03-16-at-12.01.41.jpeg\" alt=\"\" width=\"238\" height=\"178\" srcset=\"https:\/\/agora.xtec.cat\/cfasantcugat\/wp-content\/uploads\/usu977\/2023\/03\/WhatsApp-Image-2023-03-16-at-12.01.41.jpeg 1024w, https:\/\/agora.xtec.cat\/cfasantcugat\/wp-content\/uploads\/usu977\/2023\/03\/WhatsApp-Image-2023-03-16-at-12.01.41-300x225.jpeg 300w, https:\/\/agora.xtec.cat\/cfasantcugat\/wp-content\/uploads\/usu977\/2023\/03\/WhatsApp-Image-2023-03-16-at-12.01.41-768x576.jpeg 768w, https:\/\/agora.xtec.cat\/cfasantcugat\/wp-content\/uploads\/usu977\/2023\/03\/WhatsApp-Image-2023-03-16-at-12.01.41-200x150.jpeg 200w\" sizes=\"auto, (max-width: 238px) 100vw, 238px\" \/><\/a><\/span><\/p>\n<p><span style=\"font-weight: 400;\">Segons les possibles convalidacions o acreditacions, els estudis es poden cursar en un o dos cursos <\/span><b>GES 1 i GES 2<\/b><span style=\"font-weight: 400;\"> que ofereixen la possibilitat de reprendre els estudis i d\u2019aconseguir el <\/span><b>t\u00edtol de<\/b><\/p>\n<p>&nbsp;<\/p>\n<p><b>\u00a0graduat\/ada en educaci\u00f3 secund\u00e0ria obligat\u00f2ria (GESO)<\/b><span style=\"font-weight: 400;\"> a totes les persones que no van finalitzar els estudis de secund\u00e0ria i a aquelles que hagin superat un curs de formaci\u00f3 i inserci\u00f3 laboral com\u00a0 un PFI o un PQPI.<\/span><\/p>\n<p><span style=\"font-weight: 400;\">Els estudis de GESO consten de tres \u00e0mbits i cada \u00e0mbit est\u00e0 estructurat en m\u00f2duls que tenen un contingut homogeni i la durada d\u2019un trimestre:<\/span><\/p>\n<ul>\n<li style=\"font-weight: 400;\" aria-level=\"1\"><b>\u00c0mbit de la comunicaci\u00f3<\/b><b>:<\/b><span style=\"font-weight: 400;\"> llengua catalana i literatura, llengua castellana i literatura i llengua estrangera (angl\u00e8s).<\/span><\/li>\n<li style=\"font-weight: 400;\" aria-level=\"1\"><b>\u00c0mbit cient\u00edfic tecnol\u00f2gic:<\/b><span style=\"font-weight: 400;\"> ci\u00e8ncies de la naturalesa, matem\u00e0tiques, tecnologia, educaci\u00f3 per a la salut i el medi ambient, f\u00edsica i qu\u00edmica, biologia i geologia.<\/span><\/li>\n<li style=\"font-weight: 400;\" aria-level=\"1\"><b>\u00c0mbit social:<\/b><span style=\"font-weight: 400;\"> ci\u00e8ncies socials, geografia i hist\u00f2ria, i educaci\u00f3 per a la ciutadania.<\/span><\/li>\n<\/ul>\n<p>&nbsp;<\/p>\n<p><b><a href=\"https:\/\/agora.xtec.cat\/cfasantcugat\/wp-content\/uploads\/usu977\/2023\/03\/1-10.png\"><img loading=\"lazy\" decoding=\"async\" class=\"size-full wp-image-4119 alignright\" src=\"https:\/\/agora.xtec.cat\/cfasantcugat\/wp-content\/uploads\/usu977\/2023\/03\/1-10.png\" alt=\"\" width=\"293\" height=\"217\" \/><\/a>Calendari:<\/b><\/p>\n<p><span style=\"font-weight: 400;\">\u2013 Inici del curs: Setembre.<\/span><\/p>\n<p><span style=\"font-weight: 400;\">\u2013 Finalitzaci\u00f3 del curs: Juny.<\/span><\/p>\n<p><span style=\"font-weight: 400;\">Hi ha la possibilitat d\u2019incorporar-se al curs al segon i al tercer trimestre.<\/span><\/p>\n<p><b>Horari: <\/b><span style=\"font-weight: 400;\">aquests estudis s\u2019imparteixen en <\/span><b>horari de tarda <\/b><span style=\"font-weight: 400;\">(orientativament entre les 17h i les 21h). L\u2019horari s\u2019elaborar\u00e0 en funci\u00f3 de l\u2019<\/span><b>itinerari personal de cada alumne\/a<\/b><span style=\"font-weight: 400;\">. Es cursen un m\u00e0xim de 17 hores setmanals i l\u2019alumnat es matricula per m\u00f2duls, no per assignatures (oferta modular).<\/span><\/p>\n<p>&nbsp;<\/p>\n<p><b>Modalitat: <\/b><span style=\"font-weight: 400;\">presencial.<\/span><\/p>\n<p><b>Titulaci\u00f3: <\/b><span style=\"font-weight: 400;\">els estudis finalitzen quan es completen tots els m\u00f2duls de l\u2019itinerari formatiu personal. S\u2019obt\u00e9 el <\/span><span style=\"font-weight: 400;\">t\u00edtol de Graduat en Educaci\u00f3 Secund\u00e0ria Obligat\u00f2ria (GESO).<\/span><span style=\"font-weight: 400;\"> Un cop s\u2019obt\u00e9 el t\u00edtol de GESO es pot continuar la formaci\u00f3 secund\u00e0ria postobligat\u00f2ria, tal i com permet el t\u00edtol d\u2019educaci\u00f3 secund\u00e0ria obligat\u00f2ria (ESO), tot cursant el Batxillerat o b\u00e9 un Cicle Formatiu de Grau Mitj\u00e0.<\/span><\/p>\n<p><span style=\"font-weight: 400;\">\u00a0<\/span><\/p>\n<p><a href=\"https:\/\/drive.google.com\/file\/d\/1qFltJ_Y3EhYRY4fh_dmr4JqoCDfRwFcE\/view?usp=share_link\"><img loading=\"lazy\" decoding=\"async\" class=\"aligncenter size-full wp-image-4120\" src=\"https:\/\/agora.xtec.cat\/cfasantcugat\/wp-content\/uploads\/usu977\/2023\/03\/1-11.png\" alt=\"\" width=\"766\" height=\"141\" srcset=\"https:\/\/agora.xtec.cat\/cfasantcugat\/wp-content\/uploads\/usu977\/2023\/03\/1-11.png 766w, https:\/\/agora.xtec.cat\/cfasantcugat\/wp-content\/uploads\/usu977\/2023\/03\/1-11-300x55.png 300w\" sizes=\"auto, (max-width: 766px) 100vw, 766px\" \/><\/a><\/p>\n","protected":false},"excerpt":{"rendered":"<p>El Graduat en Educaci\u00f3 Secund\u00e0ria Obligat\u00f2ria (GESO) \u00e9s el t\u00edtol que acredita la formaci\u00f3 en estudis secundaris per a persones adultes (majors de 18 anys). Aquesta titulaci\u00f3 \u00e9s molt demandada al m\u00f3n laboral i \u00e9s molt important dins de la traject\u00f2ria personal de formaci\u00f3 continuada&hellip;  <a href=\"https:\/\/agora.xtec.cat\/cfasantcugat\/oferta-formativa-en-construccio\/inicials-i-formacio-basica\/graduat-en-educacio-secundaria-per-adults\/\" title=\"Read Graduat en educaci\u00f3 secund\u00e0ria obligat\u00f2ria (GESO)\">Llegeix m\u00e9s\u00bb<\/a><\/p>\n","protected":false},"author":1,"featured_media":0,"parent":4095,"menu_order":4,"comment_status":"closed","ping_status":"closed","template":"page-templates\/side-menu.php","meta":{"_bbp_topic_count":0,"_bbp_reply_count":0,"_bbp_total_topic_count":0,"_bbp_total_reply_count":0,"_bbp_voice_count":0,"_bbp_anonymous_reply_count":0,"_bbp_topic_count_hidden":0,"_bbp_reply_count_hidden":0,"_bbp_forum_subforum_count":0,"footnotes":""},"class_list":["post-303","page","type-page","status-publish","hentry"],"post_mailing_queue_ids":[],"_links":{"self":[{"href":"https:\/\/agora.xtec.cat\/cfasantcugat\/wp-json\/wp\/v2\/pages\/303","targetHints":{"allow":["GET"]}}],"collection":[{"href":"https:\/\/agora.xtec.cat\/cfasantcugat\/wp-json\/wp\/v2\/pages"}],"about":[{"href":"https:\/\/agora.xtec.cat\/cfasantcugat\/wp-json\/wp\/v2\/types\/page"}],"author":[{"embeddable":true,"href":"https:\/\/agora.xtec.cat\/cfasantcugat\/wp-json\/wp\/v2\/users\/1"}],"replies":[{"embeddable":true,"href":"https:\/\/agora.xtec.cat\/cfasantcugat\/wp-json\/wp\/v2\/comments?post=303"}],"version-history":[{"count":4,"href":"https:\/\/agora.xtec.cat\/cfasantcugat\/wp-json\/wp\/v2\/pages\/303\/revisions"}],"predecessor-version":[{"id":4704,"href":"https:\/\/agora.xtec.cat\/cfasantcugat\/wp-json\/wp\/v2\/pages\/303\/revisions\/4704"}],"up":[{"embeddable":true,"href":"https:\/\/agora.xtec.cat\/cfasantcugat\/wp-json\/wp\/v2\/pages\/4095"}],"wp:attachment":[{"href":"https:\/\/agora.xtec.cat\/cfasantcugat\/wp-json\/wp\/v2\/media?parent=303"}],"curies":[{"name":"wp","href":"https:\/\/api.w.org\/{rel}","templated":true}]}}