{"id":301,"date":"2015-01-28T11:21:46","date_gmt":"2015-01-28T10:21:46","guid":{"rendered":"http:\/\/agora.xtec.cat\/cfasantcugat\/?page_id=301"},"modified":"2024-09-19T09:55:24","modified_gmt":"2024-09-19T07:55:24","slug":"formacio-instrumental","status":"publish","type":"page","link":"https:\/\/agora.xtec.cat\/cfasantcugat\/oferta-formativa-en-construccio\/inicials-i-formacio-basica\/formacio-instrumental\/","title":{"rendered":"Formaci\u00f3 instrumental"},"content":{"rendered":"<p><a href=\"https:\/\/agora.xtec.cat\/cfasantcugat\/wp-content\/uploads\/usu977\/2020\/03\/instrumental-2.jpg\"><img loading=\"lazy\" decoding=\"async\" class=\"size-medium wp-image-1957 alignright\" src=\"https:\/\/agora.xtec.cat\/cfasantcugat\/wp-content\/uploads\/usu977\/2020\/03\/instrumental-2-300x225.jpg\" alt=\"\" width=\"300\" height=\"225\" srcset=\"https:\/\/agora.xtec.cat\/cfasantcugat\/wp-content\/uploads\/usu977\/2020\/03\/instrumental-2-300x225.jpg 300w, https:\/\/agora.xtec.cat\/cfasantcugat\/wp-content\/uploads\/usu977\/2020\/03\/instrumental-2-200x150.jpg 200w, https:\/\/agora.xtec.cat\/cfasantcugat\/wp-content\/uploads\/usu977\/2020\/03\/instrumental-2.jpg 320w\" sizes=\"auto, (max-width: 300px) 100vw, 300px\" \/><\/a>Els ensenyaments de formaci\u00f3 instrumental per a les persones adultes estan adre\u00e7ats a persones adultes per tal que aprenguin a <strong>llegir, escriure i fer c\u00e0lculs elementals.\u00a0<\/strong>La superaci\u00f3 d&#8217;aquests estudis permet l&#8217;obtenci\u00f3 del <strong>certificat de formaci\u00f3 instrumental. <\/strong><\/p>\n<p><strong>1. <\/strong><b style=\"font-weight: bold;\">Nivells:<\/b><\/p>\n<ul>\n<li style=\"list-style-type: none;\">\n<ul>\n<li><strong>Primer nivell:<\/strong> l\u2019aprenentatge se centra en l\u2019adquisici\u00f3 dels mecanismes fonamentals de lectura i escriptura i de c\u00e0lcul, a m\u00e9s de nocions elementals sobre l\u2019entorn social i cultural.<\/li>\n<li><strong>Segon nivell:<\/strong> l\u2019objectiu central \u00e9s consolidar aquest mecanismes.<\/li>\n<li><strong>Tercer nivell:<\/strong> s\u2019amplien els coneixements anteriors fins a assolir els objectius generals del cicle.<\/li>\n<li><strong>Quart nivell: <\/strong>Consolidar l\u2019adquisici\u00f3 de les compet\u00e8ncies clau per<br \/>\ngarantir una autonomia plena de l\u2019alumnat i afavorir l\u2019acc\u00e9s als estudis de GESO.<\/li>\n<\/ul>\n<\/li>\n<\/ul>\n<p>Si es vol continuar la formaci\u00f3, es pot cursar l&#8217;educaci\u00f3 secund\u00e0ria per a les persones adultes o la preparaci\u00f3 per a les proves d&#8217;acc\u00e9s a cicles formatius.<\/p>\n<p>Es treballen diverses<b style=\"font-family: inherit; font-size: 1em;\"><b> capacitats <\/b><\/b>per tal de:<\/p>\n<ul>\n<li style=\"list-style-type: none;\">\n<ul style=\"list-style-type: circle;\">\n<li>Millorar la comunicaci\u00f3 oral.<\/li>\n<li>Adquirir els fonaments de la comunicaci\u00f3 escrita de les lleng\u00fces oficials de Catalunya.<\/li>\n<li>Comprendre, a partir de l\u2019observaci\u00f3, el fets i fen\u00f2mens \u00a0del medi f\u00edsic i natural.<\/li>\n<li>Con\u00e8ixer els aspectes elementals, geogr\u00e0fics, culturals i de conviv\u00e8ncia democr\u00e0tica tot mostrant una \u00a0actitud cr\u00edtica, constructiva i participativa.<\/li>\n<li>Manifestar els h\u00e0bits que afavoreixen actituds responsables en els \u00e0mbits personal i col\u00b7lectiu.<\/li>\n<li>Emprar els conceptes matem\u00e0tics elementals i les operacions b\u00e0siques per tal d\u2019interpretar i resoldre problemes lligats a l\u2019entorn de \u00a0l\u2019alumne\/a , mitjan\u00e7ant el llenguatge matem\u00e0tic.<\/li>\n<li>Iniciar-se en la utilitzaci\u00f3 de les tecnologies de la informaci\u00f3 i la comunicaci\u00f3.<\/li>\n<li>Exercir l\u2019autonomia personal i millorar l\u2019autoestima, tot valorant la import\u00e0ncia de la formaci\u00f3 com a un dret b\u00e0sic del desenvolupament personal, i motivar-se per continuar aprenent.<\/li>\n<li>Incorporar-se, si s&#8217;escau, al m\u00f3n laboral amb una formaci\u00f3 b\u00e0sica adquirida.<\/li>\n<\/ul>\n<\/li>\n<\/ul>\n<p>&nbsp;<\/p>\n<p><b>Modalitat del curs: <\/b>presencial.<\/p>\n<p><b style=\"font-family: inherit; font-size: 1em;\"><b>Avaluaci\u00f3: <\/b><\/b><span style=\"font-family: inherit; font-size: 1em;\">formativa i continuada.<\/span><\/p>\n<p><strong>Calendari:<\/strong><\/p>\n<p><b>&#8211; Inici del curs: <\/b>Setembre<\/p>\n<p><b>&#8211; Finalitzaci\u00f3 del curs: <\/b>Juny<\/p>\n<p>A continuaci\u00f3 podeu veure algunes de les activitats que hem fet fora de les aules amb l&#8217;alumnat d&#8217;Instrumental:<\/p>\n<p>&nbsp;<\/p>\n<p><a href=\"http:\/\/agora.xtec.cat\/cfasantcugat\/general\/aprendemos-espanol\/\"><img loading=\"lazy\" decoding=\"async\" class=\"alignnone wp-image-1165 size-medium\" src=\"https:\/\/agora.xtec.cat\/cfasantcugat\/wp-content\/uploads\/usu977\/2019\/05\/instrumental-2-300x225.jpg\" alt=\"\" width=\"300\" height=\"225\" srcset=\"https:\/\/agora.xtec.cat\/cfasantcugat\/wp-content\/uploads\/usu977\/2019\/05\/instrumental-2-300x225.jpg 300w, https:\/\/agora.xtec.cat\/cfasantcugat\/wp-content\/uploads\/usu977\/2019\/05\/instrumental-2-200x150.jpg 200w, https:\/\/agora.xtec.cat\/cfasantcugat\/wp-content\/uploads\/usu977\/2019\/05\/instrumental-2.jpg 400w\" sizes=\"auto, (max-width: 300px) 100vw, 300px\" \/><\/a><\/p>\n<p><a href=\"https:\/\/agora.xtec.cat\/cfasantcugat\/general\/passeig-pel-barri-gotic-de-barcelona\/\">Passeig pel barri G\u00f2tic de Barcelona<\/a><\/p>\n<p><a href=\"https:\/\/agora.xtec.cat\/cfasantcugat\/wp-content\/uploads\/usu977\/2020\/03\/instrumental.jpg\"><img loading=\"lazy\" decoding=\"async\" class=\"alignnone size-medium wp-image-1953\" src=\"https:\/\/agora.xtec.cat\/cfasantcugat\/wp-content\/uploads\/usu977\/2020\/03\/instrumental-300x225.jpg\" alt=\"\" width=\"300\" height=\"225\" srcset=\"https:\/\/agora.xtec.cat\/cfasantcugat\/wp-content\/uploads\/usu977\/2020\/03\/instrumental-300x225.jpg 300w, https:\/\/agora.xtec.cat\/cfasantcugat\/wp-content\/uploads\/usu977\/2020\/03\/instrumental-200x150.jpg 200w, https:\/\/agora.xtec.cat\/cfasantcugat\/wp-content\/uploads\/usu977\/2020\/03\/instrumental.jpg 320w\" sizes=\"auto, (max-width: 300px) 100vw, 300px\" \/><\/a><\/p>\n","protected":false},"excerpt":{"rendered":"<p><a href=\"https:\/\/agora.xtec.cat\/cfasantcugat\/wp-content\/uploads\/usu977\/2020\/03\/instrumental-2.jpg\"><\/a>Els ensenyaments de formaci\u00f3 instrumental per a les persones adultes estan adre\u00e7ats a persones adultes per tal que aprenguin a llegir, escriure i fer c\u00e0lculs elementals.\u00a0La superaci\u00f3 d&#8217;aquests estudis permet l&#8217;obtenci\u00f3 del certificat de formaci\u00f3 instrumental.<br \/>\n1. Nivells:<\/p>\n<ul>\n<li style=\"list-style-type: none;\">\n<ul>\n<li>Primer nivell: l\u2019aprenentatge se centra&hellip;  <a href=\"https:\/\/agora.xtec.cat\/cfasantcugat\/oferta-formativa-en-construccio\/inicials-i-formacio-basica\/formacio-instrumental\/\" title=\"Read Formaci\u00f3 instrumental\">Llegeix m\u00e9s\u00bb<\/a><br \/>\n","protected":false},"author":1,"featured_media":0,"parent":4095,"menu_order":3,"comment_status":"closed","ping_status":"closed","template":"page-templates\/side-menu.php","meta":{"_bbp_topic_count":0,"_bbp_reply_count":0,"_bbp_total_topic_count":0,"_bbp_total_reply_count":0,"_bbp_voice_count":0,"_bbp_anonymous_reply_count":0,"_bbp_topic_count_hidden":0,"_bbp_reply_count_hidden":0,"_bbp_forum_subforum_count":0,"footnotes":""},"class_list":["post-301","page","type-page","status-publish","hentry"],"post_mailing_queue_ids":[],"_links":{"self":[{"href":"https:\/\/agora.xtec.cat\/cfasantcugat\/wp-json\/wp\/v2\/pages\/301","targetHints":{"allow":["GET"]}}],"collection":[{"href":"https:\/\/agora.xtec.cat\/cfasantcugat\/wp-json\/wp\/v2\/pages"}],"about":[{"href":"https:\/\/agora.xtec.cat\/cfasantcugat\/wp-json\/wp\/v2\/types\/page"}],"author":[{"embeddable":true,"href":"https:\/\/agora.xtec.cat\/cfasantcugat\/wp-json\/wp\/v2\/users\/1"}],"replies":[{"embeddable":true,"href":"https:\/\/agora.xtec.cat\/cfasantcugat\/wp-json\/wp\/v2\/comments?post=301"}],"version-history":[{"count":4,"href":"https:\/\/agora.xtec.cat\/cfasantcugat\/wp-json\/wp\/v2\/pages\/301\/revisions"}],"predecessor-version":[{"id":4703,"href":"https:\/\/agora.xtec.cat\/cfasantcugat\/wp-json\/wp\/v2\/pages\/301\/revisions\/4703"}],"up":[{"embeddable":true,"href":"https:\/\/agora.xtec.cat\/cfasantcugat\/wp-json\/wp\/v2\/pages\/4095"}],"wp:attachment":[{"href":"https:\/\/agora.xtec.cat\/cfasantcugat\/wp-json\/wp\/v2\/media?parent=301"}],"curies":[{"name":"wp","href":"https:\/\/api.w.org\/{rel}","templated":true}]}}