{"id":296,"date":"2015-01-28T11:18:08","date_gmt":"2015-01-28T10:18:08","guid":{"rendered":"http:\/\/agora.xtec.cat\/cfasantcugat\/?page_id=296"},"modified":"2023-03-16T10:38:11","modified_gmt":"2023-03-16T09:38:11","slug":"llengua-catalana","status":"publish","type":"page","link":"https:\/\/agora.xtec.cat\/cfasantcugat\/oferta-formativa-en-construccio\/inicials-i-formacio-basica\/llengua-catalana\/","title":{"rendered":"Llengua catalana"},"content":{"rendered":"<p><a href=\"https:\/\/agora.xtec.cat\/cfasantcugat\/wp-content\/uploads\/usu977\/2019\/12\/caga-ti\u00f3-1-e1576865835406.jpg\"><img loading=\"lazy\" decoding=\"async\" class=\"size-medium wp-image-1640 alignleft\" src=\"https:\/\/agora.xtec.cat\/cfasantcugat\/wp-content\/uploads\/usu977\/2019\/12\/caga-ti\u00f3-1-300x225.jpg\" alt=\"\" width=\"300\" height=\"225\" \/><\/a><\/p>\n<p>Per tal d\u2019acostar la realitat cultural i ling\u00fc\u00edstica de Catalunya a les persones per a que tinguin les mateixes oportunitats socials, laborals i de comunicaci\u00f3.<\/p>\n<p>L\u2019enfocament metodol\u00f2gic i ling\u00fc\u00edstic del CFA situa l\u2019aprenentatge de lleng\u00fces en un context social, cultural i psicol\u00f2gic ampli, que considera l\u2019aprenent dins del marc de l\u2019activitat humana i, per tant, d\u00f3na un relleu especial a les necessitats de l\u2019individu i al desenvolupament d\u2019aprenentatges \u00fatils que cobreixin les seves necessitats de comunicaci\u00f3.<\/p>\n<ul>\n<li>Acolliment<\/li>\n<li>Llengua vehicular, escrits, retolaci\u00f3<\/li>\n<li>Introducci\u00f3 de la llengua catalana . Instrumental<\/li>\n<li>M\u00f2duls de llengua catalana i literatura catalana a GESO 1 i 2<\/li>\n<\/ul>\n<p>Entenen que llengua i cultura van de la m\u00e0, l\u2019alumnat coneixer\u00e0 aspectes culturals, com per exemple festes, tradicions, gastronomia &#8230;<\/p>\n<p><a href=\"https:\/\/agora.xtec.cat\/cfasantcugat\/wp-content\/uploads\/usu977\/2019\/11\/castanyada-1.jpg\"><img loading=\"lazy\" decoding=\"async\" class=\"size-medium wp-image-1420 alignright\" src=\"https:\/\/agora.xtec.cat\/cfasantcugat\/wp-content\/uploads\/usu977\/2019\/11\/castanyada-1-300x225.jpg\" alt=\"\" width=\"300\" height=\"225\" srcset=\"https:\/\/agora.xtec.cat\/cfasantcugat\/wp-content\/uploads\/usu977\/2019\/11\/castanyada-1-300x225.jpg 300w, https:\/\/agora.xtec.cat\/cfasantcugat\/wp-content\/uploads\/usu977\/2019\/11\/castanyada-1-768x576.jpg 768w, https:\/\/agora.xtec.cat\/cfasantcugat\/wp-content\/uploads\/usu977\/2019\/11\/castanyada-1-1024x768.jpg 1024w, https:\/\/agora.xtec.cat\/cfasantcugat\/wp-content\/uploads\/usu977\/2019\/11\/castanyada-1-200x150.jpg 200w, https:\/\/agora.xtec.cat\/cfasantcugat\/wp-content\/uploads\/usu977\/2019\/11\/castanyada-1.jpg 2048w\" sizes=\"auto, (max-width: 300px) 100vw, 300px\" \/><\/a><\/p>\n<p>&nbsp;<\/p>\n<p>Si voleu fer un curs de catal\u00e0, us podeu adre\u00e7ar a:<\/p>\n<p><a href=\"https:\/\/agora.xtec.cat\/cfasantcugat\/wp-content\/uploads\/usu977\/2023\/03\/ateneu.png\"><img loading=\"lazy\" decoding=\"async\" class=\"wp-image-4137 alignnone\" src=\"https:\/\/agora.xtec.cat\/cfasantcugat\/wp-content\/uploads\/usu977\/2023\/03\/ateneu.png\" alt=\"\" width=\"62\" height=\"30\" \/><\/a>\u00a0 \u00a0 \u00a0 \u00a0 <a href=\"https:\/\/ateneu.cat\">https:\/\/ateneu.cat\/<\/a><\/p>\n<p><img loading=\"lazy\" decoding=\"async\" class=\"\" src=\"https:\/\/www.cpnl.cat\/media\/img\/logo-cpnl.png\" alt=\"Consorci per a la Normalitzaci\u00f3 Ling\u00fc\u00edstica. 30 anys.\" width=\"99\" height=\"22\" \/><a href=\"https:\/\/www.cpnl.cat\/\">https:\/\/www.cpnl.cat\/<\/a><\/p>\n<p>&nbsp;<\/p>\n","protected":false},"excerpt":{"rendered":"<p><a href=\"https:\/\/agora.xtec.cat\/cfasantcugat\/wp-content\/uploads\/usu977\/2019\/12\/caga-ti\u00f3-1-e1576865835406.jpg\"><\/a><br \/>\nPer tal d\u2019acostar la realitat cultural i ling\u00fc\u00edstica de Catalunya a les persones per a que tinguin les mateixes oportunitats socials, laborals i de comunicaci\u00f3.<br \/>\nL\u2019enfocament metodol\u00f2gic i ling\u00fc\u00edstic del CFA situa l\u2019aprenentatge de lleng\u00fces en un context social, cultural i psicol\u00f2gic ampli, que considera&hellip;  <a href=\"https:\/\/agora.xtec.cat\/cfasantcugat\/oferta-formativa-en-construccio\/inicials-i-formacio-basica\/llengua-catalana\/\" title=\"Read Llengua catalana\">Llegeix m\u00e9s\u00bb<\/a><\/p>\n","protected":false},"author":1,"featured_media":0,"parent":4095,"menu_order":2,"comment_status":"closed","ping_status":"closed","template":"page-templates\/side-menu.php","meta":{"_bbp_topic_count":0,"_bbp_reply_count":0,"_bbp_total_topic_count":0,"_bbp_total_reply_count":0,"_bbp_voice_count":0,"_bbp_anonymous_reply_count":0,"_bbp_topic_count_hidden":0,"_bbp_reply_count_hidden":0,"_bbp_forum_subforum_count":0,"footnotes":""},"class_list":["post-296","page","type-page","status-publish","hentry"],"post_mailing_queue_ids":[],"_links":{"self":[{"href":"https:\/\/agora.xtec.cat\/cfasantcugat\/wp-json\/wp\/v2\/pages\/296","targetHints":{"allow":["GET"]}}],"collection":[{"href":"https:\/\/agora.xtec.cat\/cfasantcugat\/wp-json\/wp\/v2\/pages"}],"about":[{"href":"https:\/\/agora.xtec.cat\/cfasantcugat\/wp-json\/wp\/v2\/types\/page"}],"author":[{"embeddable":true,"href":"https:\/\/agora.xtec.cat\/cfasantcugat\/wp-json\/wp\/v2\/users\/1"}],"replies":[{"embeddable":true,"href":"https:\/\/agora.xtec.cat\/cfasantcugat\/wp-json\/wp\/v2\/comments?post=296"}],"version-history":[{"count":3,"href":"https:\/\/agora.xtec.cat\/cfasantcugat\/wp-json\/wp\/v2\/pages\/296\/revisions"}],"predecessor-version":[{"id":4138,"href":"https:\/\/agora.xtec.cat\/cfasantcugat\/wp-json\/wp\/v2\/pages\/296\/revisions\/4138"}],"up":[{"embeddable":true,"href":"https:\/\/agora.xtec.cat\/cfasantcugat\/wp-json\/wp\/v2\/pages\/4095"}],"wp:attachment":[{"href":"https:\/\/agora.xtec.cat\/cfasantcugat\/wp-json\/wp\/v2\/media?parent=296"}],"curies":[{"name":"wp","href":"https:\/\/api.w.org\/{rel}","templated":true}]}}