{"id":286,"date":"2015-01-28T11:07:30","date_gmt":"2015-01-28T10:07:30","guid":{"rendered":"http:\/\/agora.xtec.cat\/cfasantcugat\/?page_id=286"},"modified":"2024-05-29T13:06:17","modified_gmt":"2024-05-29T11:06:17","slug":"ensenyaments-transprofessionals","status":"publish","type":"page","link":"https:\/\/agora.xtec.cat\/cfasantcugat\/oferta-formativa-en-construccio\/ensenyaments-transprofessionals\/","title":{"rendered":"Ensenyaments transprofessionals"},"content":{"rendered":"<p>Els ensenyaments que oferim s\u00f3n:<\/p>\n<ul>\n<li><strong><a href=\"https:\/\/agora.xtec.cat\/cfasantcugat\/ensenyaments\/ensenyaments-transprofessionals\/llengua-anglesa\/\">Angl\u00e8s I,II i III<\/a>:<\/strong> aquests cursos ofereixen l&#8217;acreditaci\u00f3 oficial del nivell A1, A2.1 i A2.2. <strong><a href=\"https:\/\/agora.xtec.cat\/cfasantcugat\/ensenyaments\/ensenyaments-transprofessionals\/llengua-anglesa\/\">M\u00e9s informaci\u00f3<\/a><\/strong><\/li>\n<li><strong><a href=\"https:\/\/agora.xtec.cat\/cfasantcugat\/ensenyaments\/ensenyaments-transprofessionals\/competencia-digital-competic\/\">COMPETIC I,II,III<\/a>:<\/strong> cursos per obtenir l&#8217;acreditaci\u00f3 oficial en compet\u00e8ncies en tecnologies de la informaci\u00f3. Aquests cursos estan reconeguts per la Generalitat i les administracions locals. <strong><a href=\"https:\/\/agora.xtec.cat\/cfasantcugat\/ensenyaments\/ensenyaments-transprofessionals\/competencia-digital-competic\/\">M\u00e9s informaci\u00f3<\/a><\/strong><\/li>\n<\/ul>\n<p><strong><a href=\"https:\/\/agora.xtec.cat\/cfasantcugat\/wp-content\/uploads\/usu977\/2024\/05\/CFA-COMPETIC_AlbertoSanchez.gif\"><img loading=\"lazy\" decoding=\"async\" class=\"wp-image-4618 alignleft\" src=\"https:\/\/agora.xtec.cat\/cfasantcugat\/wp-content\/uploads\/usu977\/2024\/05\/CFA-COMPETIC_AlbertoSanchez.gif\" alt=\"\" width=\"101\" height=\"104\" \/><\/a><\/strong><\/p>\n","protected":false},"excerpt":{"rendered":"<p>Els ensenyaments que oferim s\u00f3n:<\/p>\n<ul>\n<li><a href=\"https:\/\/agora.xtec.cat\/cfasantcugat\/ensenyaments\/ensenyaments-transprofessionals\/llengua-anglesa\/\">Angl\u00e8s I,II i III<\/a>: aquests cursos ofereixen l&#8217;acreditaci\u00f3 oficial del nivell A1, A2.1 i A2.2. <a href=\"https:\/\/agora.xtec.cat\/cfasantcugat\/ensenyaments\/ensenyaments-transprofessionals\/llengua-anglesa\/\">M\u00e9s informaci\u00f3<\/a><\/li>\n<li><a href=\"https:\/\/agora.xtec.cat\/cfasantcugat\/ensenyaments\/ensenyaments-transprofessionals\/competencia-digital-competic\/\">COMPETIC I,II,III<\/a>: cursos per obtenir l&#8217;acreditaci\u00f3 oficial en compet\u00e8ncies en tecnologies de la informaci\u00f3. Aquests cursos estan reconeguts per la Generalitat i&hellip;  <a href=\"https:\/\/agora.xtec.cat\/cfasantcugat\/oferta-formativa-en-construccio\/ensenyaments-transprofessionals\/\" title=\"Read Ensenyaments transprofessionals\">Llegeix m\u00e9s\u00bb<\/a><br \/>\n","protected":false},"author":1,"featured_media":0,"parent":4088,"menu_order":2,"comment_status":"closed","ping_status":"closed","template":"page-templates\/side-menu.php","meta":{"_bbp_topic_count":0,"_bbp_reply_count":0,"_bbp_total_topic_count":0,"_bbp_total_reply_count":0,"_bbp_voice_count":0,"_bbp_anonymous_reply_count":0,"_bbp_topic_count_hidden":0,"_bbp_reply_count_hidden":0,"_bbp_forum_subforum_count":0,"footnotes":""},"class_list":["post-286","page","type-page","status-publish","hentry"],"post_mailing_queue_ids":[],"_links":{"self":[{"href":"https:\/\/agora.xtec.cat\/cfasantcugat\/wp-json\/wp\/v2\/pages\/286","targetHints":{"allow":["GET"]}}],"collection":[{"href":"https:\/\/agora.xtec.cat\/cfasantcugat\/wp-json\/wp\/v2\/pages"}],"about":[{"href":"https:\/\/agora.xtec.cat\/cfasantcugat\/wp-json\/wp\/v2\/types\/page"}],"author":[{"embeddable":true,"href":"https:\/\/agora.xtec.cat\/cfasantcugat\/wp-json\/wp\/v2\/users\/1"}],"replies":[{"embeddable":true,"href":"https:\/\/agora.xtec.cat\/cfasantcugat\/wp-json\/wp\/v2\/comments?post=286"}],"version-history":[{"count":5,"href":"https:\/\/agora.xtec.cat\/cfasantcugat\/wp-json\/wp\/v2\/pages\/286\/revisions"}],"predecessor-version":[{"id":4619,"href":"https:\/\/agora.xtec.cat\/cfasantcugat\/wp-json\/wp\/v2\/pages\/286\/revisions\/4619"}],"up":[{"embeddable":true,"href":"https:\/\/agora.xtec.cat\/cfasantcugat\/wp-json\/wp\/v2\/pages\/4088"}],"wp:attachment":[{"href":"https:\/\/agora.xtec.cat\/cfasantcugat\/wp-json\/wp\/v2\/media?parent=286"}],"curies":[{"name":"wp","href":"https:\/\/api.w.org\/{rel}","templated":true}]}}