{"id":27,"date":"2014-09-17T16:24:03","date_gmt":"2014-09-17T16:24:03","guid":{"rendered":"http:\/\/agora.xtec.cat\/cfasantcugat\/?page_id=27"},"modified":"2025-06-27T09:36:55","modified_gmt":"2025-06-27T07:36:55","slug":"historia","status":"publish","type":"page","link":"https:\/\/agora.xtec.cat\/cfasantcugat\/el-centre\/historia\/","title":{"rendered":"L&#8217;equip"},"content":{"rendered":"<p><span style=\"font-weight: 400;\">La comunitat educativa del CFA Sant Cugat est\u00e0 formada per\u00a0 docents , una auxiliar administrativa i m\u00e9s de 400 alumnes.<\/span><\/p>\n<p><strong>EQUIP DOCENT<\/strong><\/p>\n<p>&nbsp;<\/p>\n<p>&nbsp;<\/p>\n<p><strong>EQUIP DIRECTIU<\/strong><\/p>\n<p><strong>Directora<\/strong>: Maripi Arriaga Aznar\u00a0 \u00a0 \u00a0 \u00a0 \u00a0 \u00a0 \u00a0 \u00a0 \u00a0 <em><strong><span style=\"font-weight: 400;\">maripi<span class=\"\"><span class=\"\"><span class=\"\">@cfasantcugat.ca<\/span><\/span>t<\/span><\/span><\/strong><\/em><\/p>\n<p><span style=\"font-weight: 400;\">Diplomada en Professorat d\u2019Educaci\u00f3 General B\u00e0sica (especialitat angl\u00e8s) per la UAB l\u2019any 1991 i Llicenciada en Llengua i Literatura Hisp\u00e0nica per la UAB l\u2019any 1995.<\/span><\/p>\n<p><span style=\"font-weight: 400;\">Al llarg de la seva traject\u00f2ria professional ha passat per diferents nivells educatius (Educaci\u00f3 Infantil, Educaci\u00f3 Prim\u00e0ria, Universitat i Formaci\u00f3 de Mestres de Prim\u00e0ria) fins arribar al CFA Sant Cugat l\u2019any 2019.<\/span><\/p>\n<p><span style=\"font-weight: 400;\">L\u2019any 2022 assumeix la Direcci\u00f3 del centre amb la voluntat de garantir el dret a l\u2019educaci\u00f3 de totes les persones al llarg de la vida.<\/span><\/p>\n<p>&nbsp;<\/p>\n<p><strong>Cap d&#8217;Estudis: <\/strong>Maria Catal\u00e0\u00a0 \u00a0 \u00a0 \u00a0 \u00a0 \u00a0 \u00a0 \u00a0 \u00a0mar<span class=\"atwho-query\">@c<\/span><em><span class=\"\">fasantcugat.cat<\/span><\/em><\/p>\n<p>&nbsp;<\/p>\n<p>&nbsp;<\/p>\n<p>&nbsp;<\/p>\n","protected":false},"excerpt":{"rendered":"<p>La comunitat educativa del CFA Sant Cugat est\u00e0 formada per\u00a0 docents , una auxiliar administrativa i m\u00e9s de 400 alumnes.<br \/>\nEQUIP DOCENT<br \/>\n&nbsp;<br \/>\n&nbsp;<br \/>\nEQUIP DIRECTIU<br \/>\nDirectora: Maripi Arriaga Aznar\u00a0 \u00a0 \u00a0 \u00a0 \u00a0 \u00a0 \u00a0 \u00a0 \u00a0 maripi@cfasantcugat.cat<br \/>\nDiplomada en Professorat d\u2019Educaci\u00f3 General B\u00e0sica (especialitat angl\u00e8s) per la UAB l\u2019any&hellip;  <a href=\"https:\/\/agora.xtec.cat\/cfasantcugat\/el-centre\/historia\/\" title=\"Read L&#8217;equip\">Llegeix m\u00e9s\u00bb<\/a><\/p>\n","protected":false},"author":1,"featured_media":0,"parent":261,"menu_order":1,"comment_status":"closed","ping_status":"closed","template":"page-templates\/side-menu.php","meta":{"_bbp_topic_count":0,"_bbp_reply_count":0,"_bbp_total_topic_count":0,"_bbp_total_reply_count":0,"_bbp_voice_count":0,"_bbp_anonymous_reply_count":0,"_bbp_topic_count_hidden":0,"_bbp_reply_count_hidden":0,"_bbp_forum_subforum_count":0,"footnotes":""},"class_list":["post-27","page","type-page","status-publish","hentry"],"post_mailing_queue_ids":[],"_links":{"self":[{"href":"https:\/\/agora.xtec.cat\/cfasantcugat\/wp-json\/wp\/v2\/pages\/27","targetHints":{"allow":["GET"]}}],"collection":[{"href":"https:\/\/agora.xtec.cat\/cfasantcugat\/wp-json\/wp\/v2\/pages"}],"about":[{"href":"https:\/\/agora.xtec.cat\/cfasantcugat\/wp-json\/wp\/v2\/types\/page"}],"author":[{"embeddable":true,"href":"https:\/\/agora.xtec.cat\/cfasantcugat\/wp-json\/wp\/v2\/users\/1"}],"replies":[{"embeddable":true,"href":"https:\/\/agora.xtec.cat\/cfasantcugat\/wp-json\/wp\/v2\/comments?post=27"}],"version-history":[{"count":5,"href":"https:\/\/agora.xtec.cat\/cfasantcugat\/wp-json\/wp\/v2\/pages\/27\/revisions"}],"predecessor-version":[{"id":4774,"href":"https:\/\/agora.xtec.cat\/cfasantcugat\/wp-json\/wp\/v2\/pages\/27\/revisions\/4774"}],"up":[{"embeddable":true,"href":"https:\/\/agora.xtec.cat\/cfasantcugat\/wp-json\/wp\/v2\/pages\/261"}],"wp:attachment":[{"href":"https:\/\/agora.xtec.cat\/cfasantcugat\/wp-json\/wp\/v2\/media?parent=27"}],"curies":[{"name":"wp","href":"https:\/\/api.w.org\/{rel}","templated":true}]}}