{"id":21,"date":"2014-09-17T16:14:14","date_gmt":"2014-09-17T16:14:14","guid":{"rendered":"http:\/\/agora.xtec.cat\/cfasantcugat\/?page_id=21"},"modified":"2023-02-23T11:25:26","modified_gmt":"2023-02-23T10:25:26","slug":"on-som","status":"publish","type":"page","link":"https:\/\/agora.xtec.cat\/cfasantcugat\/el-centre\/on-som\/","title":{"rendered":"L&#8217;espai"},"content":{"rendered":"<p><span style=\"font-weight: 400;\">El centre est\u00e0 ubicat a la segona planta de La Casa de Cultura de Sant Cugat del Vall\u00e8s. Disposa de quatre aules ordin\u00e0ries, una d\u2019inform\u00e0tica, una petita sala de reunions i un despatx per a secretaria i direcci\u00f3.<\/span><\/p>\n<p>&nbsp;<\/p>\n<p><b>Una mica d\u2019hist\u00f2ria<\/b><\/p>\n<p><span style=\"font-weight: 400;\">El CFA Sant Cugat va comen\u00e7ar la seva activitat el curs 1979-1980.\u00a0 A l&#8217;inici d&#8217;aquell curs hi havia un clam a la societat catalana per millorar i aconseguir una escola p\u00fablica de qualitat. Hi havia sectors de la poblaci\u00f3 adulta que no havien gaudit del dret d&#8217;anar a l&#8217;escola quan els pertocava i demanaven la creaci\u00f3 d&#8217;una xarxa d&#8217;escoles p\u00fabliques per a la poblaci\u00f3 adulta.<\/span><\/p>\n<p><span style=\"font-weight: 400;\">El CFA Sant Cugat va n\u00e9ixer comptant amb el recolzament de l&#8217;Ajuntament de Sant Cugat i amb el suport administratiu i del claustre de l&#8217;escola p\u00fablica d&#8217;EGB<\/span> <span style=\"font-weight: 400;\">Joan Maragall.\u00a0<\/span><\/p>\n<p><span style=\"font-weight: 400;\">Inicialment el centre es va ubicar en unes aules de l&#8217;Escola de Mestres de la Universitat Aut\u00f2noma de Barcelona (actualment la Casa de Cultura de l&#8217;Ajuntament de Sant Cugat). Posteriorment el centre va traslladar-se als baixos de l\u2019edifici de l\u2019actual Correos i a la Casa M\u00f3naco. El curs 1984-1985 el CFA Sant Cugat torna a la Casa de Cultura on es troba actualment.<\/span><\/p>\n","protected":false},"excerpt":{"rendered":"<p>El centre est\u00e0 ubicat a la segona planta de La Casa de Cultura de Sant Cugat del Vall\u00e8s. Disposa de quatre aules ordin\u00e0ries, una d\u2019inform\u00e0tica, una petita sala de reunions i un despatx per a secretaria i direcci\u00f3.<br \/>\n&nbsp;<br \/>\nUna mica d\u2019hist\u00f2ria<br \/>\nEl CFA Sant Cugat va comen\u00e7ar&hellip;  <a href=\"https:\/\/agora.xtec.cat\/cfasantcugat\/el-centre\/on-som\/\" title=\"Read L&#8217;espai\">Llegeix m\u00e9s\u00bb<\/a><\/p>\n","protected":false},"author":1,"featured_media":0,"parent":261,"menu_order":2,"comment_status":"closed","ping_status":"closed","template":"page-templates\/side-menu.php","meta":{"_bbp_topic_count":0,"_bbp_reply_count":0,"_bbp_total_topic_count":0,"_bbp_total_reply_count":0,"_bbp_voice_count":0,"_bbp_anonymous_reply_count":0,"_bbp_topic_count_hidden":0,"_bbp_reply_count_hidden":0,"_bbp_forum_subforum_count":0,"footnotes":""},"class_list":["post-21","page","type-page","status-publish","hentry"],"post_mailing_queue_ids":[],"_links":{"self":[{"href":"https:\/\/agora.xtec.cat\/cfasantcugat\/wp-json\/wp\/v2\/pages\/21","targetHints":{"allow":["GET"]}}],"collection":[{"href":"https:\/\/agora.xtec.cat\/cfasantcugat\/wp-json\/wp\/v2\/pages"}],"about":[{"href":"https:\/\/agora.xtec.cat\/cfasantcugat\/wp-json\/wp\/v2\/types\/page"}],"author":[{"embeddable":true,"href":"https:\/\/agora.xtec.cat\/cfasantcugat\/wp-json\/wp\/v2\/users\/1"}],"replies":[{"embeddable":true,"href":"https:\/\/agora.xtec.cat\/cfasantcugat\/wp-json\/wp\/v2\/comments?post=21"}],"version-history":[{"count":3,"href":"https:\/\/agora.xtec.cat\/cfasantcugat\/wp-json\/wp\/v2\/pages\/21\/revisions"}],"predecessor-version":[{"id":4054,"href":"https:\/\/agora.xtec.cat\/cfasantcugat\/wp-json\/wp\/v2\/pages\/21\/revisions\/4054"}],"up":[{"embeddable":true,"href":"https:\/\/agora.xtec.cat\/cfasantcugat\/wp-json\/wp\/v2\/pages\/261"}],"wp:attachment":[{"href":"https:\/\/agora.xtec.cat\/cfasantcugat\/wp-json\/wp\/v2\/media?parent=21"}],"curies":[{"name":"wp","href":"https:\/\/api.w.org\/{rel}","templated":true}]}}