{"id":322,"date":"2015-01-28T11:36:17","date_gmt":"2015-01-28T10:36:17","guid":{"rendered":"http:\/\/agora.xtec.cat\/cfasantboi\/\/?page_id=322"},"modified":"2025-06-19T17:56:32","modified_gmt":"2025-06-19T15:56:32","slug":"a-la-universitat-per-a-majors-de-25-anys","status":"publish","type":"page","link":"https:\/\/agora.xtec.cat\/cfasantboi\/ensenyaments\/ensenyaments-per-a-la-preparacio-de-proves-dacces\/a-la-universitat-per-a-majors-de-25-anys\/","title":{"rendered":"A les proves a la universitat per a majors de 25 anys"},"content":{"rendered":"<p style=\"text-align: center;\"><iframe loading=\"lazy\" src=\"https:\/\/www.youtube.com\/embed\/gSqXb0I51iA\" width=\"280\" height=\"160\" frameborder=\"0\"><span data-mce-type=\"bookmark\" style=\"display: inline-block; width: 0px; overflow: hidden; line-height: 0;\" class=\"mce_SELRES_start\">\ufeff<\/span><\/iframe><\/p>\n<h3><span style=\"text-decoration: underline;\"><strong>PREPARACI\u00d3 PER A PROVES D&#8217;ACC\u00c9S A LA UNIVERSITAT PER A M\u00c9S GRANS DE 25 I DE 45 ANYS <\/strong><\/span><\/h3>\n<p>Aquests estudis preparen les persones m\u00e9s grans de 25 anys per a les proves d&#8217;acc\u00e9s a la universitat.<\/p>\n<p>Preparem la part comuna: catal\u00e0, castella, angl\u00e8s i comentari de text.<\/p>\n<p>El curs s&#8217;incriu en la franja de tarda\/vespre.<\/p>\n<p>Per a m\u00e9s informaci\u00f3, consulteu\u00a0<span style=\"text-decoration: underline;\"><a href=\"https:\/\/www.gencat.cat\/ensenyament\/eac\/pdf\/ETAPA_CFGS_CA.pdf\">https:\/\/www.gencat.cat\/ensenyament\/eac\/pdf\/ETAPA_CFGS_CA.pdf<\/a><\/span><\/p>\n","protected":false},"excerpt":{"rendered":"<p>\ufeff<br \/>\nPREPARACI\u00d3 PER A PROVES D&#8217;ACC\u00c9S A LA UNIVERSITAT PER A M\u00c9S GRANS DE 25 I DE 45 ANYS<br \/>\nAquests estudis preparen les persones m\u00e9s grans de 25 anys per a les proves d&#8217;acc\u00e9s a la universitat.<br \/>\nPreparem la part comuna: catal\u00e0, castella, angl\u00e8s i comentari de&hellip;  <a href=\"https:\/\/agora.xtec.cat\/cfasantboi\/ensenyaments\/ensenyaments-per-a-la-preparacio-de-proves-dacces\/a-la-universitat-per-a-majors-de-25-anys\/\" title=\"Read A les proves a la universitat per a majors de 25 anys\">Llegeix m\u00e9s\u00bb<\/a><\/p>\n","protected":false},"author":2,"featured_media":0,"parent":288,"menu_order":0,"comment_status":"closed","ping_status":"closed","template":"page-templates\/side-menu.php","meta":{"_bbp_topic_count":0,"_bbp_reply_count":0,"_bbp_total_topic_count":0,"_bbp_total_reply_count":0,"_bbp_voice_count":0,"_bbp_anonymous_reply_count":0,"_bbp_topic_count_hidden":0,"_bbp_reply_count_hidden":0,"_bbp_forum_subforum_count":0,"footnotes":""},"class_list":["post-322","page","type-page","status-publish","hentry"],"post_mailing_queue_ids":[],"_links":{"self":[{"href":"https:\/\/agora.xtec.cat\/cfasantboi\/wp-json\/wp\/v2\/pages\/322","targetHints":{"allow":["GET"]}}],"collection":[{"href":"https:\/\/agora.xtec.cat\/cfasantboi\/wp-json\/wp\/v2\/pages"}],"about":[{"href":"https:\/\/agora.xtec.cat\/cfasantboi\/wp-json\/wp\/v2\/types\/page"}],"author":[{"embeddable":true,"href":"https:\/\/agora.xtec.cat\/cfasantboi\/wp-json\/wp\/v2\/users\/2"}],"replies":[{"embeddable":true,"href":"https:\/\/agora.xtec.cat\/cfasantboi\/wp-json\/wp\/v2\/comments?post=322"}],"version-history":[{"count":5,"href":"https:\/\/agora.xtec.cat\/cfasantboi\/wp-json\/wp\/v2\/pages\/322\/revisions"}],"predecessor-version":[{"id":2375,"href":"https:\/\/agora.xtec.cat\/cfasantboi\/wp-json\/wp\/v2\/pages\/322\/revisions\/2375"}],"up":[{"embeddable":true,"href":"https:\/\/agora.xtec.cat\/cfasantboi\/wp-json\/wp\/v2\/pages\/288"}],"wp:attachment":[{"href":"https:\/\/agora.xtec.cat\/cfasantboi\/wp-json\/wp\/v2\/media?parent=322"}],"curies":[{"name":"wp","href":"https:\/\/api.w.org\/{rel}","templated":true}]}}