{"id":316,"date":"2015-01-28T11:33:51","date_gmt":"2015-01-28T10:33:51","guid":{"rendered":"http:\/\/agora.xtec.cat\/cfasantboi\/\/?page_id=316"},"modified":"2024-06-11T09:34:04","modified_gmt":"2024-06-11T07:34:04","slug":"competencia-digital-competic","status":"publish","type":"page","link":"https:\/\/agora.xtec.cat\/cfasantboi\/ensenyaments\/competencia-digital-competic\/","title":{"rendered":"Inform\u00e0tica (COMPETIC-ACTIC)"},"content":{"rendered":"<p style=\"text-align: center;\"><iframe loading=\"lazy\" src=\"https:\/\/www.youtube.com\/embed\/VkP_xqosNms\" width=\"280\" height=\"170\" frameborder=\"0\"><span data-mce-type=\"bookmark\" style=\"display: inline-block; width: 0px; overflow: hidden; line-height: 0;\" class=\"mce_SELRES_start\">\ufeff<\/span><\/iframe><br \/>\nL&#8217;objectiu d&#8217;aquests estudis \u00e9s que les persones adultes aconsegueixin un domini de les tecnologies de la Informaci\u00f3.<\/p>\n<p>Poden accedir a aquests estudis totes les persones que tenen 18 anys i les que els compleixen durant l&#8217;any natural en qu\u00e8 s&#8217;inicia la formaci\u00f3.<\/p>\n<p>TOTS ELS NIVELLS tenen un<strong> certificat oficial<\/strong>, reconegut per Departament d&#8217;Ensenyament i v\u00e0lid com a m\u00e8rit en oposicions i altres inst\u00e0ncies.<\/p>\n<ul>\n<li>Els nivells <strong>COMPETIC inicial<\/strong> i <strong>COMPETIC 1<\/strong> s\u00f3n anuals, presencials i amb torns de mat\u00ed o tarda.<\/li>\n<li>El nivell <strong>COMPETIC 2<\/strong> \u00e9s anual, semipresencial o on-line i amb torn de mat\u00ed o tarda.<\/li>\n<li>El nivell <strong>COMPETIC 3<\/strong> \u00e9s anual amb una compet\u00e8ncia per trimestre i amb modalitat online (excepte el projecte o prova final de cada compet\u00e8ncia que ha de ser presencial)<\/li>\n<\/ul>\n<p>Els cursos presencials es realitzen <strong>2 dies a la setmana<\/strong>. S`ha de acreditar <strong>assist\u00e8ncia al 80%.<\/strong><\/p>\n<p>La certificaci\u00f3 s&#8217;obt\u00e9 superant la nota de 6. Les notes estan formades per tasques<strong> d&#8217;avaluaci\u00f3 cont\u00ednua<\/strong> i per un<strong> projecte de final de curs.<\/strong><\/p>\n<p>La <strong>preinscripci\u00f3 \u00e9s al juny i la matricula al setembre<\/strong>. Per saber quin \u00e9s el nivell de cada alumne es realitzen proves i\/o entrevistes al moment de la matr\u00edcula o preinscripci\u00f3. Els cursos s\u00f3n<strong> gratu\u00efts.<\/strong> \u00danicament hi haur\u00e0 un pagament de 40 \u20ac en concepte de materials del curs. En aquest preu estan incloses totes les fotoc\u00f2pies subministrades al curs i un pendrive on l&#8217;alumne desa les seves tasques. No \u00e9s necessari comprar cap llibre ni portar ordinador.<\/p>\n<p><strong>Les titulacions obtingudes s&#8217;homologuen amb l&#8217; ACTIC inicial, mitj\u00e0 i avan\u00e7at.<\/strong><\/p>\n<h4><strong>INFORM\u00c0TICA NIVELL INICIAL (COMPETIC INICIAL)<\/strong><\/h4>\n<p><span style=\"color: #008000;\">S&#8217;adre\u00e7a a les persones adultes que volen assolir un domini elemental de les tecnologies de la informaci\u00f3 i la comunicaci\u00f3 .<\/span><\/p>\n<p style=\"text-align: left;\"><span style=\"color: #008000;\">\u00c9s un curs anual de 105 hores, a ra\u00f3 de 3h setmanals repartides en dos dies.\u00a0\u00a0<\/span><br \/>\n<span style=\"color: #008000;\"> En aquest curs es recullen tres compet\u00e8ncies del nivell b\u00e0sic de l&#8217;acreditaci\u00f3 de compet\u00e8ncies en tecnologies de la informaci\u00f3 i la comunicaci\u00f3 (ACTIC):<\/span><\/p>\n<p style=\"text-align: left;\"><span style=\"color: #008000;\"> C2. Tecnologia digital, \u00fas de l&#8217;ordinador i del sistema operatiu.<\/span><br \/>\n<span style=\"color: #008000;\"> C3. Navegaci\u00f3 i comunicaci\u00f3 en el m\u00f3n digital.<\/span><br \/>\n<span style=\"color: #008000;\"> C4. Tractament de la informaci\u00f3 escrita.<\/span><\/p>\n<h4><strong>INFORM\u00c0TICA NIVELL 1 (COMPETIC 1).<\/strong><\/h4>\n<p><span style=\"color: #008000;\">Curs anual de 105 hores, a ra\u00f3 de 3h setmanals repartides en dos dies.\u00a0<\/span><\/p>\n<p><span style=\"color: #008000;\">COMPETIC 1 el poden cursar les persones que hagin superat el curs COMPETIC inicial o que n&#8217;acreditin els coneixements competencials b\u00e0sics.<\/span><\/p>\n<p><span style=\"color: #008000;\">En aquest curs es recullen les tres compet\u00e8ncies del nivell b\u00e0sic de l&#8217;ACTIC no recollides a COMPETIC inicial:<\/span><\/p>\n<p><span style=\"color: #008000;\">C1. Cultura, participaci\u00f3 i civisme digital.<\/span><br \/>\n<span style=\"color: #008000;\"> C5. Tractament de la informaci\u00f3 gr\u00e0fica, sonora i de la imatge en moviment.<\/span><br \/>\n<span style=\"color: #008000;\"> C6. Tractament de la informaci\u00f3 num\u00e8rica.<\/span><\/p>\n<p><span style=\"color: #008000;\">El certificat de compet\u00e8ncia digital de l&#8217;educaci\u00f3 de persones adultes del nivell COMPETIC 1 equival al certificat b\u00e0sic de l\u2019ACTIC.<\/span><\/p>\n<h4><strong>INFORM\u00c0TICA NIVELL 2 o MITJ\u00c0 (COMPETIC 2).-<span style=\"color: #ff0000;\">nou semipresencial o on-line<\/span><\/strong><\/h4>\n<p><span style=\"color: #008000;\">Curs anual de 140 hores, a ra\u00f3 de 4h setmanals repartides en 2h presencials i 2h no presencials. Per a aquells que no pugin seguir presencialment les 2h de classe tindran la opci\u00f3 de seguir tamb\u00e9 el curs on-line. EL PROJECTE o\u00a0 prova FINAL, NO OBSTANT, \u00e9s presencial i obligatori de superar si es vol acreditar.<\/span><\/p>\n<p><span style=\"color: #008000;\">COMPETIC 2 el poden cursar les persones que han superat o acreditat les compet\u00e8ncies del curs COMPETIC 1.<\/span><\/p>\n<p><span style=\"color: #008000;\">En aquest curs es recullen les vuit compet\u00e8ncies del nivell mitj\u00e0 de l&#8217;ACTIC:<\/span><\/p>\n<p><span style=\"color: #008000;\">C1. Cultura, participaci\u00f3 i civisme digital.<\/span><br \/>\n<span style=\"color: #008000;\"> C2. Tecnologia digital, \u00fas de l&#8217;ordinador i del sistema operatiu.<\/span><br \/>\n<span style=\"color: #008000;\"> C3. Navegaci\u00f3 i comunicaci\u00f3 en el m\u00f3n digital.<\/span><br \/>\n<span style=\"color: #008000;\"> C4. Tractament de la informaci\u00f3 escrita.<\/span><br \/>\n<span style=\"color: #008000;\"> C5. Tractament de la informaci\u00f3 gr\u00e0fica, sonora i de la imatge en moviment.<\/span><br \/>\n<span style=\"color: #008000;\"> C6. Tractament de la informaci\u00f3 num\u00e8rica.<\/span><br \/>\n<span style=\"color: #008000;\"> C7. Tractament de les dades.<\/span><br \/>\n<span style=\"color: #008000;\">C8. Presentaci\u00f3 de continguts.<\/span><\/p>\n<p><span style=\"color: #008000;\">El certificat de compet\u00e8ncia digital de l&#8217;educaci\u00f3 de persones adultes del nivell COMPETIC 2 equival al certificat mitj\u00e0 de l&#8217;ACTIC.<\/span><\/p>\n<h4><strong>INFORM\u00c0TICA NIVELL 3 o AVAN\u00c7AT (COMPETIC 3) <span style=\"color: #ff0000;\">ONLINE<\/span>.<\/strong><\/h4>\n<p><span style=\"color: #008000;\">Curs anual de 105 hores amb modalitat online, \u00e9s a dir, sense classes presencials. <\/span><\/p>\n<p><span style=\"color: #008000;\">No obstant aix\u00f2, la realitzaci\u00f3 del projecte de cada compet\u00e8ncia a final de cada trimestre s\u00ed ser\u00e0 presencial (3h).\u00a0\u00a0<\/span><\/p>\n<p><span style=\"color: #008000;\">COMPETIC 3 el poden cursar les persones que han superat pr\u00e8viament el curs COMPETIC 2 o acreditar-lo mitjan\u00e7ant el certificat ACTIC del nivell mitj\u00e0.<\/span><\/p>\n<p><span style=\"color: #008000;\">En aquest curs es recullen tres de les cinc compet\u00e8ncies del nivell avan\u00e7at de l&#8217;ACTIC, una per trimestre:<\/span><\/p>\n<p><strong><span style=\"color: #0000ff;\">C4. Tractament de la informaci\u00f3 escrita<\/span><\/strong><br \/>\n<strong><span style=\"color: #0000ff;\">C6. Tractament de la informaci\u00f3 num\u00e8rica.<\/span><\/strong><br \/>\n<strong><span style=\"color: #0000ff;\"> C8. Presentaci\u00f3 de continguts.<\/span><\/strong><\/p>\n<p><span style=\"color: #008000;\">Al nostre centre oferim les tres compet\u00e8ncies de<strong><span style=\"color: #0000ff;\"> color blau<\/span><\/strong>.\u00a0<\/span><span style=\"color: #008000;\">Amb la superaci\u00f3 de 2 de les tres compet\u00e8ncies s&#8217;obt\u00e9 la certificaci\u00f3 de la compet\u00e8ncia digital de l&#8217;educaci\u00f3 de persones adultes del nivell COMPETIC 3, equivalent al certificat avan\u00e7at de l&#8217;ACTIC.<\/span><\/p>\n<p><span style=\"color: #000000;\">M\u00e9s informaci\u00f3 sobre els estudis d&#8217;inform\u00e0tica al web\u00a0<a style=\"color: #000000;\" href=\"http:\/\/queestudiar.gencat.cat\/ca\/estudis\/adults\/estudis\/informatica\/\">Estudiar a Catalunya<\/a>\u00a0del Departament d&#8217;Ensenyament.<\/span><\/p>\n<p>&nbsp;<\/p>\n<p>&nbsp;<\/p>\n<p>&nbsp;<\/p>\n","protected":false},"excerpt":{"rendered":"<p>\ufeff<br \/>\nL&#8217;objectiu d&#8217;aquests estudis \u00e9s que les persones adultes aconsegueixin un domini de les tecnologies de la Informaci\u00f3.<br \/>\nPoden accedir a aquests estudis totes les persones que tenen 18 anys i les que els compleixen durant l&#8217;any natural en qu\u00e8 s&#8217;inicia la formaci\u00f3.<br \/>\nTOTS ELS NIVELLS tenen un&hellip;  <a href=\"https:\/\/agora.xtec.cat\/cfasantboi\/ensenyaments\/competencia-digital-competic\/\" title=\"Read Inform\u00e0tica (COMPETIC-ACTIC)\">Llegeix m\u00e9s\u00bb<\/a><\/p>\n","protected":false},"author":2,"featured_media":0,"parent":274,"menu_order":0,"comment_status":"closed","ping_status":"closed","template":"page-templates\/side-menu.php","meta":{"_bbp_topic_count":0,"_bbp_reply_count":0,"_bbp_total_topic_count":0,"_bbp_total_reply_count":0,"_bbp_voice_count":0,"_bbp_anonymous_reply_count":0,"_bbp_topic_count_hidden":0,"_bbp_reply_count_hidden":0,"_bbp_forum_subforum_count":0,"footnotes":""},"class_list":["post-316","page","type-page","status-publish","hentry"],"post_mailing_queue_ids":[],"_links":{"self":[{"href":"https:\/\/agora.xtec.cat\/cfasantboi\/wp-json\/wp\/v2\/pages\/316","targetHints":{"allow":["GET"]}}],"collection":[{"href":"https:\/\/agora.xtec.cat\/cfasantboi\/wp-json\/wp\/v2\/pages"}],"about":[{"href":"https:\/\/agora.xtec.cat\/cfasantboi\/wp-json\/wp\/v2\/types\/page"}],"author":[{"embeddable":true,"href":"https:\/\/agora.xtec.cat\/cfasantboi\/wp-json\/wp\/v2\/users\/2"}],"replies":[{"embeddable":true,"href":"https:\/\/agora.xtec.cat\/cfasantboi\/wp-json\/wp\/v2\/comments?post=316"}],"version-history":[{"count":7,"href":"https:\/\/agora.xtec.cat\/cfasantboi\/wp-json\/wp\/v2\/pages\/316\/revisions"}],"predecessor-version":[{"id":2214,"href":"https:\/\/agora.xtec.cat\/cfasantboi\/wp-json\/wp\/v2\/pages\/316\/revisions\/2214"}],"up":[{"embeddable":true,"href":"https:\/\/agora.xtec.cat\/cfasantboi\/wp-json\/wp\/v2\/pages\/274"}],"wp:attachment":[{"href":"https:\/\/agora.xtec.cat\/cfasantboi\/wp-json\/wp\/v2\/media?parent=316"}],"curies":[{"name":"wp","href":"https:\/\/api.w.org\/{rel}","templated":true}]}}