{"id":1854,"date":"2022-05-10T11:16:53","date_gmt":"2022-05-10T09:16:53","guid":{"rendered":"https:\/\/agora.xtec.cat\/cfasantboi\/?page_id=1854"},"modified":"2022-09-20T14:53:10","modified_gmt":"2022-09-20T12:53:10","slug":"llengua-catalana","status":"publish","type":"page","link":"https:\/\/agora.xtec.cat\/cfasantboi\/llengua-catalana\/","title":{"rendered":"Llengua catalana"},"content":{"rendered":"<p>Estudis que tenen com a objectiu que les persones adultes que ho necessitin assoleixin un grau de compet\u00e8ncia m\u00ednima en llengua catalana.<\/p>\n<p>El nostre centre ofereix de moment el nivell 1 equivalent a l&#8217;A1 del MECR (Marc europeu com\u00fa de refer\u00e8ncia per a les lleng\u00fces).<\/p>\n<hr \/>\n<pre id=\"tw-target-text\" class=\"tw-data-text tw-text-large tw-ta\" dir=\"ltr\" data-placeholder=\"Traducci\u00f3n\"><span class=\"Y2IQFc\" lang=\"es\">Estudios cuyo objetivo es que las personas adultas que lo necesiten alcancen un grado de competencia m\u00ednima en lengua catalana.\r\n\r\nNuestro centro ofrece por el momento el nivel 1 equivalente al A1 del MCER (Marco europeo com\u00fan de referencia para las lenguas).<\/span><\/pre>\n<p>&nbsp;<\/p>\n","protected":false},"excerpt":{"rendered":"<p>Estudis que tenen com a objectiu que les persones adultes que ho necessitin assoleixin un grau de compet\u00e8ncia m\u00ednima en llengua catalana.<br \/>\nEl nostre centre ofereix de moment el nivell 1 equivalent a l&#8217;A1 del MECR (Marc europeu com\u00fa de refer\u00e8ncia per a les lleng\u00fces).<\/p>\n<p>Estudios cuyo&hellip;  <a href=\"https:\/\/agora.xtec.cat\/cfasantboi\/llengua-catalana\/\" title=\"Read Llengua catalana\">Llegeix m\u00e9s\u00bb<\/a><\/p>\n","protected":false},"author":1,"featured_media":0,"parent":0,"menu_order":0,"comment_status":"closed","ping_status":"closed","template":"","meta":{"_bbp_topic_count":0,"_bbp_reply_count":0,"_bbp_total_topic_count":0,"_bbp_total_reply_count":0,"_bbp_voice_count":0,"_bbp_anonymous_reply_count":0,"_bbp_topic_count_hidden":0,"_bbp_reply_count_hidden":0,"_bbp_forum_subforum_count":0,"footnotes":""},"class_list":["post-1854","page","type-page","status-publish","hentry"],"post_mailing_queue_ids":[],"_links":{"self":[{"href":"https:\/\/agora.xtec.cat\/cfasantboi\/wp-json\/wp\/v2\/pages\/1854","targetHints":{"allow":["GET"]}}],"collection":[{"href":"https:\/\/agora.xtec.cat\/cfasantboi\/wp-json\/wp\/v2\/pages"}],"about":[{"href":"https:\/\/agora.xtec.cat\/cfasantboi\/wp-json\/wp\/v2\/types\/page"}],"author":[{"embeddable":true,"href":"https:\/\/agora.xtec.cat\/cfasantboi\/wp-json\/wp\/v2\/users\/1"}],"replies":[{"embeddable":true,"href":"https:\/\/agora.xtec.cat\/cfasantboi\/wp-json\/wp\/v2\/comments?post=1854"}],"version-history":[{"count":2,"href":"https:\/\/agora.xtec.cat\/cfasantboi\/wp-json\/wp\/v2\/pages\/1854\/revisions"}],"predecessor-version":[{"id":1985,"href":"https:\/\/agora.xtec.cat\/cfasantboi\/wp-json\/wp\/v2\/pages\/1854\/revisions\/1985"}],"wp:attachment":[{"href":"https:\/\/agora.xtec.cat\/cfasantboi\/wp-json\/wp\/v2\/media?parent=1854"}],"curies":[{"name":"wp","href":"https:\/\/api.w.org\/{rel}","templated":true}]}}