{"id":2525,"date":"2023-06-22T16:20:56","date_gmt":"2023-06-22T14:20:56","guid":{"rendered":"https:\/\/agora.xtec.cat\/cfasanfeliu\/?page_id=2525"},"modified":"2023-06-26T17:13:21","modified_gmt":"2023-06-26T15:13:21","slug":"installacions","status":"publish","type":"page","link":"https:\/\/agora.xtec.cat\/cfasanfeliu\/installacions\/","title":{"rendered":"Instal\u00b7lacions"},"content":{"rendered":"<p>L\u2019edifici est\u00e0 ubicat al carrer Estronci 24 de L&#8217;Hospitalet de Llobregat.<\/p>\n<p>L\u2019escola ocupa una planta baixa i, tot i tenir escales per accedir a la planta principal, compta amb un ascensor per les persones que ho necessitin. Est\u00e0 formada per un passad\u00eds central al llarg del qual es distribueixen la secretaria, un laboratori de ci\u00e8ncies, dues aules d\u2019inform\u00e0tica, un despatx de direcci\u00f3 i 4 aules per fer les classes. Totes les aules disposen d\u2019ordinador per a docents i de pissarres digitals.<br \/>\nTamb\u00e9 tenim una ampla terrassa amb taules i plantes de decoraci\u00f3, on els alumnes surten per descansar entre classes i tamb\u00e9 s&#8217;utilitza per celebrar les festes que fem durant el curs.<\/p>\n<p>La disposici\u00f3 de les aules de l\u2019escola \u00e9s la seg\u00fcent:<\/p>\n<ul>\n<li><strong>Primera planta<\/strong>: secretaria, un laboratori de ci\u00e8ncies, dues aules d\u2019inform\u00e0tica,\u00a0 quatre aules per alumnes i la terrassa.<\/li>\n<\/ul>\n","protected":false},"excerpt":{"rendered":"<p>L\u2019edifici est\u00e0 ubicat al carrer Estronci 24 de L&#8217;Hospitalet de Llobregat.<br \/>\nL\u2019escola ocupa una planta baixa i, tot i tenir escales per accedir a la planta principal, compta amb un ascensor per les persones que ho necessitin. Est\u00e0 formada per un passad\u00eds central al llarg del&hellip;  <a href=\"https:\/\/agora.xtec.cat\/cfasanfeliu\/installacions\/\" title=\"Read Instal\u00b7lacions\">Llegeix m\u00e9s\u00bb<\/a><\/p>\n","protected":false},"author":1,"featured_media":0,"parent":0,"menu_order":0,"comment_status":"closed","ping_status":"closed","template":"","meta":{"_bbp_topic_count":0,"_bbp_reply_count":0,"_bbp_total_topic_count":0,"_bbp_total_reply_count":0,"_bbp_voice_count":0,"_bbp_anonymous_reply_count":0,"_bbp_topic_count_hidden":0,"_bbp_reply_count_hidden":0,"_bbp_forum_subforum_count":0,"footnotes":""},"class_list":["post-2525","page","type-page","status-publish","hentry"],"post_mailing_queue_ids":[],"_links":{"self":[{"href":"https:\/\/agora.xtec.cat\/cfasanfeliu\/wp-json\/wp\/v2\/pages\/2525","targetHints":{"allow":["GET"]}}],"collection":[{"href":"https:\/\/agora.xtec.cat\/cfasanfeliu\/wp-json\/wp\/v2\/pages"}],"about":[{"href":"https:\/\/agora.xtec.cat\/cfasanfeliu\/wp-json\/wp\/v2\/types\/page"}],"author":[{"embeddable":true,"href":"https:\/\/agora.xtec.cat\/cfasanfeliu\/wp-json\/wp\/v2\/users\/1"}],"replies":[{"embeddable":true,"href":"https:\/\/agora.xtec.cat\/cfasanfeliu\/wp-json\/wp\/v2\/comments?post=2525"}],"version-history":[{"count":3,"href":"https:\/\/agora.xtec.cat\/cfasanfeliu\/wp-json\/wp\/v2\/pages\/2525\/revisions"}],"predecessor-version":[{"id":2562,"href":"https:\/\/agora.xtec.cat\/cfasanfeliu\/wp-json\/wp\/v2\/pages\/2525\/revisions\/2562"}],"wp:attachment":[{"href":"https:\/\/agora.xtec.cat\/cfasanfeliu\/wp-json\/wp\/v2\/media?parent=2525"}],"curies":[{"name":"wp","href":"https:\/\/api.w.org\/{rel}","templated":true}]}}