{"id":2493,"date":"2023-06-22T16:16:30","date_gmt":"2023-06-22T14:16:30","guid":{"rendered":"https:\/\/agora.xtec.cat\/cfasanfeliu\/?page_id=2493"},"modified":"2023-06-22T16:16:30","modified_gmt":"2023-06-22T14:16:30","slug":"llengua-anglesa","status":"publish","type":"page","link":"https:\/\/agora.xtec.cat\/cfasanfeliu\/llengua-anglesa\/","title":{"rendered":"Llengua anglesa"},"content":{"rendered":"<p>Aquests estudis tenen com a objectiu que les persones adultes assoleixin un grau de compet\u00e8ncia b\u00e0sic per a comunicar-se en llengua anglesa i s\u2019imparteixen en tres nivells: llengua anglesa nivell 1, 2 i 3, que corresponen als nivells A1, A2.1 i A2.2 del MECR (Marc europeu com\u00fa de refer\u00e8ncia per a les lleng\u00fces).<\/p>\n<p>En els tres nivells es treballen les habilitats de comprensi\u00f3 i expressi\u00f3 orals i escrites que permeten fer front a la major part de situacions ling\u00fc\u00edstiques de la vida quotidiana i comunicar-se de forma b\u00e0sica en un entorn pluriling\u00fce i multicultural.<\/p>\n<p><strong>Actualment el CFA Sanfeliu imparteix els 3 nivells de llengua anglesa.<\/strong><\/p>\n","protected":false},"excerpt":{"rendered":"<p>Aquests estudis tenen com a objectiu que les persones adultes assoleixin un grau de compet\u00e8ncia b\u00e0sic per a comunicar-se en llengua anglesa i s\u2019imparteixen en tres nivells: llengua anglesa nivell 1, 2 i 3, que corresponen als nivells A1, A2.1 i A2.2 del MECR (Marc&hellip;  <a href=\"https:\/\/agora.xtec.cat\/cfasanfeliu\/llengua-anglesa\/\" title=\"Read Llengua anglesa\">Llegeix m\u00e9s\u00bb<\/a><\/p>\n","protected":false},"author":1,"featured_media":0,"parent":0,"menu_order":0,"comment_status":"closed","ping_status":"closed","template":"","meta":{"_bbp_topic_count":0,"_bbp_reply_count":0,"_bbp_total_topic_count":0,"_bbp_total_reply_count":0,"_bbp_voice_count":0,"_bbp_anonymous_reply_count":0,"_bbp_topic_count_hidden":0,"_bbp_reply_count_hidden":0,"_bbp_forum_subforum_count":0,"footnotes":""},"class_list":["post-2493","page","type-page","status-publish","hentry"],"post_mailing_queue_ids":[],"_links":{"self":[{"href":"https:\/\/agora.xtec.cat\/cfasanfeliu\/wp-json\/wp\/v2\/pages\/2493","targetHints":{"allow":["GET"]}}],"collection":[{"href":"https:\/\/agora.xtec.cat\/cfasanfeliu\/wp-json\/wp\/v2\/pages"}],"about":[{"href":"https:\/\/agora.xtec.cat\/cfasanfeliu\/wp-json\/wp\/v2\/types\/page"}],"author":[{"embeddable":true,"href":"https:\/\/agora.xtec.cat\/cfasanfeliu\/wp-json\/wp\/v2\/users\/1"}],"replies":[{"embeddable":true,"href":"https:\/\/agora.xtec.cat\/cfasanfeliu\/wp-json\/wp\/v2\/comments?post=2493"}],"version-history":[{"count":1,"href":"https:\/\/agora.xtec.cat\/cfasanfeliu\/wp-json\/wp\/v2\/pages\/2493\/revisions"}],"predecessor-version":[{"id":2494,"href":"https:\/\/agora.xtec.cat\/cfasanfeliu\/wp-json\/wp\/v2\/pages\/2493\/revisions\/2494"}],"wp:attachment":[{"href":"https:\/\/agora.xtec.cat\/cfasanfeliu\/wp-json\/wp\/v2\/media?parent=2493"}],"curies":[{"name":"wp","href":"https:\/\/api.w.org\/{rel}","templated":true}]}}