{"id":2487,"date":"2023-06-22T16:16:36","date_gmt":"2023-06-22T14:16:36","guid":{"rendered":"https:\/\/agora.xtec.cat\/cfasanfeliu\/?page_id=2487"},"modified":"2024-04-12T15:55:32","modified_gmt":"2024-04-12T13:55:32","slug":"llengua-castellana","status":"publish","type":"page","link":"https:\/\/agora.xtec.cat\/cfasanfeliu\/llengua-castellana\/","title":{"rendered":"Llengua castellana"},"content":{"rendered":"<p>Llengua castellana, \u00a0nivells 1, 2 i 3, que corresponen als nivells A1, A2 i B1 del MECR (Marc europeu com\u00fa de refer\u00e8ncia per a les lleng\u00fces), respectivament.<\/p>\n<p><strong>Actualment el CFA Sanfeliu ofereix el nivell 1, 2 i 3 de castell\u00e0.<\/strong><\/p>\n","protected":false},"excerpt":{"rendered":"<p>Llengua castellana, \u00a0nivells 1, 2 i 3, que corresponen als nivells A1, A2 i B1 del MECR (Marc europeu com\u00fa de refer\u00e8ncia per a les lleng\u00fces), respectivament.<br \/>\nActualment el CFA Sanfeliu ofereix el nivell 1, 2 i 3 de castell\u00e0.<\/p>\n","protected":false},"author":1,"featured_media":0,"parent":0,"menu_order":0,"comment_status":"closed","ping_status":"closed","template":"","meta":{"_bbp_topic_count":0,"_bbp_reply_count":0,"_bbp_total_topic_count":0,"_bbp_total_reply_count":0,"_bbp_voice_count":0,"_bbp_anonymous_reply_count":0,"_bbp_topic_count_hidden":0,"_bbp_reply_count_hidden":0,"_bbp_forum_subforum_count":0,"footnotes":""},"class_list":["post-2487","page","type-page","status-publish","hentry"],"post_mailing_queue_ids":[],"_links":{"self":[{"href":"https:\/\/agora.xtec.cat\/cfasanfeliu\/wp-json\/wp\/v2\/pages\/2487","targetHints":{"allow":["GET"]}}],"collection":[{"href":"https:\/\/agora.xtec.cat\/cfasanfeliu\/wp-json\/wp\/v2\/pages"}],"about":[{"href":"https:\/\/agora.xtec.cat\/cfasanfeliu\/wp-json\/wp\/v2\/types\/page"}],"author":[{"embeddable":true,"href":"https:\/\/agora.xtec.cat\/cfasanfeliu\/wp-json\/wp\/v2\/users\/1"}],"replies":[{"embeddable":true,"href":"https:\/\/agora.xtec.cat\/cfasanfeliu\/wp-json\/wp\/v2\/comments?post=2487"}],"version-history":[{"count":3,"href":"https:\/\/agora.xtec.cat\/cfasanfeliu\/wp-json\/wp\/v2\/pages\/2487\/revisions"}],"predecessor-version":[{"id":3067,"href":"https:\/\/agora.xtec.cat\/cfasanfeliu\/wp-json\/wp\/v2\/pages\/2487\/revisions\/3067"}],"wp:attachment":[{"href":"https:\/\/agora.xtec.cat\/cfasanfeliu\/wp-json\/wp\/v2\/media?parent=2487"}],"curies":[{"name":"wp","href":"https:\/\/api.w.org\/{rel}","templated":true}]}}