{"id":2485,"date":"2023-06-22T16:16:41","date_gmt":"2023-06-22T14:16:41","guid":{"rendered":"https:\/\/agora.xtec.cat\/cfasanfeliu\/?page_id=2485"},"modified":"2023-06-22T16:16:41","modified_gmt":"2023-06-22T14:16:41","slug":"llengua-catalana","status":"publish","type":"page","link":"https:\/\/agora.xtec.cat\/cfasanfeliu\/llengua-catalana\/","title":{"rendered":"Llengua catalana"},"content":{"rendered":"<p>Aquests estudis tenen com a objectiu que les persones adultes assoleixin un grau de compet\u00e8ncia m\u00ednima per a comunicar-se en llengua catalana i s\u2019imparteixen en tres nivells: llengua catalana nivell 1, 2 i 3, que corresponen als nivells A1, A2 i B1 del MECR (Marc europeu com\u00fa de refer\u00e8ncia per a les lleng\u00fces).<\/p>\n<p>En els tres nivells es treballen les habilitats de comprensi\u00f3 i expressi\u00f3 orals i escrites que permeten fer front a la major part de situacions ling\u00fc\u00edstiques de la vida quotidiana.<\/p>\n<p><strong>Actualment el CFA Sanfeliu ofereix el nivell 1, 2 i 3 de llengua catalana.\u00a0<\/strong><\/p>\n","protected":false},"excerpt":{"rendered":"<p>Aquests estudis tenen com a objectiu que les persones adultes assoleixin un grau de compet\u00e8ncia m\u00ednima per a comunicar-se en llengua catalana i s\u2019imparteixen en tres nivells: llengua catalana nivell 1, 2 i 3, que corresponen als nivells A1, A2 i B1 del MECR (Marc&hellip;  <a href=\"https:\/\/agora.xtec.cat\/cfasanfeliu\/llengua-catalana\/\" title=\"Read Llengua catalana\">Llegeix m\u00e9s\u00bb<\/a><\/p>\n","protected":false},"author":1,"featured_media":0,"parent":0,"menu_order":0,"comment_status":"closed","ping_status":"closed","template":"","meta":{"_bbp_topic_count":0,"_bbp_reply_count":0,"_bbp_total_topic_count":0,"_bbp_total_reply_count":0,"_bbp_voice_count":0,"_bbp_anonymous_reply_count":0,"_bbp_topic_count_hidden":0,"_bbp_reply_count_hidden":0,"_bbp_forum_subforum_count":0,"footnotes":""},"class_list":["post-2485","page","type-page","status-publish","hentry"],"post_mailing_queue_ids":[],"_links":{"self":[{"href":"https:\/\/agora.xtec.cat\/cfasanfeliu\/wp-json\/wp\/v2\/pages\/2485","targetHints":{"allow":["GET"]}}],"collection":[{"href":"https:\/\/agora.xtec.cat\/cfasanfeliu\/wp-json\/wp\/v2\/pages"}],"about":[{"href":"https:\/\/agora.xtec.cat\/cfasanfeliu\/wp-json\/wp\/v2\/types\/page"}],"author":[{"embeddable":true,"href":"https:\/\/agora.xtec.cat\/cfasanfeliu\/wp-json\/wp\/v2\/users\/1"}],"replies":[{"embeddable":true,"href":"https:\/\/agora.xtec.cat\/cfasanfeliu\/wp-json\/wp\/v2\/comments?post=2485"}],"version-history":[{"count":2,"href":"https:\/\/agora.xtec.cat\/cfasanfeliu\/wp-json\/wp\/v2\/pages\/2485\/revisions"}],"predecessor-version":[{"id":2489,"href":"https:\/\/agora.xtec.cat\/cfasanfeliu\/wp-json\/wp\/v2\/pages\/2485\/revisions\/2489"}],"wp:attachment":[{"href":"https:\/\/agora.xtec.cat\/cfasanfeliu\/wp-json\/wp\/v2\/media?parent=2485"}],"curies":[{"name":"wp","href":"https:\/\/api.w.org\/{rel}","templated":true}]}}