{"id":2483,"date":"2023-06-22T16:16:10","date_gmt":"2023-06-22T14:16:10","guid":{"rendered":"https:\/\/agora.xtec.cat\/cfasanfeliu\/?page_id=2483"},"modified":"2024-04-12T16:25:50","modified_gmt":"2024-04-12T14:25:50","slug":"formacio-instrumental","status":"publish","type":"page","link":"https:\/\/agora.xtec.cat\/cfasanfeliu\/formacio-instrumental\/","title":{"rendered":"Formaci\u00f3 instrumental"},"content":{"rendered":"<p>La formaci\u00f3 instrumental \u00e9s una nova oportunitat d\u2019aprenentatge per a les persones adultes perqu\u00e8 proporciona els mitjans per a l\u2019adquisici\u00f3 de les compet\u00e8ncies, destreses i capacitats que contribueixen a l\u2019actualitzaci\u00f3 de les compet\u00e8ncies clau, facilitant el desenvolupament i l\u2019autonomia personals i acad\u00e8miques, la integraci\u00f3 social i l\u2019acc\u00e9s al m\u00f3n laboral.<\/p>\n<p>L\u2019actualitzaci\u00f3 del curr\u00edculum de formaci\u00f3 instrumental \u00e9s necess\u00e0ria per adaptar aquests ensenyaments als nous paradigmes educatius i a les necessitats educatives emergents en el context del m\u00f3n actual, globalitzat, digitalitzat i en evoluci\u00f3 constant, tot garantint l\u2019atenci\u00f3 educativa en el marc d\u2019un sistema educatiu inclusiu i coeducatiu<\/p>\n<p class=\"cvGsUA direction-ltr align-end para-style-body\"><strong><span class=\"OYPEnA text-decoration-none text-strikethrough-none\">Coneixements b\u00e0sics de llengua catalana i castellana, matem\u00e0tiques, medi i coneixements b\u00e0sics d\u2019inform\u00e0tica. Nivells 1 i 2. <\/span><span class=\"OYPEnA text-decoration-none text-strikethrough-none\">Curs anual de setembre a juny.<\/span><\/strong><\/p>\n<p>&nbsp;<\/p>\n","protected":false},"excerpt":{"rendered":"<p>La formaci\u00f3 instrumental \u00e9s una nova oportunitat d\u2019aprenentatge per a les persones adultes perqu\u00e8 proporciona els mitjans per a l\u2019adquisici\u00f3 de les compet\u00e8ncies, destreses i capacitats que contribueixen a l\u2019actualitzaci\u00f3 de les compet\u00e8ncies clau, facilitant el desenvolupament i l\u2019autonomia personals i acad\u00e8miques, la integraci\u00f3 social&hellip;  <a href=\"https:\/\/agora.xtec.cat\/cfasanfeliu\/formacio-instrumental\/\" title=\"Read Formaci\u00f3 instrumental\">Llegeix m\u00e9s\u00bb<\/a><\/p>\n","protected":false},"author":1,"featured_media":0,"parent":0,"menu_order":0,"comment_status":"closed","ping_status":"closed","template":"","meta":{"_bbp_topic_count":0,"_bbp_reply_count":0,"_bbp_total_topic_count":0,"_bbp_total_reply_count":0,"_bbp_voice_count":0,"_bbp_anonymous_reply_count":0,"_bbp_topic_count_hidden":0,"_bbp_reply_count_hidden":0,"_bbp_forum_subforum_count":0,"footnotes":""},"class_list":["post-2483","page","type-page","status-publish","hentry"],"post_mailing_queue_ids":[],"_links":{"self":[{"href":"https:\/\/agora.xtec.cat\/cfasanfeliu\/wp-json\/wp\/v2\/pages\/2483","targetHints":{"allow":["GET"]}}],"collection":[{"href":"https:\/\/agora.xtec.cat\/cfasanfeliu\/wp-json\/wp\/v2\/pages"}],"about":[{"href":"https:\/\/agora.xtec.cat\/cfasanfeliu\/wp-json\/wp\/v2\/types\/page"}],"author":[{"embeddable":true,"href":"https:\/\/agora.xtec.cat\/cfasanfeliu\/wp-json\/wp\/v2\/users\/1"}],"replies":[{"embeddable":true,"href":"https:\/\/agora.xtec.cat\/cfasanfeliu\/wp-json\/wp\/v2\/comments?post=2483"}],"version-history":[{"count":3,"href":"https:\/\/agora.xtec.cat\/cfasanfeliu\/wp-json\/wp\/v2\/pages\/2483\/revisions"}],"predecessor-version":[{"id":3071,"href":"https:\/\/agora.xtec.cat\/cfasanfeliu\/wp-json\/wp\/v2\/pages\/2483\/revisions\/3071"}],"wp:attachment":[{"href":"https:\/\/agora.xtec.cat\/cfasanfeliu\/wp-json\/wp\/v2\/media?parent=2483"}],"curies":[{"name":"wp","href":"https:\/\/api.w.org\/{rel}","templated":true}]}}