{"id":2480,"date":"2023-06-22T16:16:20","date_gmt":"2023-06-22T14:16:20","guid":{"rendered":"https:\/\/agora.xtec.cat\/cfasanfeliu\/?page_id=2480"},"modified":"2024-04-12T16:03:44","modified_gmt":"2024-04-12T14:03:44","slug":"graduat-en-educacio-secundaria-geso","status":"publish","type":"page","link":"https:\/\/agora.xtec.cat\/cfasanfeliu\/graduat-en-educacio-secundaria-geso\/","title":{"rendered":"Graduat en educaci\u00f3 secund\u00e0ria (GESO)"},"content":{"rendered":"<p>Aquests estudis permeten completar els ensenyaments b\u00e0sics i obtenir el t\u00edtol de graduat o graduada en educaci\u00f3 secund\u00e0ria obligat\u00f2ria (GESO).<\/p>\n<ul>\n<li>Continguts<\/li>\n<\/ul>\n<p>Els ensenyaments per a l\u2019obtenci\u00f3 del t\u00edtol de graduat o graduada en educaci\u00f3 secund\u00e0ria obligat\u00f2ria per a les persones adultes consisteixen en 34 m\u00f2duls amb una c\u00e0rrega lectiva de 35 hores per m\u00f2dul. El CFA Sanfeliu imparteix aquest ensenyament en modalitat presencial. La durada d\u2019aquests estudis \u00e9s de 1.190 hores. Els m\u00f2duls que estan relacionats amb l\u2019\u00e0mbit de la comunicaci\u00f3, el cientificotenol\u00f2gic i el social es distribueixen en dos nivells:<\/p>\n<p><strong>M\u00f2duls del nivell I (1r curs):<\/strong><\/p>\n<ol>\n<li><strong>\u00c0mbit de la comunicaci\u00f3:\u00a0<\/strong>\n<ul>\n<li>Literatura<\/li>\n<li>Llengua catalana I<\/li>\n<li>Llengua castellana I<\/li>\n<li>Llengua estrangera I<\/li>\n<li>Llengua catalana II<\/li>\n<li>Llengua castellana II<\/li>\n<\/ul>\n<\/li>\n<li><strong>\u00c0mbit cientificotecnol\u00f2gic:<\/strong>\n<ul>\n<li>Matem\u00e0tiques<\/li>\n<li>Matem\u00e0tiques II<\/li>\n<li>F\u00edsica i qu\u00edmica I<\/li>\n<li>Ci\u00e8ncies naturals<\/li>\n<li>Educaci\u00f3 per a la salut<\/li>\n<\/ul>\n<\/li>\n<li><strong>\u00c0mbit social:<\/strong>\n<ul>\n<li>Ci\u00e8ncies socials I i educaci\u00f3 per a la ciutadania<\/li>\n<li>Geografia I<\/li>\n<li>Hist\u00f2ria I<\/li>\n<\/ul>\n<\/li>\n<\/ol>\n<p><strong>M\u00f2duls del nivell II (2n curs):<\/strong><\/p>\n<ol>\n<li><strong>\u00c0mbit de la comunicaci\u00f3:\u00a0<\/strong>\n<ul>\n<li>Llengua catalana III<\/li>\n<li>Llengua castellana III<\/li>\n<li>Llengua estrangera II<\/li>\n<li>Llengua\u00a0estrangera III<\/li>\n<li>Literatua catalana<\/li>\n<li>Literatura castellana<\/li>\n<\/ul>\n<\/li>\n<li><strong>\u00c0mbit cientificotecnol\u00f2gic:<\/strong>\n<ul>\n<li>Matem\u00e0tiques III<\/li>\n<li>Matem\u00e0tiques IV<\/li>\n<li>F\u00edsica i qu\u00edmica II<\/li>\n<li>Biologia i geologia<\/li>\n<li>Tecnologia<\/li>\n<\/ul>\n<\/li>\n<li><strong>\u00c0mbit social:<\/strong>\n<ul>\n<li>\n<div>Ci\u00e8ncies socials II i moviments migratoris<\/div>\n<\/li>\n<li>Geografia II<\/li>\n<li>Hist\u00f2ria II<\/li>\n<\/ul>\n<\/li>\n<\/ol>\n<p><strong>M\u00f2duls opcionals que ofereix l\u2019escola:<\/strong><\/p>\n<p>GES I:<\/p>\n<ul>\n<li style=\"list-style-type: none;\">\n<ul style=\"list-style-type: circle;\">\n<li><span style=\"font-family: inherit; font-size: 1em;\">Matem\u00e0tiques 0 inicials<\/span><\/li>\n<li><span style=\"font-family: inherit; font-size: 1em;\">Taller d&#8217;escriptura creativa<\/span><\/li>\n<li><span style=\"font-family: inherit; font-size: 1em;\">Llengua estrangera angl\u00e8s 0<\/span><\/li>\n<\/ul>\n<\/li>\n<\/ul>\n<p><strong>GES II:<\/strong><\/p>\n<ul>\n<li style=\"list-style-type: none;\">\n<ul style=\"list-style-type: circle;\">\n<li>L&#8217;argumentaci\u00f3 discursiva<\/li>\n<li>Finances<\/li>\n<li>Angl\u00e8s IV<\/li>\n<\/ul>\n<\/li>\n<\/ul>\n","protected":false},"excerpt":{"rendered":"<p>Aquests estudis permeten completar els ensenyaments b\u00e0sics i obtenir el t\u00edtol de graduat o graduada en educaci\u00f3 secund\u00e0ria obligat\u00f2ria (GESO).<\/p>\n<ul>\n<li>Continguts<\/li>\n<\/ul>\n<p>Els ensenyaments per a l\u2019obtenci\u00f3 del t\u00edtol de graduat o graduada en educaci\u00f3 secund\u00e0ria obligat\u00f2ria per a les persones adultes consisteixen en 34 m\u00f2duls amb una&hellip;  <a href=\"https:\/\/agora.xtec.cat\/cfasanfeliu\/graduat-en-educacio-secundaria-geso\/\" title=\"Read Graduat en educaci\u00f3 secund\u00e0ria (GESO)\">Llegeix m\u00e9s\u00bb<\/a><\/p>\n","protected":false},"author":1,"featured_media":0,"parent":0,"menu_order":0,"comment_status":"closed","ping_status":"closed","template":"","meta":{"_bbp_topic_count":0,"_bbp_reply_count":0,"_bbp_total_topic_count":0,"_bbp_total_reply_count":0,"_bbp_voice_count":0,"_bbp_anonymous_reply_count":0,"_bbp_topic_count_hidden":0,"_bbp_reply_count_hidden":0,"_bbp_forum_subforum_count":0,"footnotes":""},"class_list":["post-2480","page","type-page","status-publish","hentry"],"post_mailing_queue_ids":[],"_links":{"self":[{"href":"https:\/\/agora.xtec.cat\/cfasanfeliu\/wp-json\/wp\/v2\/pages\/2480","targetHints":{"allow":["GET"]}}],"collection":[{"href":"https:\/\/agora.xtec.cat\/cfasanfeliu\/wp-json\/wp\/v2\/pages"}],"about":[{"href":"https:\/\/agora.xtec.cat\/cfasanfeliu\/wp-json\/wp\/v2\/types\/page"}],"author":[{"embeddable":true,"href":"https:\/\/agora.xtec.cat\/cfasanfeliu\/wp-json\/wp\/v2\/users\/1"}],"replies":[{"embeddable":true,"href":"https:\/\/agora.xtec.cat\/cfasanfeliu\/wp-json\/wp\/v2\/comments?post=2480"}],"version-history":[{"count":4,"href":"https:\/\/agora.xtec.cat\/cfasanfeliu\/wp-json\/wp\/v2\/pages\/2480\/revisions"}],"predecessor-version":[{"id":3069,"href":"https:\/\/agora.xtec.cat\/cfasanfeliu\/wp-json\/wp\/v2\/pages\/2480\/revisions\/3069"}],"wp:attachment":[{"href":"https:\/\/agora.xtec.cat\/cfasanfeliu\/wp-json\/wp\/v2\/media?parent=2480"}],"curies":[{"name":"wp","href":"https:\/\/api.w.org\/{rel}","templated":true}]}}