{"id":49,"date":"2014-09-17T16:55:55","date_gmt":"2014-09-17T16:55:55","guid":{"rendered":"http:\/\/agora.xtec.cat\/cfasalvadorespriu\/?page_id=49"},"modified":"2016-05-24T11:58:36","modified_gmt":"2016-05-24T10:58:36","slug":"normes-dorganitzacio-i-funcionament","status":"publish","type":"page","link":"https:\/\/agora.xtec.cat\/cfasalvadorespriu\/el-centre\/normes-dorganitzacio-i-funcionament\/","title":{"rendered":"Normes i funcionament del centre"},"content":{"rendered":"<ul>\n<li><strong>ASSIST\u00c8NCIA<\/strong><\/li>\n<p> L\u2019assist\u00e8ncia a classe forma part del comprom\u00eds que els alumnes prenen en matricular-se.<br \/>\nPer obtenir certificat s\u2019haur\u00e0 d\u2019assistir a un m\u00ednim del 80% i es lliurar\u00e0 quan el curs finalitzi. Els tutors de cada grup informaran del nombre de faltes una vegada al mes. Els justificants no invaliden les faltes per\u00f2 es poden tenir presents a l\u2019avaluaci\u00f3 final.<\/p>\n<li><strong>PUNTUALITAT<\/strong><\/li>\n<p> Tothom ha de fer l\u2019esfor\u00e7 d\u2019assistir amb la m\u00e0xima puntualitat, per rendibilitzar el temps i per evitar interrupcions a les classes. Tres faltes de puntualitat (mes de 15 minuts) seran considerades una falta d\u2019assist\u00e8ncia, tant si s\u2019arriba tard com si es marxa d\u2019hora.<\/p>\n<li><strong>DESCANS ENTRE CLASSES<\/strong><\/li>\n<p> Quan un curs disposi de descans entre classes aquest ser\u00e0 de 15 minuts segons les indicacions del professorat. Cal  ser rigor\u00f3s en el compliment d\u2019aquest horari.<\/p>\n<li><strong>SEGUIMENT DE L&#8217;ALUMNAT<\/strong><\/li>\n<p> Per comentar l\u2019evoluci\u00f3 acad\u00e8mica de l\u2019alumnat es faran sessions tutorials m\u00ednim una vegada al trimestre. La seva assist\u00e8ncia es obligat\u00f2ria. En cas de no assistir, es comptar\u00e0 com una falta d\u2019assist\u00e8ncia.<\/p>\n<li><strong>COMPORTAMENT<\/strong><\/li>\n<p> Per respecte als companys\/es i al professorat, es important que a dins l\u2019aula hi hagi un clima de treball i aprofitament del temps; les persones que amb el seu comportament o actitud dificultin el desenvolupament de les activitats i incompleixin aquesta norma, es podrien veure privades de continuar al centre si aix\u00ed ho acorda el Consell de Centre, ja que es un ensenyament no obligatori.<\/p>\n<li><strong>PERDUA DE PLA\u00c7A<\/strong><\/li>\n<p> 1-L\u2019alumne\/a que durant 2 setmanes seguides no assisteixi a classe i no ho justifiqui, perdr\u00e0 el dret de matricula.<br \/>\n2- Qui reiteri el comportament de no assistir amb regularitat a les classes, tamb\u00e9 pot perdre el dret segons la decisi\u00f3 del claustre.<br \/>\n3- No es podr\u00e0 matricular al centre qui s\u2019hagi matriculat al curs dues vegades seguides i no l\u2019hagi superat. Excepcionalment, es podr\u00e0 concedir un curs de gracia sempre que el claustre ho consideri convenient.<\/p>\n<li><strong>NECESSITATS ESPECIALS<\/strong><\/li>\n<p> Si algun alumne\/a presenta una necessitat f\u00edsica o ps\u00edquica que li dificulta seguir les classes amb normalitat, te la obligaci\u00f3 d\u2019informar per tal de que el professorat el pugui atendre correctament.<\/p>\n<li><strong>ALTRES<\/strong><\/li>\n<p> <strong>M\u00f2bils:<\/strong> L\u2019\u00fas de tel\u00e8fons m\u00f2bils i aparells electr\u00f2nics no autoritzats pel professorat, no seran permesos dins de les aules. En cas d\u2019utilitzar-los sense el perm\u00eds del professorat, aquest podr\u00e0 fer anotacions que , exposades en el claustre, afectaran l\u2019avaluaci\u00f3 de l\u2019alumne.<\/p>\n<p> <strong>Higiene:<\/strong> Per assistir a l\u2019escola, cal una higiene personal correcta com a respecte als companys i al professorat. Aix\u00ed mateix, cada alumne\/a es far\u00e0 responsable de mantenir net el seu lloc de treball i les instal\u00b7lacions en general.<\/p>\n<p> <strong>Menjar i begudes:<\/strong> No es pot menjar ni beure dins les aules.<\/p>\n<p> <strong>Fumar:<\/strong> No es pot fumar dins del recinte escolar. S&#8217;ha de sortir al carrer.\n<\/ul>\n","protected":false},"excerpt":{"rendered":"<ul>\n<li>ASSIST\u00c8NCIA<\/li>\n<p> L\u2019assist\u00e8ncia a classe forma part del comprom\u00eds que els alumnes prenen en matricular-se.<br \/>\nPer obtenir certificat s\u2019haur\u00e0 d\u2019assistir a un m\u00ednim del 80% i es lliurar\u00e0 quan el curs finalitzi. Els tutors de cada grup informaran del nombre de faltes una vegada al mes. Els&hellip;  <a href=\"https:\/\/agora.xtec.cat\/cfasalvadorespriu\/el-centre\/normes-dorganitzacio-i-funcionament\/\" title=\"Read Normes i funcionament del centre\">Llegeix m\u00e9s\u00bb<\/a><\/p>\n","protected":false},"author":1,"featured_media":0,"parent":261,"menu_order":60,"comment_status":"closed","ping_status":"closed","template":"page-templates\/side-menu.php","meta":{"_bbp_topic_count":0,"_bbp_reply_count":0,"_bbp_total_topic_count":0,"_bbp_total_reply_count":0,"_bbp_voice_count":0,"_bbp_anonymous_reply_count":0,"_bbp_topic_count_hidden":0,"_bbp_reply_count_hidden":0,"_bbp_forum_subforum_count":0,"footnotes":""},"class_list":["post-49","page","type-page","status-publish","hentry"],"post_mailing_queue_ids":[],"_links":{"self":[{"href":"https:\/\/agora.xtec.cat\/cfasalvadorespriu\/wp-json\/wp\/v2\/pages\/49","targetHints":{"allow":["GET"]}}],"collection":[{"href":"https:\/\/agora.xtec.cat\/cfasalvadorespriu\/wp-json\/wp\/v2\/pages"}],"about":[{"href":"https:\/\/agora.xtec.cat\/cfasalvadorespriu\/wp-json\/wp\/v2\/types\/page"}],"author":[{"embeddable":true,"href":"https:\/\/agora.xtec.cat\/cfasalvadorespriu\/wp-json\/wp\/v2\/users\/1"}],"replies":[{"embeddable":true,"href":"https:\/\/agora.xtec.cat\/cfasalvadorespriu\/wp-json\/wp\/v2\/comments?post=49"}],"version-history":[{"count":4,"href":"https:\/\/agora.xtec.cat\/cfasalvadorespriu\/wp-json\/wp\/v2\/pages\/49\/revisions"}],"predecessor-version":[{"id":416,"href":"https:\/\/agora.xtec.cat\/cfasalvadorespriu\/wp-json\/wp\/v2\/pages\/49\/revisions\/416"}],"up":[{"embeddable":true,"href":"https:\/\/agora.xtec.cat\/cfasalvadorespriu\/wp-json\/wp\/v2\/pages\/261"}],"wp:attachment":[{"href":"https:\/\/agora.xtec.cat\/cfasalvadorespriu\/wp-json\/wp\/v2\/media?parent=49"}],"curies":[{"name":"wp","href":"https:\/\/api.w.org\/{rel}","templated":true}]}}