{"id":316,"date":"2015-01-28T11:33:51","date_gmt":"2015-01-28T10:33:51","guid":{"rendered":"http:\/\/agora.xtec.cat\/cfasalvadorespriu\/?page_id=316"},"modified":"2020-06-02T19:55:04","modified_gmt":"2020-06-02T17:55:04","slug":"competencia-digital-competic","status":"publish","type":"page","link":"https:\/\/agora.xtec.cat\/cfasalvadorespriu\/ensenyaments\/ensenyaments-transprofessionals\/competencia-digital-competic\/","title":{"rendered":"Compet\u00e8ncia digital COMPETIC"},"content":{"rendered":"<ul style=\"list-style-type: disc;\">\n<li>Els ensenyaments d&#8217;inform\u00e0tica tenen com objectiu facilitar l&#8217;adquisici\u00f3 de la compet\u00e8ncia digital, entesa com la combinaci\u00f3 de coneixements, habilitats i actituds en l&#8217;\u00e0mbit de les tecnologies de la informaci\u00f3 i la comunicaci\u00f3 (TIC) per desenvolupar-se en la societat actual.<\/li>\n<\/ul>\n<p>En nostre centre ofereix Competic 1 i Competic 2 i Competic 3.<\/p>\n<ul>\n<li><strong><a href=\"https:\/\/sites.google.com\/a\/xtec.cat\/competic-fpa\/competic-inicial\" target=\"_blank\" rel=\"noopener noreferrer\">COMPETIC INICIAL<\/a>: <\/strong>Curs de <strong>105 hores<\/strong> de duraci\u00f3, en <strong>dues sessions<\/strong> setmanals <strong>de 1h 30\u2032<\/strong> cadascuna. Aquest nivell va adre\u00e7at a les persones que volen iniciar-se en el m\u00f3n de la inform\u00e0tica i que volen assolir un domini b\u00e0sic de les tecnologies de la informaci\u00f3 i la comunicaci\u00f3 (TIC).<\/li>\n<\/ul>\n<p>Els ensenyaments de compet\u00e8ncia digital COMPETIC 1 i COMPETIC 2 van adre\u00e7ats a les persones que hagin cursat el nivell inicial o que tinguin i puguin acreditar uns coneixements elementals d&#8217;inform\u00e0tica. S\u00f3n ensenyaments consecutius i l&#8217;objectiu \u00e9s assolir uns coneixements del funcionament de l&#8217;ordinador, del tractament de textos, de l&#8217;\u00fas del correu electr\u00f2nic i de la cerca d&#8217;informaci\u00f3 per Internet, el civisme digital, full de c\u00e0lcul i tractament de la imatge i el so.<\/p>\n<ul>\n<li>\n<p><strong><a href=\"https:\/\/sites.google.com\/a\/xtec.cat\/competic-fpa\/competic-1\" target=\"_blank\" rel=\"noopener noreferrer\">COMPETIC 1<\/a>:<\/strong> Curs de <strong>105 hores<\/strong> de duraci\u00f3, en <strong>dues sessions<\/strong> setmanals <strong>de 1h 30\u2032<\/strong> cadascuna. El nivell 1 suposa un domini elemental de les tecnologies de la informaci\u00f3 i la comunicaci\u00f3. La superaci\u00f3 del curs \u00e9s equivalent al <strong>nivell b\u00e0sic d\u2019ACTIC\u00a0<\/strong>\u2013<a href=\"http:\/\/acticweb.gencat.cat\/ca\/actic_informacio\/actic_competencies_i_nivells\/\" target=\"_blank\" rel=\"noopener noreferrer\">Acreditaci\u00f3 en Tecnologies de la Informaci\u00f3 i la Comunicaci\u00f3<\/a>-.<\/p>\n<\/li>\n<li>\n<p><strong><a href=\"https:\/\/sites.google.com\/a\/xtec.cat\/competic-fpa\/competic-2\" target=\"_blank\" rel=\"noopener noreferrer\">COMPETIC 2: <\/a><\/strong>Curs de <strong>140h<\/strong> de duraci\u00f3, repartides en <strong>dues sessions setmanals de 2h<\/strong> cadascuna. en horari de vespre. El nivell 2 suposa un domini efectiu de les tecnologies de la informaci\u00f3 i la comunicaci\u00f3 en relaci\u00f3 amb els seus \u00e0mbits generals d\u2019aplicaci\u00f3. Aquest nivell correspon a una persona usu\u00e0ria que t\u00e9 autonomia i capacitat cr\u00edtica envers l\u2019\u00fas d\u2019aquestes tecnologies. L\u2019horari dep\u00e8n de cada curs. La superaci\u00f3 del curs \u00e9s equivalent al <strong>nivell Mitj\u00e0 d\u2019ACTIC<\/strong>.<\/p>\n<\/li>\n<li><strong><a href=\"https:\/\/sites.google.com\/a\/xtec.cat\/competic-fpa\/competic-3\" target=\"_blank\" rel=\"noopener noreferrer\">COMPETIC 3: <\/a><\/strong>Curs de <strong>105h<\/strong> de duraci\u00f3, repartides en <strong>dues sessions setmanals d&#8217;1h i 30&#8242;<\/strong> cadascuna en horari de vespre.\n<p>&nbsp;<\/p>\n<p><span lang=\"CA\"><b>Atenci\u00f3! <\/b>Per matricular-se a COMPETIC 3, i independentment del seu nivell de compet\u00e8ncia digital, <strong>\u00a0l\u2019alumne haur\u00e0 de disposar del certificat ACTIC Mitj\u00e0 o b\u00e9 del certificat de superaci\u00f3 del curs de COMPETIC 2 en un centre d\u2019adults<\/strong> depenent del Departament d\u2019Ensenyament o b\u00e9 que estigui autoritzat a impartir aquest ensenyament. <\/span><\/p>\n<p><span style=\"color: #000000;\">La superaci\u00f3 de cadascuna de les compet\u00e8ncies treballades a COMPETIC 3 correspon a una persona usu\u00e0ria que t\u00e9 un ampli domini d\u2019aquestes tecnologies i que disposa de capacitat per aprofitar al m\u00e0xim les prestacions que ofereixen les tecnologies de la informaci\u00f3 i la comunicaci\u00f3, de construir usos alternatius i de donar suport a altres persones perqu\u00e8 puguin millorar el desenvolupament de les seves compet\u00e8ncies.<\/span><\/p>\n<ul style=\"list-style-type: square;\">\n<li><span style=\"color: #000000;\">C4: Tractament de la informaci\u00f3 escrita.<\/span><\/li>\n<li><span style=\"color: #000000;\">C5: Tractament de la informaci\u00f3 gr\u00e0fica, sonora i de la imatge en moviment.<\/span><\/li>\n<li><span style=\"color: #000000;\">C6: Tractament de la informaci\u00f3 num\u00e8rica.<\/span><\/li>\n<li><span style=\"color: #000000;\">C7: Tractament de les dades.<\/span><\/li>\n<li><span style=\"color: #000000;\">C8: Presentaci\u00f3 de continguts.\u00a0<\/span>\n<p>&nbsp;<\/p>\n<p><span lang=\"CA\"><span style=\"color: #000000;\">El treball de cadascuna d\u2019aquestes compet\u00e8ncies es desenvolupa en 35 hores lectives (un trimestre). Per tant, sent que el nivell de COMPETIC 3 t\u00e9 una durada de 105 hores, es treballaran tres compet\u00e8ncies al llarg del curs (una per trimestre). Un cop superades aquestes compet\u00e8ncies, l\u2019alumne que ho desitgi podr\u00e0 continuar cursant les compet\u00e8ncies que li faltin.<\/span><\/span><\/p>\n<\/li>\n<\/ul>\n<p>&nbsp;<\/p>\n<\/li>\n<\/ul>\n<p>&nbsp;<\/p>\n","protected":false},"excerpt":{"rendered":"<ul style=\"list-style-type: disc;\">\n<li>Els ensenyaments d&#8217;inform\u00e0tica tenen com objectiu facilitar l&#8217;adquisici\u00f3 de la compet\u00e8ncia digital, entesa com la combinaci\u00f3 de coneixements, habilitats i actituds en l&#8217;\u00e0mbit de les tecnologies de la informaci\u00f3 i la comunicaci\u00f3 (TIC) per desenvolupar-se en la societat actual.<\/li>\n<\/ul>\n<p>En nostre centre ofereix Competic&hellip;  <a href=\"https:\/\/agora.xtec.cat\/cfasalvadorespriu\/ensenyaments\/ensenyaments-transprofessionals\/competencia-digital-competic\/\" title=\"Read Compet\u00e8ncia digital COMPETIC\">Llegeix m\u00e9s\u00bb<\/a><\/p>\n","protected":false},"author":1,"featured_media":0,"parent":286,"menu_order":0,"comment_status":"closed","ping_status":"closed","template":"page-templates\/side-menu.php","meta":{"_bbp_topic_count":0,"_bbp_reply_count":0,"_bbp_total_topic_count":0,"_bbp_total_reply_count":0,"_bbp_voice_count":0,"_bbp_anonymous_reply_count":0,"_bbp_topic_count_hidden":0,"_bbp_reply_count_hidden":0,"_bbp_forum_subforum_count":0,"footnotes":""},"class_list":["post-316","page","type-page","status-publish","hentry"],"post_mailing_queue_ids":[],"_links":{"self":[{"href":"https:\/\/agora.xtec.cat\/cfasalvadorespriu\/wp-json\/wp\/v2\/pages\/316","targetHints":{"allow":["GET"]}}],"collection":[{"href":"https:\/\/agora.xtec.cat\/cfasalvadorespriu\/wp-json\/wp\/v2\/pages"}],"about":[{"href":"https:\/\/agora.xtec.cat\/cfasalvadorespriu\/wp-json\/wp\/v2\/types\/page"}],"author":[{"embeddable":true,"href":"https:\/\/agora.xtec.cat\/cfasalvadorespriu\/wp-json\/wp\/v2\/users\/1"}],"replies":[{"embeddable":true,"href":"https:\/\/agora.xtec.cat\/cfasalvadorespriu\/wp-json\/wp\/v2\/comments?post=316"}],"version-history":[{"count":4,"href":"https:\/\/agora.xtec.cat\/cfasalvadorespriu\/wp-json\/wp\/v2\/pages\/316\/revisions"}],"predecessor-version":[{"id":1287,"href":"https:\/\/agora.xtec.cat\/cfasalvadorespriu\/wp-json\/wp\/v2\/pages\/316\/revisions\/1287"}],"up":[{"embeddable":true,"href":"https:\/\/agora.xtec.cat\/cfasalvadorespriu\/wp-json\/wp\/v2\/pages\/286"}],"wp:attachment":[{"href":"https:\/\/agora.xtec.cat\/cfasalvadorespriu\/wp-json\/wp\/v2\/media?parent=316"}],"curies":[{"name":"wp","href":"https:\/\/api.w.org\/{rel}","templated":true}]}}