{"id":312,"date":"2015-01-28T11:32:38","date_gmt":"2015-01-28T10:32:38","guid":{"rendered":"http:\/\/agora.xtec.cat\/cfasalvadorespriu\/?page_id=312"},"modified":"2020-04-06T20:07:03","modified_gmt":"2020-04-06T18:07:03","slug":"llengua-anglesa","status":"publish","type":"page","link":"https:\/\/agora.xtec.cat\/cfasalvadorespriu\/ensenyaments\/ensenyaments-transprofessionals\/llengua-anglesa\/","title":{"rendered":"Llengua anglesa"},"content":{"rendered":"<p>Aquests estudis tenen com a objectiu que les persones adultes assoleixin un grau de compet\u00e8ncia b\u00e0sic per a comunicar-se en llengua anglesa. En el nostre centre s\u2019imparteixen tres nivells: llengua anglesa nivell 1, 2 i 3, que corresponen als nivells A1, A2.1 i A2.2 del MECR (Marc europeu com\u00fa de refer\u00e8ncia per a les lleng\u00fces).<\/p>\n<p>En els tres nivells es treballen les habilitats de comprensi\u00f3 i expressi\u00f3 orals i escrites que permeten fer front a la major part de situacions ling\u00fc\u00edstiques de la vida quotidiana i comunicar-se de forma b\u00e0sica en un entorn pluriling\u00fce i multicultural.<\/p>\n<p>Vegeu el <a href=\"http:\/\/queestudiar.gencat.cat\/web\/.content\/home\/estudis\/adults\/normativa\/resoluciocurriculumsllenguescfa.pdf\" target=\"_blank\" rel=\"noopener noreferrer\">curr\u00edculum <\/a>d\u2019aquests estudis.<\/p>\n<ul>\n<li>\n<h3>Acc\u00e9s<\/h3>\n<\/li>\n<\/ul>\n<div class=\"CS_fFons_DestaquemB CS_fFons_DestaquemB2\">\n<div id=\"div_03\" class=\"CS_paddingTop10 nomargeleft display\">\n<div class=\"FW_bColCos dotted\">\n<p>Poden accedir a aquests estudis totes les persones que tenen m\u00e9s de 18 anys o b\u00e9 els compleixen durant l\u2019any natural en qu\u00e8 inicien la formaci\u00f3.<\/p>\n<p>Un cop finalitzats aquests estudis, es pot continuar la formaci\u00f3 en una escola oficial d\u2019idiomes,\u00a0accedint al nivell de 3r sense haver de superar una prova de nivell.<\/p>\n<\/div>\n<\/div>\n<\/div>\n","protected":false},"excerpt":{"rendered":"<p>Aquests estudis tenen com a objectiu que les persones adultes assoleixin un grau de compet\u00e8ncia b\u00e0sic per a comunicar-se en llengua anglesa. En el nostre centre s\u2019imparteixen tres nivells: llengua anglesa nivell 1, 2 i 3, que corresponen als nivells A1, A2.1 i A2.2 del&hellip;  <a href=\"https:\/\/agora.xtec.cat\/cfasalvadorespriu\/ensenyaments\/ensenyaments-transprofessionals\/llengua-anglesa\/\" title=\"Read Llengua anglesa\">Llegeix m\u00e9s\u00bb<\/a><\/p>\n","protected":false},"author":1,"featured_media":0,"parent":286,"menu_order":0,"comment_status":"closed","ping_status":"closed","template":"page-templates\/side-menu.php","meta":{"_bbp_topic_count":0,"_bbp_reply_count":0,"_bbp_total_topic_count":0,"_bbp_total_reply_count":0,"_bbp_voice_count":0,"_bbp_anonymous_reply_count":0,"_bbp_topic_count_hidden":0,"_bbp_reply_count_hidden":0,"_bbp_forum_subforum_count":0,"footnotes":""},"class_list":["post-312","page","type-page","status-publish","hentry"],"post_mailing_queue_ids":[],"_links":{"self":[{"href":"https:\/\/agora.xtec.cat\/cfasalvadorespriu\/wp-json\/wp\/v2\/pages\/312","targetHints":{"allow":["GET"]}}],"collection":[{"href":"https:\/\/agora.xtec.cat\/cfasalvadorespriu\/wp-json\/wp\/v2\/pages"}],"about":[{"href":"https:\/\/agora.xtec.cat\/cfasalvadorespriu\/wp-json\/wp\/v2\/types\/page"}],"author":[{"embeddable":true,"href":"https:\/\/agora.xtec.cat\/cfasalvadorespriu\/wp-json\/wp\/v2\/users\/1"}],"replies":[{"embeddable":true,"href":"https:\/\/agora.xtec.cat\/cfasalvadorespriu\/wp-json\/wp\/v2\/comments?post=312"}],"version-history":[{"count":4,"href":"https:\/\/agora.xtec.cat\/cfasalvadorespriu\/wp-json\/wp\/v2\/pages\/312\/revisions"}],"predecessor-version":[{"id":1247,"href":"https:\/\/agora.xtec.cat\/cfasalvadorespriu\/wp-json\/wp\/v2\/pages\/312\/revisions\/1247"}],"up":[{"embeddable":true,"href":"https:\/\/agora.xtec.cat\/cfasalvadorespriu\/wp-json\/wp\/v2\/pages\/286"}],"wp:attachment":[{"href":"https:\/\/agora.xtec.cat\/cfasalvadorespriu\/wp-json\/wp\/v2\/media?parent=312"}],"curies":[{"name":"wp","href":"https:\/\/api.w.org\/{rel}","templated":true}]}}