{"id":27,"date":"2014-09-17T16:24:03","date_gmt":"2014-09-17T16:24:03","guid":{"rendered":"http:\/\/agora.xtec.cat\/cfasalvadorespriu\/?page_id=27"},"modified":"2017-03-07T13:48:44","modified_gmt":"2017-03-07T12:48:44","slug":"historia","status":"publish","type":"page","link":"https:\/\/agora.xtec.cat\/cfasalvadorespriu\/el-centre\/historia\/","title":{"rendered":"Hist\u00f2ria"},"content":{"rendered":"<p>SALVADOR ESPRIU (1913-1985)<\/p>\n<p>En un moment en qu\u00e8 el catal\u00e0 es veia perseguit pel franquisme, Salvador Espriu va ser un dels escriptors que va contribuir a la seva renaixen\u00e7a. Refugiant-se en la poesia, va ser capa\u00e7 d\u2019expressar la crueltat que patia la societat catalana durant la Guerra Civil i la dictadura franquista, guanyant-se aix\u00ed l\u2019\u00e0lies de \u201cpoeta del poble\u201d.<\/p>\n<p><a href=\"http:\/\/25.media.tumblr.com\/U4Qcqf11Vpqo1d8zdPxBVXLao1_400.jpg\"><img decoding=\"async\" class=\"size-medium wp-image-33 aligncenter\" src=\"http:\/\/25.media.tumblr.com\/U4Qcqf11Vpqo1d8zdPxBVXLao1_400.jpg\" \/><\/a><br \/>\n&nbsp;<\/p>\n<p>Algunes de les que avui es consideren les obres mes importants de la literatura catalana van sorgir de la seva ploma: \u201cCementiri de Sinera\u201d (1946) o \u201cLa mort de brau\u201d(1960), entre d\u2019altres; s\u2019hi van tractar temes com la mort o l\u2019estima de la p\u00e0tria, aix\u00ed i com el canvi que veia necessari a Catalunya.<\/p>\n<p>La seva obra no nom\u00e9s ha inspirat altres autors a l\u2019hora d\u2019escriure, sin\u00f3 que alguns dels seus textos s\u2019han convertit en la lletra de conegudes can\u00e7ons catalanes, interpretades per artistes com Raimon o Ramon Muntaner. Can\u00e7ons que han expressat el sentiment de llibertat i evoluci\u00f3 per al nostre pa\u00eds i que Salvador Espriu va voler transmetre amb els seus versos.<\/p>\n<p>Isabel Vila i Bonilla.<br \/>\nAlumna del CFA Salvador Espriu.<br \/>\nAny commemoratiu del centre del naixement del poeta.<\/stromg><\/p>\n","protected":false},"excerpt":{"rendered":"<p>SALVADOR ESPRIU (1913-1985)<br \/>\nEn un moment en qu\u00e8 el catal\u00e0 es veia perseguit pel franquisme, Salvador Espriu va ser un dels escriptors que va contribuir a la seva renaixen\u00e7a. Refugiant-se en la poesia, va ser capa\u00e7 d\u2019expressar la crueltat que patia la societat catalana durant la&hellip;  <a href=\"https:\/\/agora.xtec.cat\/cfasalvadorespriu\/el-centre\/historia\/\" title=\"Read Hist\u00f2ria\">Llegeix m\u00e9s\u00bb<\/a><\/p>\n","protected":false},"author":1,"featured_media":0,"parent":261,"menu_order":20,"comment_status":"closed","ping_status":"closed","template":"page-templates\/side-menu.php","meta":{"_bbp_topic_count":0,"_bbp_reply_count":0,"_bbp_total_topic_count":0,"_bbp_total_reply_count":0,"_bbp_voice_count":0,"_bbp_anonymous_reply_count":0,"_bbp_topic_count_hidden":0,"_bbp_reply_count_hidden":0,"_bbp_forum_subforum_count":0,"footnotes":""},"class_list":["post-27","page","type-page","status-publish","hentry"],"post_mailing_queue_ids":[],"_links":{"self":[{"href":"https:\/\/agora.xtec.cat\/cfasalvadorespriu\/wp-json\/wp\/v2\/pages\/27","targetHints":{"allow":["GET"]}}],"collection":[{"href":"https:\/\/agora.xtec.cat\/cfasalvadorespriu\/wp-json\/wp\/v2\/pages"}],"about":[{"href":"https:\/\/agora.xtec.cat\/cfasalvadorespriu\/wp-json\/wp\/v2\/types\/page"}],"author":[{"embeddable":true,"href":"https:\/\/agora.xtec.cat\/cfasalvadorespriu\/wp-json\/wp\/v2\/users\/1"}],"replies":[{"embeddable":true,"href":"https:\/\/agora.xtec.cat\/cfasalvadorespriu\/wp-json\/wp\/v2\/comments?post=27"}],"version-history":[{"count":4,"href":"https:\/\/agora.xtec.cat\/cfasalvadorespriu\/wp-json\/wp\/v2\/pages\/27\/revisions"}],"predecessor-version":[{"id":566,"href":"https:\/\/agora.xtec.cat\/cfasalvadorespriu\/wp-json\/wp\/v2\/pages\/27\/revisions\/566"}],"up":[{"embeddable":true,"href":"https:\/\/agora.xtec.cat\/cfasalvadorespriu\/wp-json\/wp\/v2\/pages\/261"}],"wp:attachment":[{"href":"https:\/\/agora.xtec.cat\/cfasalvadorespriu\/wp-json\/wp\/v2\/media?parent=27"}],"curies":[{"name":"wp","href":"https:\/\/api.w.org\/{rel}","templated":true}]}}