{"id":265,"date":"2015-01-27T17:28:56","date_gmt":"2015-01-27T16:28:56","guid":{"rendered":"http:\/\/agora.xtec.cat\/cfasalvadorespriu\/?page_id=265"},"modified":"2024-02-16T12:57:44","modified_gmt":"2024-02-16T11:57:44","slug":"organitzacio-interna","status":"publish","type":"page","link":"https:\/\/agora.xtec.cat\/cfasalvadorespriu\/el-centre\/organitzacio-interna\/","title":{"rendered":"Organitzaci\u00f3 interna"},"content":{"rendered":"<p><strong><em>EQUIP DIRECTIU<\/em><\/strong><\/p>\n<ul>\n<li>Noemi Rovira S\u00e0nchez\u00a0 (Directora)<\/li>\n<li>Maite Soriano Vill\u00e9n (Cap d&#8217;Estudis)<\/li>\n<li>Lorena Rodr\u00edguez Ma\u00f1anes (Secret\u00e0ria)<\/li>\n<\/ul>\n<p><strong><em>PROFESSORAT\u00a0 Curs 2023-24<\/em><\/strong><\/p>\n<ul>\n<li>Adela Palomino Mart\u00edn<\/li>\n<li>Cristina Guillamon Sanz<\/li>\n<li>Andreu Mart\u00ednez Sastre<\/li>\n<\/ul>\n<p>&nbsp;<\/p>\n<p><strong><em>ADMINISTRACI\u00d3 I SERVEIS<br \/>\n<\/em><\/strong><\/p>\n<p>Marta Matas L\u00f3pez<\/p>\n","protected":false},"excerpt":{"rendered":"<p>EQUIP DIRECTIU<\/p>\n<ul>\n<li>Noemi Rovira S\u00e0nchez\u00a0 (Directora)<\/li>\n<li>Maite Soriano Vill\u00e9n (Cap d&#8217;Estudis)<\/li>\n<li>Lorena Rodr\u00edguez Ma\u00f1anes (Secret\u00e0ria)<\/li>\n<\/ul>\n<p>PROFESSORAT\u00a0 Curs 2023-24<\/p>\n<ul>\n<li>Adela Palomino Mart\u00edn<\/li>\n<li>Cristina Guillamon Sanz<\/li>\n<li>Andreu Mart\u00ednez Sastre<\/li>\n<\/ul>\n<p>&nbsp;<br \/>\nADMINISTRACI\u00d3 I SERVEIS<\/p>\n<p>Marta Matas L\u00f3pez<\/p>\n","protected":false},"author":1,"featured_media":0,"parent":261,"menu_order":40,"comment_status":"closed","ping_status":"closed","template":"page-templates\/side-menu.php","meta":{"_bbp_topic_count":0,"_bbp_reply_count":0,"_bbp_total_topic_count":0,"_bbp_total_reply_count":0,"_bbp_voice_count":0,"_bbp_anonymous_reply_count":0,"_bbp_topic_count_hidden":0,"_bbp_reply_count_hidden":0,"_bbp_forum_subforum_count":0,"footnotes":""},"class_list":["post-265","page","type-page","status-publish","hentry"],"post_mailing_queue_ids":[],"_links":{"self":[{"href":"https:\/\/agora.xtec.cat\/cfasalvadorespriu\/wp-json\/wp\/v2\/pages\/265","targetHints":{"allow":["GET"]}}],"collection":[{"href":"https:\/\/agora.xtec.cat\/cfasalvadorespriu\/wp-json\/wp\/v2\/pages"}],"about":[{"href":"https:\/\/agora.xtec.cat\/cfasalvadorespriu\/wp-json\/wp\/v2\/types\/page"}],"author":[{"embeddable":true,"href":"https:\/\/agora.xtec.cat\/cfasalvadorespriu\/wp-json\/wp\/v2\/users\/1"}],"replies":[{"embeddable":true,"href":"https:\/\/agora.xtec.cat\/cfasalvadorespriu\/wp-json\/wp\/v2\/comments?post=265"}],"version-history":[{"count":5,"href":"https:\/\/agora.xtec.cat\/cfasalvadorespriu\/wp-json\/wp\/v2\/pages\/265\/revisions"}],"predecessor-version":[{"id":1686,"href":"https:\/\/agora.xtec.cat\/cfasalvadorespriu\/wp-json\/wp\/v2\/pages\/265\/revisions\/1686"}],"up":[{"embeddable":true,"href":"https:\/\/agora.xtec.cat\/cfasalvadorespriu\/wp-json\/wp\/v2\/pages\/261"}],"wp:attachment":[{"href":"https:\/\/agora.xtec.cat\/cfasalvadorespriu\/wp-json\/wp\/v2\/media?parent=265"}],"curies":[{"name":"wp","href":"https:\/\/api.w.org\/{rel}","templated":true}]}}