{"id":1515,"date":"2022-05-20T13:28:28","date_gmt":"2022-05-20T11:28:28","guid":{"rendered":"https:\/\/agora.xtec.cat\/cfasalvadorespriu\/?page_id=1515"},"modified":"2023-04-14T13:08:32","modified_gmt":"2023-04-14T11:08:32","slug":"avaluacio-i-millora","status":"publish","type":"page","link":"https:\/\/agora.xtec.cat\/cfasalvadorespriu\/pla-digital-del-centre\/estrategia-digital-de-centre\/avaluacio-i-millora\/","title":{"rendered":"Avaluaci\u00f3 i seguiment"},"content":{"rendered":"<p><span style=\"font-weight: 400;\">El Centre ha planificat indicadors per al seguiment de l\u2019EDC. La l\u00f2gica que es planteja aplicar en aquest seguiment consta de dos processos clau:<\/span><\/p>\n<ul>\n<li style=\"font-weight: 400;\" aria-level=\"1\"><span style=\"font-weight: 400;\">Avaluaci\u00f3 de les activitats al termini de finalitzaci\u00f3 a trav\u00e9s de la validaci\u00f3 dels indicadors proposats.<\/span><\/li>\n<li style=\"font-weight: 400;\" aria-level=\"1\"><span style=\"font-weight: 400;\">Seguiment anual dels objectius al tercer trimestre de cada un dels cursos que contempla l\u2019EDC a partir dels indicadors establerts.<\/span><\/li>\n<\/ul>\n<p><span style=\"font-weight: 400;\">Aquest m\u00e8tode de seguiment els permetr\u00e0 realitzar els ajustos oportuns al llarg de l\u2019EDC.\u00a0<\/span><\/p>\n","protected":false},"excerpt":{"rendered":"<p>El Centre ha planificat indicadors per al seguiment de l\u2019EDC. La l\u00f2gica que es planteja aplicar en aquest seguiment consta de dos processos clau:<\/p>\n<ul>\n<li style=\"font-weight: 400;\" aria-level=\"1\">Avaluaci\u00f3 de les activitats al termini de finalitzaci\u00f3 a trav\u00e9s de la validaci\u00f3 dels indicadors proposats.<\/li>\n<li style=\"font-weight: 400;\" aria-level=\"1\">Seguiment&hellip;  <a href=\"https:\/\/agora.xtec.cat\/cfasalvadorespriu\/pla-digital-del-centre\/estrategia-digital-de-centre\/avaluacio-i-millora\/\" title=\"Read Avaluaci\u00f3 i seguiment\">Llegeix m\u00e9s\u00bb<\/a><br \/>\n","protected":false},"author":9,"featured_media":0,"parent":1499,"menu_order":0,"comment_status":"closed","ping_status":"closed","template":"page-templates\/side-menu.php","meta":{"_bbp_topic_count":0,"_bbp_reply_count":0,"_bbp_total_topic_count":0,"_bbp_total_reply_count":0,"_bbp_voice_count":0,"_bbp_anonymous_reply_count":0,"_bbp_topic_count_hidden":0,"_bbp_reply_count_hidden":0,"_bbp_forum_subforum_count":0,"footnotes":""},"class_list":["post-1515","page","type-page","status-publish","hentry"],"post_mailing_queue_ids":[],"_links":{"self":[{"href":"https:\/\/agora.xtec.cat\/cfasalvadorespriu\/wp-json\/wp\/v2\/pages\/1515","targetHints":{"allow":["GET"]}}],"collection":[{"href":"https:\/\/agora.xtec.cat\/cfasalvadorespriu\/wp-json\/wp\/v2\/pages"}],"about":[{"href":"https:\/\/agora.xtec.cat\/cfasalvadorespriu\/wp-json\/wp\/v2\/types\/page"}],"author":[{"embeddable":true,"href":"https:\/\/agora.xtec.cat\/cfasalvadorespriu\/wp-json\/wp\/v2\/users\/9"}],"replies":[{"embeddable":true,"href":"https:\/\/agora.xtec.cat\/cfasalvadorespriu\/wp-json\/wp\/v2\/comments?post=1515"}],"version-history":[{"count":3,"href":"https:\/\/agora.xtec.cat\/cfasalvadorespriu\/wp-json\/wp\/v2\/pages\/1515\/revisions"}],"predecessor-version":[{"id":1591,"href":"https:\/\/agora.xtec.cat\/cfasalvadorespriu\/wp-json\/wp\/v2\/pages\/1515\/revisions\/1591"}],"up":[{"embeddable":true,"href":"https:\/\/agora.xtec.cat\/cfasalvadorespriu\/wp-json\/wp\/v2\/pages\/1499"}],"wp:attachment":[{"href":"https:\/\/agora.xtec.cat\/cfasalvadorespriu\/wp-json\/wp\/v2\/media?parent=1515"}],"curies":[{"name":"wp","href":"https:\/\/api.w.org\/{rel}","templated":true}]}}