{"id":1499,"date":"2022-05-20T13:14:43","date_gmt":"2022-05-20T11:14:43","guid":{"rendered":"https:\/\/agora.xtec.cat\/cfasalvadorespriu\/?page_id=1499"},"modified":"2022-06-03T13:02:51","modified_gmt":"2022-06-03T11:02:51","slug":"estrategia-digital-de-centre","status":"publish","type":"page","link":"https:\/\/agora.xtec.cat\/cfasalvadorespriu\/pla-digital-del-centre\/estrategia-digital-de-centre\/","title":{"rendered":"Estrat\u00e8gia"},"content":{"rendered":"<p class=\"CDt4Ke zfr3Q\" dir=\"ltr\"><span class=\" jgG6ef\">La\u00a0<\/span><span class=\" jgG6ef\">web\u00a0<\/span><span class=\" jgG6ef aw5Odc\"><a class=\"XqQF9c\" href=\"https:\/\/www.google.com\/url?q=https%3A%2F%2Fprojectes.xtec.cat%2Fedc-suport%2F&amp;sa=D&amp;sntz=1&amp;usg=AOvVaw2ZkXqNHB_2SGsNs-vOe5k1\" target=\"_blank\" rel=\"noopener\">E<\/a><\/span><span class=\" jgG6ef aw5Odc\"><a class=\"XqQF9c\" href=\"https:\/\/www.google.com\/url?q=https%3A%2F%2Fprojectes.xtec.cat%2Fedc-suport%2F&amp;sa=D&amp;sntz=1&amp;usg=AOvVaw2ZkXqNHB_2SGsNs-vOe5k1\" target=\"_blank\" rel=\"noopener\">strat\u00e8gia<\/a><\/span><span class=\" jgG6ef aw5Odc\"><a class=\"XqQF9c\" href=\"https:\/\/www.google.com\/url?q=https%3A%2F%2Fprojectes.xtec.cat%2Fedc-suport%2F&amp;sa=D&amp;sntz=1&amp;usg=AOvVaw2ZkXqNHB_2SGsNs-vOe5k1\" target=\"_blank\" rel=\"noopener\">\u00a0Digital de Centre<\/a><\/span><span class=\" jgG6ef\">\u00a0acompanya als centres en el disseny, la redacci\u00f3, la implementaci\u00f3 i l\u2019avaluaci\u00f3 de la seva Estrat\u00e8gia Digital de Centre (EDC).<\/span><\/p>\n<p class=\"CDt4Ke zfr3Q\" dir=\"ltr\"><span class=\" jgG6ef\">\u00c9s un web en constant actualitzaci\u00f3 on s\u2019afegeixen recursos que poden ser \u00fatils per a la seva elaboraci\u00f3.<\/span><\/p>\n<p class=\"CDt4Ke zfr3Q\" dir=\"ltr\"><span class=\" jgG6ef\">Seguint les indicacions del document definici\u00f3 de l&#8217;EDC, s&#8217;ha estructurat aquesta part en 4 fases: Diagnosi, Objectius, Planificaci\u00f3 i Seguiment, i Avaluaci\u00f3 i millora.<\/span><\/p>\n<p dir=\"ltr\">\u00a0<\/p>\n","protected":false},"excerpt":{"rendered":"<p>La\u00a0web\u00a0<a class=\"XqQF9c\" href=\"https:\/\/www.google.com\/url?q=https%3A%2F%2Fprojectes.xtec.cat%2Fedc-suport%2F&amp;sa=D&amp;sntz=1&amp;usg=AOvVaw2ZkXqNHB_2SGsNs-vOe5k1\" target=\"_blank\" rel=\"noopener\">E<\/a><a class=\"XqQF9c\" href=\"https:\/\/www.google.com\/url?q=https%3A%2F%2Fprojectes.xtec.cat%2Fedc-suport%2F&amp;sa=D&amp;sntz=1&amp;usg=AOvVaw2ZkXqNHB_2SGsNs-vOe5k1\" target=\"_blank\" rel=\"noopener\">strat\u00e8gia<\/a><a class=\"XqQF9c\" href=\"https:\/\/www.google.com\/url?q=https%3A%2F%2Fprojectes.xtec.cat%2Fedc-suport%2F&amp;sa=D&amp;sntz=1&amp;usg=AOvVaw2ZkXqNHB_2SGsNs-vOe5k1\" target=\"_blank\" rel=\"noopener\">\u00a0Digital de Centre<\/a>\u00a0acompanya als centres en el disseny, la redacci\u00f3, la implementaci\u00f3 i l\u2019avaluaci\u00f3 de la seva Estrat\u00e8gia Digital de Centre (EDC).<br \/>\n\u00c9s un web en constant actualitzaci\u00f3 on s\u2019afegeixen recursos que poden ser&hellip;  <a href=\"https:\/\/agora.xtec.cat\/cfasalvadorespriu\/pla-digital-del-centre\/estrategia-digital-de-centre\/\" title=\"Read Estrat\u00e8gia\">Llegeix m\u00e9s\u00bb<\/a><\/p>\n","protected":false},"author":9,"featured_media":0,"parent":1492,"menu_order":0,"comment_status":"closed","ping_status":"closed","template":"page-templates\/side-menu.php","meta":{"_bbp_topic_count":0,"_bbp_reply_count":0,"_bbp_total_topic_count":0,"_bbp_total_reply_count":0,"_bbp_voice_count":0,"_bbp_anonymous_reply_count":0,"_bbp_topic_count_hidden":0,"_bbp_reply_count_hidden":0,"_bbp_forum_subforum_count":0,"footnotes":""},"class_list":["post-1499","page","type-page","status-publish","hentry"],"post_mailing_queue_ids":[],"_links":{"self":[{"href":"https:\/\/agora.xtec.cat\/cfasalvadorespriu\/wp-json\/wp\/v2\/pages\/1499","targetHints":{"allow":["GET"]}}],"collection":[{"href":"https:\/\/agora.xtec.cat\/cfasalvadorespriu\/wp-json\/wp\/v2\/pages"}],"about":[{"href":"https:\/\/agora.xtec.cat\/cfasalvadorespriu\/wp-json\/wp\/v2\/types\/page"}],"author":[{"embeddable":true,"href":"https:\/\/agora.xtec.cat\/cfasalvadorespriu\/wp-json\/wp\/v2\/users\/9"}],"replies":[{"embeddable":true,"href":"https:\/\/agora.xtec.cat\/cfasalvadorespriu\/wp-json\/wp\/v2\/comments?post=1499"}],"version-history":[{"count":3,"href":"https:\/\/agora.xtec.cat\/cfasalvadorespriu\/wp-json\/wp\/v2\/pages\/1499\/revisions"}],"predecessor-version":[{"id":1540,"href":"https:\/\/agora.xtec.cat\/cfasalvadorespriu\/wp-json\/wp\/v2\/pages\/1499\/revisions\/1540"}],"up":[{"embeddable":true,"href":"https:\/\/agora.xtec.cat\/cfasalvadorespriu\/wp-json\/wp\/v2\/pages\/1492"}],"wp:attachment":[{"href":"https:\/\/agora.xtec.cat\/cfasalvadorespriu\/wp-json\/wp\/v2\/media?parent=1499"}],"curies":[{"name":"wp","href":"https:\/\/api.w.org\/{rel}","templated":true}]}}