{"id":303,"date":"2015-01-28T11:23:05","date_gmt":"2015-01-28T10:23:05","guid":{"rendered":"http:\/\/agora.xtec.cat\/cfasalvadordali\/?page_id=303"},"modified":"2024-01-20T00:28:17","modified_gmt":"2024-01-19T23:28:17","slug":"graduat-en-educacio-secundaria-per-adults","status":"publish","type":"page","link":"https:\/\/agora.xtec.cat\/cfasalvadordali\/ensenyaments\/ensenyaments-inicials-i-formacio-basica\/graduat-en-educacio-secundaria-per-adults\/","title":{"rendered":"Graduat en educaci\u00f3 secundaria per adults (GESO)"},"content":{"rendered":"<p>&nbsp;<\/p>\n<p><strong>Mat\u00e8ries i continguts que s&#8217;hi imparteixen:<\/strong><\/p>\n<p>Els ensenyaments per a l\u2019obtenci\u00f3 del t\u00edtol de graduat o graduada en educaci\u00f3 secund\u00e0ria obligat\u00f2ria per a les persones adultes consisteixen en 34 m\u00f2duls amb una c\u00e0rrega lectiva de 35 hores per m\u00f2dul. La durada d\u2019aquests estudis \u00e9s de 1.190 hores. Els m\u00f2duls estan organitzats en tres \u00e0mbits (\u00e0mbit de la comunicaci\u00f3, \u00e0mbit cientificotecnol\u00f2gic i \u00e0mbit social) i es distribueixen en dos nivells:<\/p>\n<p><strong>M\u00f2duls del nivell I:<\/strong><\/p>\n<ol>\n<li><strong>\u00c0mbit de la comunicaci\u00f3:\u00a0<\/strong>\n<ul class=\"llista-especial\">\n<li>Literatura<\/li>\n<li>Llengua catalana I<\/li>\n<li>Llengua castellana I<\/li>\n<li>Llengua estrangera I<\/li>\n<li>Llengua catalana II<\/li>\n<li>Llengua castellana II<\/li>\n<\/ul>\n<\/li>\n<li><strong>\u00c0mbit cientificotecnol\u00f2gic:<\/strong>\n<ul class=\"llista-especial\">\n<li>Matem\u00e0tiques<\/li>\n<li>Matem\u00e0tiques II<\/li>\n<li>F\u00edsica i qu\u00edmica I<\/li>\n<li>Ci\u00e8ncies naturals<\/li>\n<li>Educaci\u00f3 per a la salut<\/li>\n<\/ul>\n<\/li>\n<li><strong>\u00c0mbit social:<\/strong>\n<ul class=\"llista-especial\">\n<li>Ci\u00e8ncies socials I i educaci\u00f3 per a la ciutadania<\/li>\n<li>Geografia I<\/li>\n<li>Hist\u00f2ria I<\/li>\n<\/ul>\n<\/li>\n<\/ol>\n<p><strong>Total m\u00f2duls del 1r nivell a cursar<\/strong>: 14 comuns i 3 opcionals<\/p>\n<p><strong>M\u00f2duls del nivell II:<\/strong><\/p>\n<ol>\n<li><strong>\u00c0mbit de la comunicaci\u00f3:\u00a0<\/strong>\n<ul class=\"llista-especial\">\n<li>Llengua catalana III<\/li>\n<li>Llengua castellana III<\/li>\n<li>Llengua estrangera II<\/li>\n<li>Llengua\u00a0estrangera III<\/li>\n<li>Literatura catalana<\/li>\n<li>Literatura castellana<\/li>\n<\/ul>\n<\/li>\n<li><strong>\u00c0mbit cientificotecnol\u00f2gic:<\/strong>\n<ul class=\"llista-especial\">\n<li>Matem\u00e0tiques III<\/li>\n<li>Matem\u00e0tiques IV<\/li>\n<li>F\u00edsica i qu\u00edmica II<\/li>\n<li>Biologia i geologia<\/li>\n<li>Tecnologia<\/li>\n<\/ul>\n<\/li>\n<li><strong>\u00c0mbit social:<\/strong>\n<ul class=\"llista-especial\">\n<li>Ci\u00e8ncies socials II i moviments migratoris<\/li>\n<li>Geografia II<\/li>\n<li>Hist\u00f2ria II<\/li>\n<\/ul>\n<\/li>\n<\/ol>\n<p><strong>Total m\u00f2duls del 2n nivell a cursar<\/strong>: 14 comuns i 3 opcionals<\/p>\n<div>\n<div><strong>M\u00f2duls\u00a0opcionals:<\/strong><\/div>\n<\/div>\n<ol>\n<li><strong>\u00c0mbit de la comunicaci\u00f3:\u00a0<\/strong>\n<ul class=\"llista-especial\">\n<li>Llengua estrangera 0<\/li>\n<li>Llengua estrangera IV<\/li>\n<li>Taller d&#8217;escriptura creativa<\/li>\n<\/ul>\n<\/li>\n<li><strong>\u00c0mbit cientificotecnol\u00f2gic:<\/strong>\n<ul class=\"llista-especial\">\n<li>Matem\u00e0tiques inicials<\/li>\n<li>Diet\u00e8tica i nutrici\u00f3<\/li>\n<li>Tecnologies de la informaci\u00f3 i la comunicaci\u00f3<\/li>\n<\/ul>\n<\/li>\n<\/ol>\n<p><strong>Qu\u00e8 necessito per accedir-hi<\/strong><\/p>\n<p>Per tal de situar l&#8217;alumnat en el nivell que li correspon, valorar els coneixements previs de l&#8217;alumnat i orientar-lo, durant el per\u00edode de preinscripci\u00f3 o en el moment que l&#8217;alumne\/a accedeix al centre passa per una avaluaci\u00f3 inicial que consisteix en una entrevista personal i, si escau, per una prova de nivell. Durant aquest proc\u00e9s pot acreditar o convalidar coneixements per posteriorment iniciar els estudis d&#8217;acord amb un itinerari personalitzat.<\/p>\n","protected":false},"excerpt":{"rendered":"<p>&nbsp;<br \/>\nMat\u00e8ries i continguts que s&#8217;hi imparteixen:<br \/>\nEls ensenyaments per a l\u2019obtenci\u00f3 del t\u00edtol de graduat o graduada en educaci\u00f3 secund\u00e0ria obligat\u00f2ria per a les persones adultes consisteixen en 34 m\u00f2duls amb una c\u00e0rrega lectiva de 35 hores per m\u00f2dul. La durada d\u2019aquests estudis \u00e9s de 1.190&hellip;  <a href=\"https:\/\/agora.xtec.cat\/cfasalvadordali\/ensenyaments\/ensenyaments-inicials-i-formacio-basica\/graduat-en-educacio-secundaria-per-adults\/\" title=\"Read Graduat en educaci\u00f3 secundaria per adults (GESO)\">Llegeix m\u00e9s\u00bb<\/a><\/p>\n","protected":false},"author":2,"featured_media":0,"parent":283,"menu_order":0,"comment_status":"closed","ping_status":"closed","template":"page-templates\/side-menu.php","meta":{"_bbp_topic_count":0,"_bbp_reply_count":0,"_bbp_total_topic_count":0,"_bbp_total_reply_count":0,"_bbp_voice_count":0,"_bbp_anonymous_reply_count":0,"_bbp_topic_count_hidden":0,"_bbp_reply_count_hidden":0,"_bbp_forum_subforum_count":0,"footnotes":""},"class_list":["post-303","page","type-page","status-publish","hentry"],"post_mailing_queue_ids":[],"_links":{"self":[{"href":"https:\/\/agora.xtec.cat\/cfasalvadordali\/wp-json\/wp\/v2\/pages\/303","targetHints":{"allow":["GET"]}}],"collection":[{"href":"https:\/\/agora.xtec.cat\/cfasalvadordali\/wp-json\/wp\/v2\/pages"}],"about":[{"href":"https:\/\/agora.xtec.cat\/cfasalvadordali\/wp-json\/wp\/v2\/types\/page"}],"author":[{"embeddable":true,"href":"https:\/\/agora.xtec.cat\/cfasalvadordali\/wp-json\/wp\/v2\/users\/2"}],"replies":[{"embeddable":true,"href":"https:\/\/agora.xtec.cat\/cfasalvadordali\/wp-json\/wp\/v2\/comments?post=303"}],"version-history":[{"count":6,"href":"https:\/\/agora.xtec.cat\/cfasalvadordali\/wp-json\/wp\/v2\/pages\/303\/revisions"}],"predecessor-version":[{"id":2594,"href":"https:\/\/agora.xtec.cat\/cfasalvadordali\/wp-json\/wp\/v2\/pages\/303\/revisions\/2594"}],"up":[{"embeddable":true,"href":"https:\/\/agora.xtec.cat\/cfasalvadordali\/wp-json\/wp\/v2\/pages\/283"}],"wp:attachment":[{"href":"https:\/\/agora.xtec.cat\/cfasalvadordali\/wp-json\/wp\/v2\/media?parent=303"}],"curies":[{"name":"wp","href":"https:\/\/api.w.org\/{rel}","templated":true}]}}