{"id":1342,"date":"2020-07-10T10:24:05","date_gmt":"2020-07-10T08:24:05","guid":{"rendered":"http:\/\/agora.xtec.cat\/cfasalvadordali\/?page_id=1342"},"modified":"2024-01-30T10:07:43","modified_gmt":"2024-01-30T09:07:43","slug":"projecte-dinnovacio-pedagogica-vts","status":"publish","type":"page","link":"https:\/\/agora.xtec.cat\/cfasalvadordali\/projecte-educatiu\/projecte-dinnovacio-pedagogica-vts\/","title":{"rendered":"PROJECTE D&#8217;INNOVACI\u00d3 PEDAG\u00d2GICA: VTS"},"content":{"rendered":"<p>Aqu\u00ed tenim el projecte Visual Thinking Strategies de la nostra escola.<\/p>\n<p><a href=\"https:\/\/agora.xtec.cat\/cfasalvadordali\/wp-content\/uploads\/usu363\/2020\/07\/justificaci\u00f3-VTS-.pdf\">Projecte VTS<\/a><\/p>\n<p><a href=\"https:\/\/agora.xtec.cat\/cfasalvadordali\/wp-content\/uploads\/usu363\/2020\/07\/vts.jpg\"><img loading=\"lazy\" decoding=\"async\" class=\"alignnone size-full wp-image-1344\" src=\"https:\/\/agora.xtec.cat\/cfasalvadordali\/wp-content\/uploads\/usu363\/2020\/07\/vts.jpg\" alt=\"\" width=\"750\" height=\"534\" srcset=\"https:\/\/agora.xtec.cat\/cfasalvadordali\/wp-content\/uploads\/usu363\/2020\/07\/vts.jpg 750w, https:\/\/agora.xtec.cat\/cfasalvadordali\/wp-content\/uploads\/usu363\/2020\/07\/vts-300x214.jpg 300w\" sizes=\"auto, (max-width: 750px) 100vw, 750px\" \/><\/a><\/p>\n","protected":false},"excerpt":{"rendered":"<p>Aqu\u00ed tenim el projecte Visual Thinking Strategies de la nostra escola.<br \/>\n<a href=\"https:\/\/agora.xtec.cat\/cfasalvadordali\/wp-content\/uploads\/usu363\/2020\/07\/justificaci\u00f3-VTS-.pdf\">Projecte VTS<\/a><br \/>\n<a href=\"https:\/\/agora.xtec.cat\/cfasalvadordali\/wp-content\/uploads\/usu363\/2020\/07\/vts.jpg\"><\/a><\/p>\n","protected":false},"author":1,"featured_media":0,"parent":57,"menu_order":1,"comment_status":"closed","ping_status":"closed","template":"page-templates\/side-menu.php","meta":{"_bbp_topic_count":0,"_bbp_reply_count":0,"_bbp_total_topic_count":0,"_bbp_total_reply_count":0,"_bbp_voice_count":0,"_bbp_anonymous_reply_count":0,"_bbp_topic_count_hidden":0,"_bbp_reply_count_hidden":0,"_bbp_forum_subforum_count":0,"footnotes":""},"class_list":["post-1342","page","type-page","status-publish","hentry"],"post_mailing_queue_ids":[],"_links":{"self":[{"href":"https:\/\/agora.xtec.cat\/cfasalvadordali\/wp-json\/wp\/v2\/pages\/1342","targetHints":{"allow":["GET"]}}],"collection":[{"href":"https:\/\/agora.xtec.cat\/cfasalvadordali\/wp-json\/wp\/v2\/pages"}],"about":[{"href":"https:\/\/agora.xtec.cat\/cfasalvadordali\/wp-json\/wp\/v2\/types\/page"}],"author":[{"embeddable":true,"href":"https:\/\/agora.xtec.cat\/cfasalvadordali\/wp-json\/wp\/v2\/users\/1"}],"replies":[{"embeddable":true,"href":"https:\/\/agora.xtec.cat\/cfasalvadordali\/wp-json\/wp\/v2\/comments?post=1342"}],"version-history":[{"count":1,"href":"https:\/\/agora.xtec.cat\/cfasalvadordali\/wp-json\/wp\/v2\/pages\/1342\/revisions"}],"predecessor-version":[{"id":1345,"href":"https:\/\/agora.xtec.cat\/cfasalvadordali\/wp-json\/wp\/v2\/pages\/1342\/revisions\/1345"}],"up":[{"embeddable":true,"href":"https:\/\/agora.xtec.cat\/cfasalvadordali\/wp-json\/wp\/v2\/pages\/57"}],"wp:attachment":[{"href":"https:\/\/agora.xtec.cat\/cfasalvadordali\/wp-json\/wp\/v2\/media?parent=1342"}],"curies":[{"name":"wp","href":"https:\/\/api.w.org\/{rel}","templated":true}]}}