{"id":785,"date":"2024-10-03T17:49:04","date_gmt":"2024-10-03T15:49:04","guid":{"rendered":"https:\/\/agora.xtec.cat\/cfarouregros\/?page_id=785"},"modified":"2024-10-10T16:04:39","modified_gmt":"2024-10-10T14:04:39","slug":"preinscripcio-curs-24-25","status":"publish","type":"page","link":"https:\/\/agora.xtec.cat\/cfarouregros\/preinscripcio-curs-24-25\/","title":{"rendered":"Preinscripci\u00f3 curs 24\/25"},"content":{"rendered":"<p>El per\u00edode de preinscripci\u00f3 per als cursos 2024-2025 ja ha finalitzat. No obstant aix\u00f2, si tens inter\u00e8s a inscriure&#8217;t en algun dels nostres cursos, estarem encantats d\u2019atendre\u2019t i informar-te sobre les opcions disponibles. Pots venir a l\u2019escola en l\u2019horari seg\u00fcent per expressar el teu inter\u00e8s i con\u00e8ixer la disponibilitat:<\/p>\n<ul>\n<li><strong>Dilluns<\/strong>: de 19 h a 20\u202fh<\/li>\n<li><strong>Dimecres<\/strong>: de 10 h a 11 h<\/li>\n<\/ul>\n<p>Si el curs que desitges est\u00e0 complet, pots optar per apuntar-te a la nostra llista d\u2019espera o esperar al seg\u00fcent per\u00edode de matriculaci\u00f3. Ens esforcem per oferir oportunitats d\u2019aprenentatge per a tothom i farem tot el possible per trobar-te una pla\u00e7a en els nostres programes.<\/p>\n<p>Per a m\u00e9s informaci\u00f3, no dubtis a contactar amb nosaltres mitjan\u00e7ant els nostres canals de comunicaci\u00f3:<\/p>\n<ul>\n<li><strong>Tel\u00e8fon:<\/strong><br \/>\n93 115 10 66<\/li>\n<li><strong>Correu Electr\u00f2nic:<\/strong><br \/>\n<a href=\"mailto:eadults@caldesdemontbui.cat\" rel=\"noopener\">eadults@caldesdemontbui.cat<\/a><\/li>\n<\/ul>\n","protected":false},"excerpt":{"rendered":"<p>El per\u00edode de preinscripci\u00f3 per als cursos 2024-2025 ja ha finalitzat. No obstant aix\u00f2, si tens inter\u00e8s a inscriure&#8217;t en algun dels nostres cursos, estarem encantats d\u2019atendre\u2019t i informar-te sobre les opcions disponibles. Pots venir a l\u2019escola en l\u2019horari seg\u00fcent per expressar el teu inter\u00e8s&hellip;  <a href=\"https:\/\/agora.xtec.cat\/cfarouregros\/preinscripcio-curs-24-25\/\" title=\"Read Preinscripci\u00f3 curs 24\/25\">Llegeix m\u00e9s\u00bb<\/a><\/p>\n","protected":false},"author":1,"featured_media":0,"parent":0,"menu_order":0,"comment_status":"closed","ping_status":"closed","template":"","meta":{"footnotes":""},"class_list":["post-785","page","type-page","status-publish","hentry"],"post_mailing_queue_ids":[],"_links":{"self":[{"href":"https:\/\/agora.xtec.cat\/cfarouregros\/wp-json\/wp\/v2\/pages\/785","targetHints":{"allow":["GET"]}}],"collection":[{"href":"https:\/\/agora.xtec.cat\/cfarouregros\/wp-json\/wp\/v2\/pages"}],"about":[{"href":"https:\/\/agora.xtec.cat\/cfarouregros\/wp-json\/wp\/v2\/types\/page"}],"author":[{"embeddable":true,"href":"https:\/\/agora.xtec.cat\/cfarouregros\/wp-json\/wp\/v2\/users\/1"}],"replies":[{"embeddable":true,"href":"https:\/\/agora.xtec.cat\/cfarouregros\/wp-json\/wp\/v2\/comments?post=785"}],"version-history":[{"count":3,"href":"https:\/\/agora.xtec.cat\/cfarouregros\/wp-json\/wp\/v2\/pages\/785\/revisions"}],"predecessor-version":[{"id":857,"href":"https:\/\/agora.xtec.cat\/cfarouregros\/wp-json\/wp\/v2\/pages\/785\/revisions\/857"}],"wp:attachment":[{"href":"https:\/\/agora.xtec.cat\/cfarouregros\/wp-json\/wp\/v2\/media?parent=785"}],"curies":[{"name":"wp","href":"https:\/\/api.w.org\/{rel}","templated":true}]}}