{"id":808,"date":"2018-06-11T13:24:02","date_gmt":"2018-06-11T11:24:02","guid":{"rendered":"http:\/\/agora.xtec.cat\/cfareus\/?page_id=808"},"modified":"2025-05-11T17:13:48","modified_gmt":"2025-05-11T15:13:48","slug":"competic","status":"publish","type":"page","link":"https:\/\/agora.xtec.cat\/cfareus\/ensenyaments\/ensenyaments-transprofessionals\/competic\/","title":{"rendered":"COMPETIC"},"content":{"rendered":"<p><a href=\"https:\/\/agora.xtec.cat\/cfareus\/wp-content\/uploads\/usu1320\/2022\/05\/inform_t.png\"><img loading=\"lazy\" decoding=\"async\" class=\"aligncenter size-full wp-image-2238\" src=\"https:\/\/agora.xtec.cat\/cfareus\/wp-content\/uploads\/usu1320\/2022\/05\/inform_t.png\" alt=\"\" width=\"948\" height=\"168\" srcset=\"https:\/\/agora.xtec.cat\/cfareus\/wp-content\/uploads\/usu1320\/2022\/05\/inform_t.png 948w, https:\/\/agora.xtec.cat\/cfareus\/wp-content\/uploads\/usu1320\/2022\/05\/inform_t-300x53.png 300w, https:\/\/agora.xtec.cat\/cfareus\/wp-content\/uploads\/usu1320\/2022\/05\/inform_t-768x136.png 768w\" sizes=\"auto, (max-width: 948px) 100vw, 948px\" \/><\/a><\/p>\n<p class=\"Default\"><span lang=\"CA\" style=\"font-size: 10.5pt;\">Els ensenyaments d&#8217;inform\u00e0tica tenen com objectiu facilitar l&#8217;adquisici\u00f3 de la compet\u00e8ncia digital, entesa com la combinaci\u00f3 de coneixements, habilitats i actituds en l&#8217;\u00e0mbit de les tecnologies de la informaci\u00f3 i la comunicaci\u00f3 (TIC) per desenvolupar-se en la societat actual. S&#8217;imparteixen en quatre nivells: <strong>COMPETIC Inicial<\/strong>, <strong>COMPETIC 1<\/strong>, <strong>COMPETIC 2<\/strong> i <strong>COMPETIC 3<\/strong>.<\/span><\/p>\n<h3 style=\"text-align: center;\">Enlla\u00e7os d&#8217;inter\u00e8s emprats a classe.<\/h3>\n<p><a href=\"https:\/\/www.qrcode-monkey.com\/?utm_source=google_c&amp;utm_medium=cpc&amp;utm_campaign=&amp;utm_content=&amp;utm_term=qr%20monkey_e&amp;gad_source=1&amp;gbraid=0AAAAADwMzZR1neQJ-H1qz4VWWKp4xBWXl&amp;gclid=Cj0KCQjwoNzABhDbARIsALfY8VPRF9Hf5vT-7Kw7iwpjZJztY5lghkWjgWH_oyMkGUMAtQwsKUKk8IwaAmrREALw_wcB\">Generador de QR &#8211; QR Monkey<\/a><\/p>\n<p><a href=\"https:\/\/pixabay.com\/es\/music\/\">M\u00fasica lliure en format MP3 &#8211; Pixabay<\/a><\/p>\n<p><a href=\"https:\/\/chooser-beta.creativecommons.org\/\">Com obtenir una llic\u00e8ncia Creative Commons<\/a><\/p>\n","protected":false},"excerpt":{"rendered":"<p><a href=\"https:\/\/agora.xtec.cat\/cfareus\/wp-content\/uploads\/usu1320\/2022\/05\/inform_t.png\"><\/a><br \/>\nEls ensenyaments d&#8217;inform\u00e0tica tenen com objectiu facilitar l&#8217;adquisici\u00f3 de la compet\u00e8ncia digital, entesa com la combinaci\u00f3 de coneixements, habilitats i actituds en l&#8217;\u00e0mbit de les tecnologies de la informaci\u00f3 i la comunicaci\u00f3 (TIC) per desenvolupar-se en la societat actual. S&#8217;imparteixen en quatre nivells: COMPETIC&hellip;  <a href=\"https:\/\/agora.xtec.cat\/cfareus\/ensenyaments\/ensenyaments-transprofessionals\/competic\/\" title=\"Read COMPETIC\">Llegeix m\u00e9s\u00bb<\/a><\/p>\n","protected":false},"author":1,"featured_media":0,"parent":286,"menu_order":0,"comment_status":"closed","ping_status":"closed","template":"page-templates\/side-menu.php","meta":{"_bbp_topic_count":0,"_bbp_reply_count":0,"_bbp_total_topic_count":0,"_bbp_total_reply_count":0,"_bbp_voice_count":0,"_bbp_anonymous_reply_count":0,"_bbp_topic_count_hidden":0,"_bbp_reply_count_hidden":0,"_bbp_forum_subforum_count":0,"footnotes":""},"class_list":["post-808","page","type-page","status-publish","hentry"],"post_mailing_queue_ids":[],"_links":{"self":[{"href":"https:\/\/agora.xtec.cat\/cfareus\/wp-json\/wp\/v2\/pages\/808","targetHints":{"allow":["GET"]}}],"collection":[{"href":"https:\/\/agora.xtec.cat\/cfareus\/wp-json\/wp\/v2\/pages"}],"about":[{"href":"https:\/\/agora.xtec.cat\/cfareus\/wp-json\/wp\/v2\/types\/page"}],"author":[{"embeddable":true,"href":"https:\/\/agora.xtec.cat\/cfareus\/wp-json\/wp\/v2\/users\/1"}],"replies":[{"embeddable":true,"href":"https:\/\/agora.xtec.cat\/cfareus\/wp-json\/wp\/v2\/comments?post=808"}],"version-history":[{"count":6,"href":"https:\/\/agora.xtec.cat\/cfareus\/wp-json\/wp\/v2\/pages\/808\/revisions"}],"predecessor-version":[{"id":4100,"href":"https:\/\/agora.xtec.cat\/cfareus\/wp-json\/wp\/v2\/pages\/808\/revisions\/4100"}],"up":[{"embeddable":true,"href":"https:\/\/agora.xtec.cat\/cfareus\/wp-json\/wp\/v2\/pages\/286"}],"wp:attachment":[{"href":"https:\/\/agora.xtec.cat\/cfareus\/wp-json\/wp\/v2\/media?parent=808"}],"curies":[{"name":"wp","href":"https:\/\/api.w.org\/{rel}","templated":true}]}}