{"id":3374,"date":"2024-02-16T11:41:06","date_gmt":"2024-02-16T10:41:06","guid":{"rendered":"https:\/\/agora.xtec.cat\/cfareus\/?page_id=3374"},"modified":"2024-02-16T11:45:21","modified_gmt":"2024-02-16T10:45:21","slug":"nova-exposicio-lletres-i-fils","status":"publish","type":"page","link":"https:\/\/agora.xtec.cat\/cfareus\/nova-exposicio-lletres-i-fils\/","title":{"rendered":"Nova exposici\u00f3 &#8220;Lletres i fils&#8221;"},"content":{"rendered":"<div dir=\"ltr\">\n<div><span style=\"font-size: 20px; font-family: arial, helvetica, sans-serif;\">Aquest divendres 9 de febrer s\u2019ha dut a terme la inauguraci\u00f3 de l\u2019exposici\u00f3 \u00abLletres i fils\u00bb de l\u2019alumna del centre Joana Gilavert Chort\u00f3. <\/span><span style=\"font-size: 20px; font-family: arial, helvetica, sans-serif;\">La seva obra elaborada minuciosament al llarg de tota una vida queda plasmada en una s\u00e8rie de quadres que emmarquen un reguitzell de variats abecedaris enfilats amb la t\u00e8cnica del punt de creu. El Llu\u00eds Miquel Vall\u00e8s, secretari, i la Marisol Virgili, coordinadora LIC, han presentat la inauguraci\u00f3.<\/span><\/div>\n<div><\/div>\n<div><span style=\"font-size: 20px; font-family: arial, helvetica, sans-serif;\">Seguidament, el p\u00fablic assistent ha compartit un refrigeri ofert pel centre. El Centre celebra la participaci\u00f3 de l\u2019alumnat en aquesta iniciativa art\u00edstica, transversal i cohesionadora.<\/span><\/div>\n<\/div>\n<div><\/div>\n<div dir=\"ltr\">\n<div><\/div>\n<\/div>\n<div><a href=\"https:\/\/agora.xtec.cat\/cfareus\/wp-content\/uploads\/usu1320\/2024\/02\/WhatsApp-Image-2024-02-09-at-11.07.06.jpeg\"><img loading=\"lazy\" decoding=\"async\" class=\"aligncenter size-full wp-image-3387\" src=\"https:\/\/agora.xtec.cat\/cfareus\/wp-content\/uploads\/usu1320\/2024\/02\/WhatsApp-Image-2024-02-09-at-11.07.06.jpeg\" alt=\"\" width=\"1600\" height=\"901\" srcset=\"https:\/\/agora.xtec.cat\/cfareus\/wp-content\/uploads\/usu1320\/2024\/02\/WhatsApp-Image-2024-02-09-at-11.07.06.jpeg 1600w, https:\/\/agora.xtec.cat\/cfareus\/wp-content\/uploads\/usu1320\/2024\/02\/WhatsApp-Image-2024-02-09-at-11.07.06-300x169.jpeg 300w, https:\/\/agora.xtec.cat\/cfareus\/wp-content\/uploads\/usu1320\/2024\/02\/WhatsApp-Image-2024-02-09-at-11.07.06-1024x577.jpeg 1024w, https:\/\/agora.xtec.cat\/cfareus\/wp-content\/uploads\/usu1320\/2024\/02\/WhatsApp-Image-2024-02-09-at-11.07.06-768x432.jpeg 768w, https:\/\/agora.xtec.cat\/cfareus\/wp-content\/uploads\/usu1320\/2024\/02\/WhatsApp-Image-2024-02-09-at-11.07.06-1536x865.jpeg 1536w\" sizes=\"auto, (max-width: 1600px) 100vw, 1600px\" \/><\/a><\/div>\n","protected":false},"excerpt":{"rendered":"<p>Aquest divendres 9 de febrer s\u2019ha dut a terme la inauguraci\u00f3 de l\u2019exposici\u00f3 \u00abLletres i fils\u00bb de l\u2019alumna del centre Joana Gilavert Chort\u00f3. La seva obra elaborada minuciosament al llarg de tota una vida queda plasmada en una s\u00e8rie de quadres que emmarquen un reguitzell&hellip;  <a href=\"https:\/\/agora.xtec.cat\/cfareus\/nova-exposicio-lletres-i-fils\/\" title=\"Read Nova exposici\u00f3 &#8220;Lletres i fils&#8221;\">Llegeix m\u00e9s\u00bb<\/a><\/p>\n","protected":false},"author":1,"featured_media":0,"parent":0,"menu_order":0,"comment_status":"closed","ping_status":"closed","template":"","meta":{"_bbp_topic_count":0,"_bbp_reply_count":0,"_bbp_total_topic_count":0,"_bbp_total_reply_count":0,"_bbp_voice_count":0,"_bbp_anonymous_reply_count":0,"_bbp_topic_count_hidden":0,"_bbp_reply_count_hidden":0,"_bbp_forum_subforum_count":0,"footnotes":""},"class_list":["post-3374","page","type-page","status-publish","hentry"],"post_mailing_queue_ids":[],"_links":{"self":[{"href":"https:\/\/agora.xtec.cat\/cfareus\/wp-json\/wp\/v2\/pages\/3374","targetHints":{"allow":["GET"]}}],"collection":[{"href":"https:\/\/agora.xtec.cat\/cfareus\/wp-json\/wp\/v2\/pages"}],"about":[{"href":"https:\/\/agora.xtec.cat\/cfareus\/wp-json\/wp\/v2\/types\/page"}],"author":[{"embeddable":true,"href":"https:\/\/agora.xtec.cat\/cfareus\/wp-json\/wp\/v2\/users\/1"}],"replies":[{"embeddable":true,"href":"https:\/\/agora.xtec.cat\/cfareus\/wp-json\/wp\/v2\/comments?post=3374"}],"version-history":[{"count":3,"href":"https:\/\/agora.xtec.cat\/cfareus\/wp-json\/wp\/v2\/pages\/3374\/revisions"}],"predecessor-version":[{"id":3386,"href":"https:\/\/agora.xtec.cat\/cfareus\/wp-json\/wp\/v2\/pages\/3374\/revisions\/3386"}],"wp:attachment":[{"href":"https:\/\/agora.xtec.cat\/cfareus\/wp-json\/wp\/v2\/media?parent=3374"}],"curies":[{"name":"wp","href":"https:\/\/api.w.org\/{rel}","templated":true}]}}