{"id":3220,"date":"2023-10-06T14:00:38","date_gmt":"2023-10-06T12:00:38","guid":{"rendered":"https:\/\/agora.xtec.cat\/cfareus\/?page_id=3220"},"modified":"2023-10-05T18:25:12","modified_gmt":"2023-10-05T16:25:12","slug":"llico-inaugural-curs-2022-2023","status":"publish","type":"page","link":"https:\/\/agora.xtec.cat\/cfareus\/llico-inaugural-curs-2022-2023\/","title":{"rendered":"Lli\u00e7o inaugural curs 2022-2023."},"content":{"rendered":"<p><em>Reus, 6 d&#8217;octubre de 2023<\/em> &#8211; Avui, a les 11:30 hores, la ciutat de Reus s&#8217;ha vestit de gala per acollir l&#8217;acte inaugural del curs 2023-2024 al Centre C\u00edvic Migjorn. Aquesta celebraci\u00f3 especial ha estat marcada per la lli\u00e7\u00f3 inaugural que ha portat el nom d&#8217;un dels seus fills m\u00e9s il\u00b7lustres, Xavier Amor\u00f3s, en una jornada que ha posat de manifest la import\u00e0ncia de la literatura i la cultura en aquesta ciutat.<\/p>\n<p>L&#8217;acte inaugural ha estat dirigit per l&#8217;escriptora i fil\u00f2loga M. Llu\u00efsa Amor\u00f3s, qui \u00e9s filla de Xavier Amor\u00f3s, i ha comptat amb la participaci\u00f3 destacada dels rapsodes Salvador For\u00e8s i Ramon T\u00e0pias. El t\u00edtol de l&#8217;esdeveniment, &#8220;El m\u00f3n literari de Xavier Amor\u00f3s. Reus 1923-2022&#8221;, ha estat un homenatge a aquest reconegut escriptor, poeta i pensador que va deixar un llegat inestimable a la cultura de Reus i de Catalunya en general.<\/p>\n<p>L&#8217;esdeveniment ha congregat una \u00e0mplia audi\u00e8ncia, incloent-hi amants de la literatura, estudiants, acad\u00e8mics i amics de la fam\u00edlia Amor\u00f3s. La lli\u00e7\u00f3 inaugural de M. Llu\u00efsa Amor\u00f3s ha estat un recorregut apassionat per la vida i obra de Xavier Amor\u00f3s, destacant la seva contribuci\u00f3 a la literatura i la seva influ\u00e8ncia en la identitat cultural de Reus. Amor\u00f3s ha subratllat la import\u00e0ncia de preservar i difondre la rica her\u00e8ncia liter\u00e0ria de la ciutat i ha exhortat els joves a continuar aquest llegat.<\/p>\n<p>Seguint la lli\u00e7\u00f3, Salvador For\u00e8s i Ramon T\u00e0pias han ofert una interpretaci\u00f3 po\u00e8tica de les obres m\u00e9s emblem\u00e0tiques de Xavier Amor\u00f3s. Amb la seva eloqu\u00e8ncia i passi\u00f3, han transportat l&#8217;audi\u00e8ncia a trav\u00e9s de les paraules i les emocions que Amor\u00f3s va plasmar en les seves obres, oferint una visi\u00f3 v\u00edvida del seu m\u00f3n literari.<\/p>\n<p>L&#8217;acte inaugural tamb\u00e9 ha estat una oportunitat per compartir an\u00e8cdotes i records personals sobre Xavier Amor\u00f3s, recordant la seva humilitat i amor per la cultura. La fam\u00edlia Amor\u00f3s s&#8217;ha mostrat agra\u00efda per la participaci\u00f3 de la comunitat en aquesta celebraci\u00f3 tan especial.<\/p>\n<p>En resum, l&#8217;acte inaugural del curs 2023-2024 al Centre C\u00edvic Migjorn ha estat una jornada que ha enaltit la figura de Xavier Amor\u00f3s i la seva contribuci\u00f3 a la literatura i la cultura reusenca. Ha estat una ocasi\u00f3 per reflexionar sobre la import\u00e0ncia de la preservaci\u00f3 de la her\u00e8ncia liter\u00e0ria i per inspirar les futures generacions d&#8217;escriptors i amants de la cultura a continuar amb la seva tasca. Xavier Amor\u00f3s, tot i haver-nos deixat f\u00edsicament l&#8217;any anterior, segueix viu a trav\u00e9s de les seves paraules i el seu llegat que perdura a Reus i arreu de Catalunya.<\/p>\n","protected":false},"excerpt":{"rendered":"<p>Reus, 6 d&#8217;octubre de 2023 &#8211; Avui, a les 11:30 hores, la ciutat de Reus s&#8217;ha vestit de gala per acollir l&#8217;acte inaugural del curs 2023-2024 al Centre C\u00edvic Migjorn. Aquesta celebraci\u00f3 especial ha estat marcada per la lli\u00e7\u00f3 inaugural que ha portat el nom&hellip;  <a href=\"https:\/\/agora.xtec.cat\/cfareus\/llico-inaugural-curs-2022-2023\/\" title=\"Read Lli\u00e7o inaugural curs 2022-2023.\">Llegeix m\u00e9s\u00bb<\/a><\/p>\n","protected":false},"author":1,"featured_media":0,"parent":0,"menu_order":0,"comment_status":"closed","ping_status":"closed","template":"page-templates\/front-page.php","meta":{"_bbp_topic_count":0,"_bbp_reply_count":0,"_bbp_total_topic_count":0,"_bbp_total_reply_count":0,"_bbp_voice_count":0,"_bbp_anonymous_reply_count":0,"_bbp_topic_count_hidden":0,"_bbp_reply_count_hidden":0,"_bbp_forum_subforum_count":0,"footnotes":""},"class_list":["post-3220","page","type-page","status-publish","hentry"],"post_mailing_queue_ids":[],"_links":{"self":[{"href":"https:\/\/agora.xtec.cat\/cfareus\/wp-json\/wp\/v2\/pages\/3220","targetHints":{"allow":["GET"]}}],"collection":[{"href":"https:\/\/agora.xtec.cat\/cfareus\/wp-json\/wp\/v2\/pages"}],"about":[{"href":"https:\/\/agora.xtec.cat\/cfareus\/wp-json\/wp\/v2\/types\/page"}],"author":[{"embeddable":true,"href":"https:\/\/agora.xtec.cat\/cfareus\/wp-json\/wp\/v2\/users\/1"}],"replies":[{"embeddable":true,"href":"https:\/\/agora.xtec.cat\/cfareus\/wp-json\/wp\/v2\/comments?post=3220"}],"version-history":[{"count":3,"href":"https:\/\/agora.xtec.cat\/cfareus\/wp-json\/wp\/v2\/pages\/3220\/revisions"}],"predecessor-version":[{"id":3223,"href":"https:\/\/agora.xtec.cat\/cfareus\/wp-json\/wp\/v2\/pages\/3220\/revisions\/3223"}],"wp:attachment":[{"href":"https:\/\/agora.xtec.cat\/cfareus\/wp-json\/wp\/v2\/media?parent=3220"}],"curies":[{"name":"wp","href":"https:\/\/api.w.org\/{rel}","templated":true}]}}