{"id":312,"date":"2015-01-28T11:32:38","date_gmt":"2015-01-28T10:32:38","guid":{"rendered":"http:\/\/agora.xtec.cat\/cfamaspelli\/?page_id=312"},"modified":"2022-05-31T15:20:34","modified_gmt":"2022-05-31T13:20:34","slug":"llengua-anglesa","status":"publish","type":"page","link":"https:\/\/agora.xtec.cat\/cfareus\/ensenyaments\/ensenyaments-transprofessionals\/llengua-anglesa\/","title":{"rendered":"Llengua anglesa"},"content":{"rendered":"<p><a href=\"https:\/\/agora.xtec.cat\/cfareus\/wp-content\/uploads\/usu1320\/2022\/05\/angles-2.png\"><img loading=\"lazy\" decoding=\"async\" class=\"aligncenter size-full wp-image-2254\" src=\"https:\/\/agora.xtec.cat\/cfareus\/wp-content\/uploads\/usu1320\/2022\/05\/angles-2.png\" alt=\"\" width=\"967\" height=\"162\" srcset=\"https:\/\/agora.xtec.cat\/cfareus\/wp-content\/uploads\/usu1320\/2022\/05\/angles-2.png 967w, https:\/\/agora.xtec.cat\/cfareus\/wp-content\/uploads\/usu1320\/2022\/05\/angles-2-300x50.png 300w, https:\/\/agora.xtec.cat\/cfareus\/wp-content\/uploads\/usu1320\/2022\/05\/angles-2-768x129.png 768w\" sizes=\"auto, (max-width: 967px) 100vw, 967px\" \/><\/a><\/p>\n<p>En els <strong>tres nivells<\/strong> es treballen les habilitats de comprensi\u00f3 i expressi\u00f3 orals i escrites que permeten fer front a la major part de situacions ling\u00fc\u00edstiques de la vida quotidiana i comunicar-se de forma b\u00e0sica en un entorn pluriling\u00fce i multicultural.<\/p>\n<p>El <strong>nivell 1<\/strong> correspon al nivell d&#8217;usuari <strong>b\u00e0sic A1<\/strong>, d&#8217;acord amb els nivells\u00a0 comuns de refer\u00e8ncia del Marc europeu com\u00fa de refer\u00e8ncia per a les lleng\u00fces (MECR).<\/p>\n<p>Els <strong>nivells 2 i 3<\/strong> corresponen al nivell d&#8217;usuari b\u00e0sic <strong>A2.1<\/strong> i al nivell d&#8217;usuari b\u00e0sic <strong>A2.2<\/strong> respectivament, d&#8217;acord amb els nivells\u00a0 comuns de refer\u00e8ncia del Marc europeu com\u00fa de refer\u00e8ncia per a les lleng\u00fces (MECR).<\/p>\n<p>&nbsp;<\/p>\n","protected":false},"excerpt":{"rendered":"<p><a href=\"https:\/\/agora.xtec.cat\/cfareus\/wp-content\/uploads\/usu1320\/2022\/05\/angles-2.png\"><\/a><br \/>\nEn els tres nivells es treballen les habilitats de comprensi\u00f3 i expressi\u00f3 orals i escrites que permeten fer front a la major part de situacions ling\u00fc\u00edstiques de la vida quotidiana i comunicar-se de forma b\u00e0sica en un entorn pluriling\u00fce i multicultural.<br \/>\nEl nivell 1 correspon&hellip;  <a href=\"https:\/\/agora.xtec.cat\/cfareus\/ensenyaments\/ensenyaments-transprofessionals\/llengua-anglesa\/\" title=\"Read Llengua anglesa\">Llegeix m\u00e9s\u00bb<\/a><\/p>\n","protected":false},"author":1,"featured_media":0,"parent":286,"menu_order":0,"comment_status":"closed","ping_status":"closed","template":"page-templates\/side-menu.php","meta":{"_bbp_topic_count":0,"_bbp_reply_count":0,"_bbp_total_topic_count":0,"_bbp_total_reply_count":0,"_bbp_voice_count":0,"_bbp_anonymous_reply_count":0,"_bbp_topic_count_hidden":0,"_bbp_reply_count_hidden":0,"_bbp_forum_subforum_count":0,"footnotes":""},"class_list":["post-312","page","type-page","status-publish","hentry"],"post_mailing_queue_ids":[],"_links":{"self":[{"href":"https:\/\/agora.xtec.cat\/cfareus\/wp-json\/wp\/v2\/pages\/312","targetHints":{"allow":["GET"]}}],"collection":[{"href":"https:\/\/agora.xtec.cat\/cfareus\/wp-json\/wp\/v2\/pages"}],"about":[{"href":"https:\/\/agora.xtec.cat\/cfareus\/wp-json\/wp\/v2\/types\/page"}],"author":[{"embeddable":true,"href":"https:\/\/agora.xtec.cat\/cfareus\/wp-json\/wp\/v2\/users\/1"}],"replies":[{"embeddable":true,"href":"https:\/\/agora.xtec.cat\/cfareus\/wp-json\/wp\/v2\/comments?post=312"}],"version-history":[{"count":3,"href":"https:\/\/agora.xtec.cat\/cfareus\/wp-json\/wp\/v2\/pages\/312\/revisions"}],"predecessor-version":[{"id":2283,"href":"https:\/\/agora.xtec.cat\/cfareus\/wp-json\/wp\/v2\/pages\/312\/revisions\/2283"}],"up":[{"embeddable":true,"href":"https:\/\/agora.xtec.cat\/cfareus\/wp-json\/wp\/v2\/pages\/286"}],"wp:attachment":[{"href":"https:\/\/agora.xtec.cat\/cfareus\/wp-json\/wp\/v2\/media?parent=312"}],"curies":[{"name":"wp","href":"https:\/\/api.w.org\/{rel}","templated":true}]}}