{"id":299,"date":"2015-01-28T11:21:22","date_gmt":"2015-01-28T10:21:22","guid":{"rendered":"http:\/\/agora.xtec.cat\/cfamaspelli\/?page_id=299"},"modified":"2022-05-24T19:17:38","modified_gmt":"2022-05-24T17:17:38","slug":"llengua-castellana","status":"publish","type":"page","link":"https:\/\/agora.xtec.cat\/cfareus\/ensenyaments\/ensenyaments-inicials-i-formacio-basica\/llengua-castellana\/","title":{"rendered":"Llengua castellana"},"content":{"rendered":"<p><a href=\"https:\/\/agora.xtec.cat\/cfareus\/wp-content\/uploads\/usu1320\/2022\/05\/castellana.png\"><img loading=\"lazy\" decoding=\"async\" class=\"aligncenter size-full wp-image-2247\" src=\"https:\/\/agora.xtec.cat\/cfareus\/wp-content\/uploads\/usu1320\/2022\/05\/castellana.png\" alt=\"\" width=\"961\" height=\"164\" srcset=\"https:\/\/agora.xtec.cat\/cfareus\/wp-content\/uploads\/usu1320\/2022\/05\/castellana.png 961w, https:\/\/agora.xtec.cat\/cfareus\/wp-content\/uploads\/usu1320\/2022\/05\/castellana-300x51.png 300w, https:\/\/agora.xtec.cat\/cfareus\/wp-content\/uploads\/usu1320\/2022\/05\/castellana-768x131.png 768w\" sizes=\"auto, (max-width: 961px) 100vw, 961px\" \/><\/a><\/p>\n<p>Aquests estudis tenen com a objectiu que les persones adultes assoleixin un grau de compet\u00e8ncia b\u00e0sica per a comunicar-se en llengua castellana i s&#8217;imparteixen en tres nivells: llengua castellana<strong> nivell 1<\/strong>, <strong>2<\/strong> i <strong>3<\/strong>, que corresponen als nivells A1, A2 i B1 del MECR (Marc europeu com\u00fa de refer\u00e8ncia per a les lleng\u00fces).<\/p>\n","protected":false},"excerpt":{"rendered":"<p><a href=\"https:\/\/agora.xtec.cat\/cfareus\/wp-content\/uploads\/usu1320\/2022\/05\/castellana.png\"><\/a><br \/>\nAquests estudis tenen com a objectiu que les persones adultes assoleixin un grau de compet\u00e8ncia b\u00e0sica per a comunicar-se en llengua castellana i s&#8217;imparteixen en tres nivells: llengua castellana nivell 1, 2 i 3, que corresponen als nivells A1, A2 i B1 del MECR&hellip;  <a href=\"https:\/\/agora.xtec.cat\/cfareus\/ensenyaments\/ensenyaments-inicials-i-formacio-basica\/llengua-castellana\/\" title=\"Read Llengua castellana\">Llegeix m\u00e9s\u00bb<\/a><\/p>\n","protected":false},"author":1,"featured_media":0,"parent":283,"menu_order":0,"comment_status":"closed","ping_status":"closed","template":"page-templates\/side-menu.php","meta":{"_bbp_topic_count":0,"_bbp_reply_count":0,"_bbp_total_topic_count":0,"_bbp_total_reply_count":0,"_bbp_voice_count":0,"_bbp_anonymous_reply_count":0,"_bbp_topic_count_hidden":0,"_bbp_reply_count_hidden":0,"_bbp_forum_subforum_count":0,"footnotes":""},"class_list":["post-299","page","type-page","status-publish","hentry"],"post_mailing_queue_ids":[],"_links":{"self":[{"href":"https:\/\/agora.xtec.cat\/cfareus\/wp-json\/wp\/v2\/pages\/299","targetHints":{"allow":["GET"]}}],"collection":[{"href":"https:\/\/agora.xtec.cat\/cfareus\/wp-json\/wp\/v2\/pages"}],"about":[{"href":"https:\/\/agora.xtec.cat\/cfareus\/wp-json\/wp\/v2\/types\/page"}],"author":[{"embeddable":true,"href":"https:\/\/agora.xtec.cat\/cfareus\/wp-json\/wp\/v2\/users\/1"}],"replies":[{"embeddable":true,"href":"https:\/\/agora.xtec.cat\/cfareus\/wp-json\/wp\/v2\/comments?post=299"}],"version-history":[{"count":4,"href":"https:\/\/agora.xtec.cat\/cfareus\/wp-json\/wp\/v2\/pages\/299\/revisions"}],"predecessor-version":[{"id":2251,"href":"https:\/\/agora.xtec.cat\/cfareus\/wp-json\/wp\/v2\/pages\/299\/revisions\/2251"}],"up":[{"embeddable":true,"href":"https:\/\/agora.xtec.cat\/cfareus\/wp-json\/wp\/v2\/pages\/283"}],"wp:attachment":[{"href":"https:\/\/agora.xtec.cat\/cfareus\/wp-json\/wp\/v2\/media?parent=299"}],"curies":[{"name":"wp","href":"https:\/\/api.w.org\/{rel}","templated":true}]}}